{"id":60108,"date":"2025-11-28T16:15:50","date_gmt":"2025-11-28T15:15:50","guid":{"rendered":"https:\/\/www.epicerie-lasource.org\/magasin\/?post_type=product&#038;p=60108"},"modified":"2026-04-08T19:57:34","modified_gmt":"2026-04-08T17:57:34","slug":"vrac-sesame-decortique-bio-au-choix-markal","status":"publish","type":"product","link":"https:\/\/www.epicerie-lasource.org\/magasin\/produit\/vrac-sesame-decortique-bio-au-choix-markal\/","title":{"rendered":"Vrac- S\u00e9same d\u00e9cortiqu\u00e9 Bio Au choix &#8211; Markal"},"content":{"rendered":"","protected":false},"excerpt":{"rendered":"<p>Avec leur agr\u00e9able go\u00fbt de noisette, les graines de s\u00e9same complet grill\u00e9 peuvent se glisser dans de multiples pr\u00e9parations sous forme de pur\u00e9e \u00ab tahin \u00bb pour assaisonner les sauces, salades, plats et desserts, sur les pains, les biscuits et confiseries.<\/p>\n<h2 class=\"titre5 text-quaternary\">Ingr\u00e9dients<\/h2>\n<p>Graines de s\u00e9same blond biologiques<\/p>\n<h2 class=\"titre5 text-quaternary\">Conseils d&rsquo;utilisation<\/h2>\n<p>A d\u00e9guster nature ou toast\u00e9. Traditionnellement utilis\u00e9 pour la conception du \u00ab tahin \u00bb (pur\u00e9e de s\u00e9same) et du \u00ab gomasio \u00bb (condiment associant sel et s\u00e9same), le s\u00e9same d\u00e9cortiqu\u00e9, au l\u00e9ger go\u00fbt noisette, se glissera dans de nombreuses pr\u00e9parations : sauces, salades, plats cuisin\u00e9s, pains, confiseries et p\u00e2tisseries. A conserver dans un endroit frais, sec et \u00e0 l&rsquo;abri de la lumi\u00e8re.<\/p>\n<h2 class=\"titre5 text-quaternary\">Allerg\u00e8nes<\/h2>\n<p>S\u00e9same<\/p>\n","protected":false},"featured_media":61436,"comment_status":"closed","ping_status":"closed","template":"","meta":[],"product_cat":[715,652,63,705,702],"product_tag":[],"supplier_id":null,"supplier_sku":"","atum_controlled":true,"out_stock_date":null,"out_stock_threshold":null,"inheritable":true,"inbound_stock":null,"stock_on_hold":0,"sold_today":0,"sales_last_days":1,"out_stock_days":0,"lost_sales":0,"has_location":false,"update_date":"2026-05-04T22:30:30","atum_locations":[],"atum_stock_status":"instock","restock_status":false,"low_stock_amount":1,"sales_update_date":"2026-05-04T22:30:30","calc_backorders":0,"_links":{"self":[{"href":"https:\/\/www.epicerie-lasource.org\/magasin\/wp-json\/wp\/v2\/product\/60108"}],"collection":[{"href":"https:\/\/www.epicerie-lasource.org\/magasin\/wp-json\/wp\/v2\/product"}],"about":[{"href":"https:\/\/www.epicerie-lasource.org\/magasin\/wp-json\/wp\/v2\/types\/product"}],"replies":[{"embeddable":true,"href":"https:\/\/www.epicerie-lasource.org\/magasin\/wp-json\/wp\/v2\/comments?post=60108"}],"wp:featuredmedia":[{"embeddable":true,"href":"https:\/\/www.epicerie-lasource.org\/magasin\/wp-json\/wp\/v2\/media\/61436"}],"wp:attachment":[{"href":"https:\/\/www.epicerie-lasource.org\/magasin\/wp-json\/wp\/v2\/media?parent=60108"}],"wp:term":[{"taxonomy":"product_cat","embeddable":true,"href":"https:\/\/www.epicerie-lasource.org\/magasin\/wp-json\/wp\/v2\/product_cat?post=60108"},{"taxonomy":"product_tag","embeddable":true,"href":"https:\/\/www.epicerie-lasource.org\/magasin\/wp-json\/wp\/v2\/product_tag?post=60108"}],"curies":[{"name":"wp","href":"https:\/\/api.w.org\/{rel}","templated":true}]}}