{"id":59921,"date":"2025-11-21T17:19:34","date_gmt":"2025-11-21T16:19:34","guid":{"rendered":"https:\/\/www.epicerie-lasource.org\/magasin\/?post_type=product&#038;p=59921"},"modified":"2026-02-18T21:03:17","modified_gmt":"2026-02-18T20:03:17","slug":"saucisse-de-morteau-label-rouge-a-la-piece","status":"publish","type":"product","link":"https:\/\/www.epicerie-lasource.org\/magasin\/produit\/saucisse-de-morteau-label-rouge-a-la-piece\/","title":{"rendered":"Saucisse de Morteau 350g Label Rouge \u00e0 la pi\u00e8ce."},"content":{"rendered":"","protected":false},"excerpt":{"rendered":"<p>La saucisse de Morteau est fabriqu\u00e9e avec de la viande de porc, les porcs devant \u00eatre \u00e2g\u00e9s de 182 jours minimum. Le m\u00e9lange de maigre et de gras dur est hach\u00e9 grossi\u00e8rement et malax\u00e9 avec les seuls produits de compl\u00e9ments autoris\u00e9s.<\/p>\n<p>Cette pr\u00e9paration est \u00ab\u00a0emboss\u00e9e\u00a0\u00bb dans un boyau naturel de porc qui est ferm\u00e9 \u00e0 une extr\u00e9mit\u00e9 par une cheville de bois et \u00e0 l&rsquo;autre extr\u00e9mit\u00e9 par une ficelle \u00e9crue sur laquelle est appos\u00e9e une \u00e9tiquette.<\/p>\n<p>Elle est fum\u00e9e de mani\u00e8re naturelle au bois et \u00e0 la sciure de r\u00e9sineux (\u00e9pic\u00e9a, sapin et g\u00e9n\u00e9vrier) pendant 48 heures minimum dans la zone de production de la saucisse de Morteau. Elle se reconnait \u00e0 son \u00e9tiquette.<\/p>\n<p>Pi\u00e8ce de 350 g<\/p>\n<p><strong>Prix \u00e0 la pi\u00e8ce<br \/>\n<\/strong><\/p>\n","protected":false},"featured_media":59923,"comment_status":"open","ping_status":"closed","template":"","meta":[],"product_cat":[652,15,688],"product_tag":[],"supplier_id":null,"supplier_sku":"","atum_controlled":true,"out_stock_date":null,"out_stock_threshold":null,"inheritable":false,"inbound_stock":null,"stock_on_hold":1,"sold_today":0,"sales_last_days":0,"out_stock_days":0,"lost_sales":0,"has_location":false,"update_date":"2026-05-05T22:30:14","atum_locations":[],"atum_stock_status":"instock","restock_status":false,"low_stock_amount":"","sales_update_date":"2026-05-05T22:30:14","calc_backorders":null,"_links":{"self":[{"href":"https:\/\/www.epicerie-lasource.org\/magasin\/wp-json\/wp\/v2\/product\/59921"}],"collection":[{"href":"https:\/\/www.epicerie-lasource.org\/magasin\/wp-json\/wp\/v2\/product"}],"about":[{"href":"https:\/\/www.epicerie-lasource.org\/magasin\/wp-json\/wp\/v2\/types\/product"}],"replies":[{"embeddable":true,"href":"https:\/\/www.epicerie-lasource.org\/magasin\/wp-json\/wp\/v2\/comments?post=59921"}],"wp:featuredmedia":[{"embeddable":true,"href":"https:\/\/www.epicerie-lasource.org\/magasin\/wp-json\/wp\/v2\/media\/59923"}],"wp:attachment":[{"href":"https:\/\/www.epicerie-lasource.org\/magasin\/wp-json\/wp\/v2\/media?parent=59921"}],"wp:term":[{"taxonomy":"product_cat","embeddable":true,"href":"https:\/\/www.epicerie-lasource.org\/magasin\/wp-json\/wp\/v2\/product_cat?post=59921"},{"taxonomy":"product_tag","embeddable":true,"href":"https:\/\/www.epicerie-lasource.org\/magasin\/wp-json\/wp\/v2\/product_tag?post=59921"}],"curies":[{"name":"wp","href":"https:\/\/api.w.org\/{rel}","templated":true}]}}