{"id":59870,"date":"2025-11-20T14:34:04","date_gmt":"2025-11-20T13:34:04","guid":{"rendered":"https:\/\/www.epicerie-lasource.org\/magasin\/?post_type=product&#038;p=59870"},"modified":"2025-11-21T11:33:10","modified_gmt":"2025-11-21T10:33:10","slug":"vrac-sel-fin-de-guerande-igp-latelier-du-sel","status":"publish","type":"product","link":"https:\/\/www.epicerie-lasource.org\/magasin\/produit\/vrac-sel-fin-de-guerande-igp-latelier-du-sel\/","title":{"rendered":"Vrac &#8211; Sel Fin de Gu\u00e9rande IGP- L&rsquo;Atelier du Sel"},"content":{"rendered":"","protected":false},"excerpt":{"rendered":"<p><strong>Sel marin gris de table.<br \/>\n<\/strong>Contrairement aux sels raffin\u00e9s, le sel de Gu\u00e9rande est un produit brut qui n\u2019a pas subi de transformation chimique ou de traitement d\u2019ajouts comme le fluor, les nitrites, l\u2019iode ou les agents anti-agglom\u00e9rants.<br \/>\nCe Sel de Gu\u00e9rande s\u2019\u00e9goutte naturellement au soleil. Il se distingue facilement par son parfum floral, ses cristaux g\u00e9om\u00e9triques aux formes anguleuses. C\u2019est une saveur unique qui respecte et rel\u00e8ve le go\u00fbt de toutes vos pr\u00e9parations. C\u2019est le sel des gastronomes et des cuisiniers.<\/p>\n<p><strong>Ingr\u00e9dients :<\/strong> Sel de Gu\u00e9rande IGP<br \/>\n<strong>Conditions de conservation :<\/strong> Au sec \u00e0 l\u2019abri de l\u2019humidit\u00e9<br \/>\n<strong>Labels et mentions :<\/strong> IGP origine France, Gu\u00e9rande<\/p>\n","protected":false},"featured_media":59897,"comment_status":"closed","ping_status":"closed","template":"","meta":[],"product_cat":[715,652,704],"product_tag":[],"supplier_id":null,"supplier_sku":"","atum_controlled":true,"out_stock_date":null,"out_stock_threshold":null,"inheritable":true,"inbound_stock":null,"stock_on_hold":0,"sold_today":0,"sales_last_days":0,"out_stock_days":0,"lost_sales":0,"has_location":false,"update_date":"2026-05-03T22:28:39","atum_locations":[],"atum_stock_status":"instock","restock_status":false,"low_stock_amount":"","sales_update_date":"2026-05-03T22:28:39","calc_backorders":null,"_links":{"self":[{"href":"https:\/\/www.epicerie-lasource.org\/magasin\/wp-json\/wp\/v2\/product\/59870"}],"collection":[{"href":"https:\/\/www.epicerie-lasource.org\/magasin\/wp-json\/wp\/v2\/product"}],"about":[{"href":"https:\/\/www.epicerie-lasource.org\/magasin\/wp-json\/wp\/v2\/types\/product"}],"replies":[{"embeddable":true,"href":"https:\/\/www.epicerie-lasource.org\/magasin\/wp-json\/wp\/v2\/comments?post=59870"}],"wp:featuredmedia":[{"embeddable":true,"href":"https:\/\/www.epicerie-lasource.org\/magasin\/wp-json\/wp\/v2\/media\/59897"}],"wp:attachment":[{"href":"https:\/\/www.epicerie-lasource.org\/magasin\/wp-json\/wp\/v2\/media?parent=59870"}],"wp:term":[{"taxonomy":"product_cat","embeddable":true,"href":"https:\/\/www.epicerie-lasource.org\/magasin\/wp-json\/wp\/v2\/product_cat?post=59870"},{"taxonomy":"product_tag","embeddable":true,"href":"https:\/\/www.epicerie-lasource.org\/magasin\/wp-json\/wp\/v2\/product_tag?post=59870"}],"curies":[{"name":"wp","href":"https:\/\/api.w.org\/{rel}","templated":true}]}}