{"id":59754,"date":"2025-11-19T10:18:54","date_gmt":"2025-11-19T09:18:54","guid":{"rendered":"https:\/\/www.epicerie-lasource.org\/magasin\/?post_type=product&#038;p=59754"},"modified":"2025-11-19T14:33:59","modified_gmt":"2025-11-19T13:33:59","slug":"chocolat-en-poudre-lacte-4-etoiles-monbana-1-kg","status":"publish","type":"product","link":"https:\/\/www.epicerie-lasource.org\/magasin\/produit\/chocolat-en-poudre-lacte-4-etoiles-monbana-1-kg\/","title":{"rendered":"VRAC &#8211; Chocolat en poudre Lact\u00e9 4 \u00e9toiles au choix &#8211; Monbana"},"content":{"rendered":"","protected":false},"excerpt":{"rendered":"<p>Chocolat en poudre 32% DE CACAO minimum fabriqu\u00e9 en France.<\/p>\n<p>\u2022 Une pr\u00e9paration RAPIDE et SIMPLE<\/p>\n<p>Ingr\u00e9dients : Chocolat en poudre 59% (sucre, cacao), lait partiellement \u00e9cr\u00e9m\u00e9 en poudre 19%, lait \u00e9cr\u00e9m\u00e9 en poudre 18%, lactose (lait), antiagglom\u00e9rant : phosphates de calcium, sel, ar\u00f4me. Le chocolat en poudre entrant dans la composition de cette pr\u00e9paration contient 32% de cacao. Traces \u00e9ventuelles de : c\u00e9r\u00e9ales contenant du gluten, soja, \u0153ufs, fruits \u00e0 coque, c\u00e9leri, sulfites.<\/p>\n","protected":false},"featured_media":59762,"comment_status":"closed","ping_status":"closed","template":"","meta":[],"product_cat":[652,691],"product_tag":[],"supplier_id":null,"supplier_sku":"","atum_controlled":true,"out_stock_date":null,"out_stock_threshold":null,"inheritable":true,"inbound_stock":null,"stock_on_hold":0,"sold_today":0,"sales_last_days":0,"out_stock_days":0,"lost_sales":0,"has_location":false,"update_date":"2026-04-29T22:27:17","atum_locations":[],"atum_stock_status":"instock","restock_status":false,"low_stock_amount":"","sales_update_date":"2026-04-29T22:27:17","calc_backorders":null,"_links":{"self":[{"href":"https:\/\/www.epicerie-lasource.org\/magasin\/wp-json\/wp\/v2\/product\/59754"}],"collection":[{"href":"https:\/\/www.epicerie-lasource.org\/magasin\/wp-json\/wp\/v2\/product"}],"about":[{"href":"https:\/\/www.epicerie-lasource.org\/magasin\/wp-json\/wp\/v2\/types\/product"}],"replies":[{"embeddable":true,"href":"https:\/\/www.epicerie-lasource.org\/magasin\/wp-json\/wp\/v2\/comments?post=59754"}],"wp:featuredmedia":[{"embeddable":true,"href":"https:\/\/www.epicerie-lasource.org\/magasin\/wp-json\/wp\/v2\/media\/59762"}],"wp:attachment":[{"href":"https:\/\/www.epicerie-lasource.org\/magasin\/wp-json\/wp\/v2\/media?parent=59754"}],"wp:term":[{"taxonomy":"product_cat","embeddable":true,"href":"https:\/\/www.epicerie-lasource.org\/magasin\/wp-json\/wp\/v2\/product_cat?post=59754"},{"taxonomy":"product_tag","embeddable":true,"href":"https:\/\/www.epicerie-lasource.org\/magasin\/wp-json\/wp\/v2\/product_tag?post=59754"}],"curies":[{"name":"wp","href":"https:\/\/api.w.org\/{rel}","templated":true}]}}