{"id":59524,"date":"2025-11-11T15:42:44","date_gmt":"2025-11-11T14:42:44","guid":{"rendered":"https:\/\/www.epicerie-lasource.org\/magasin\/?post_type=product&#038;p=59524"},"modified":"2025-11-19T10:51:43","modified_gmt":"2025-11-19T09:51:43","slug":"fleur-de-sel-de-guerande-igp-100-gr-vrac-latelier-du-sel","status":"publish","type":"product","link":"https:\/\/www.epicerie-lasource.org\/magasin\/produit\/fleur-de-sel-de-guerande-igp-100-gr-vrac-latelier-du-sel\/","title":{"rendered":"Vrac &#8211; Fleur de sel de Gu\u00e9rande IGP- L&rsquo;Atelier du Sel"},"content":{"rendered":"","protected":false},"excerpt":{"rendered":"<p>Fleur de sel de Gu\u00e9rande IGP vendu en Vrac.<br \/>\nLa Fleur de Sel de Gu\u00e9rande que nous cueillons chaque \u00e9t\u00e9 d\u00e9licatement \u00e0 la surface de l\u2019eau de nos \u0153illets fait l\u2019objet de toute l\u2019attention du cueilleur(se).<br \/>\nLa blancheur et la qualit\u00e9 de la Fleur de Sel d\u00e9pendent de la pr\u00e9cision de son geste.<br \/>\nElle est constitu\u00e9e de fins cristaux blancs et repr\u00e9sente une petite production.<br \/>\nNon broy\u00e9s, non lav\u00e9s, ces cristaux pr\u00e9servent leur richesse naturelle en oligo-\u00e9l\u00e9ments.<br \/>\nLa saveur incomparable de la Fleur de Sel de Gu\u00e9rande, et son fondant, sont particuli\u00e8rement pris\u00e9s des gourmets et chefs cuisiniers \u00e9toil\u00e9s.<\/p>\n","protected":false},"featured_media":59771,"comment_status":"closed","ping_status":"closed","template":"","meta":[],"product_cat":[715,652,704],"product_tag":[],"supplier_id":null,"supplier_sku":"","atum_controlled":true,"out_stock_date":null,"out_stock_threshold":null,"inheritable":true,"inbound_stock":null,"stock_on_hold":0,"sold_today":0,"sales_last_days":0,"out_stock_days":0,"lost_sales":0,"has_location":false,"update_date":"2026-05-03T22:30:34","atum_locations":[],"atum_stock_status":"instock","restock_status":false,"low_stock_amount":"","sales_update_date":"2026-05-03T22:30:34","calc_backorders":null,"_links":{"self":[{"href":"https:\/\/www.epicerie-lasource.org\/magasin\/wp-json\/wp\/v2\/product\/59524"}],"collection":[{"href":"https:\/\/www.epicerie-lasource.org\/magasin\/wp-json\/wp\/v2\/product"}],"about":[{"href":"https:\/\/www.epicerie-lasource.org\/magasin\/wp-json\/wp\/v2\/types\/product"}],"replies":[{"embeddable":true,"href":"https:\/\/www.epicerie-lasource.org\/magasin\/wp-json\/wp\/v2\/comments?post=59524"}],"wp:featuredmedia":[{"embeddable":true,"href":"https:\/\/www.epicerie-lasource.org\/magasin\/wp-json\/wp\/v2\/media\/59771"}],"wp:attachment":[{"href":"https:\/\/www.epicerie-lasource.org\/magasin\/wp-json\/wp\/v2\/media?parent=59524"}],"wp:term":[{"taxonomy":"product_cat","embeddable":true,"href":"https:\/\/www.epicerie-lasource.org\/magasin\/wp-json\/wp\/v2\/product_cat?post=59524"},{"taxonomy":"product_tag","embeddable":true,"href":"https:\/\/www.epicerie-lasource.org\/magasin\/wp-json\/wp\/v2\/product_tag?post=59524"}],"curies":[{"name":"wp","href":"https:\/\/api.w.org\/{rel}","templated":true}]}}