{"id":59432,"date":"2025-11-07T14:47:28","date_gmt":"2025-11-07T13:47:28","guid":{"rendered":"https:\/\/www.epicerie-lasource.org\/magasin\/?post_type=product&#038;p=59432"},"modified":"2025-12-07T13:19:37","modified_gmt":"2025-12-07T12:19:37","slug":"chocolat-au-lait-46-noisettes-15-el-inti-bio-saldac-100g","status":"publish","type":"product","link":"https:\/\/www.epicerie-lasource.org\/magasin\/produit\/chocolat-au-lait-46-noisettes-15-el-inti-bio-saldac-100g\/","title":{"rendered":"Chocolat au lait 46% noisettes 15% El Inti bio &#8211; Saldac &#8211; 100g"},"content":{"rendered":"","protected":false},"excerpt":{"rendered":"<p><strong>Chocolat au lait entier 46 % de cacao, 15 % de noisettes l\u00e9g\u00e9rement grill\u00e9es<\/strong>, f\u00e8ves de la Coop. Pangoa P\u00e9rou, sucre de canne complet du P\u00e9rou (panela), biologique. Un grand cru au lait, mais avec 46 % de cacao pour encore plus de go\u00fbt. Tr\u00e8s fondant et croquant \u00e0 la fois, excellent pour le go\u00fbter des petits et des grands, \u00e9nerg\u00e9tique pour les sportifs.<br \/>\n<strong>V\u00e9ritable chocolat artisanal fabriqu\u00e9 \u00e0 partir de la f\u00e8ve.<\/strong><\/p>\n<p><strong>Ingr\u00e9dients<\/strong>\u00a0: f\u00e8ves de cacao, panela, lait, noisettes 15%, beurre de cacao<\/p>\n<p>&nbsp;<\/p>\n","protected":false},"featured_media":59772,"comment_status":"closed","ping_status":"closed","template":"","meta":[],"product_cat":[652,691],"product_tag":[],"supplier_id":null,"supplier_sku":"","atum_controlled":true,"out_stock_date":null,"out_stock_threshold":null,"inheritable":false,"inbound_stock":null,"stock_on_hold":0,"sold_today":0,"sales_last_days":1,"out_stock_days":0,"lost_sales":0,"has_location":false,"update_date":"2026-04-28T22:22:15","atum_locations":[],"atum_stock_status":"instock","restock_status":false,"low_stock_amount":"","sales_update_date":"2026-04-28T22:22:15","calc_backorders":null,"_links":{"self":[{"href":"https:\/\/www.epicerie-lasource.org\/magasin\/wp-json\/wp\/v2\/product\/59432"}],"collection":[{"href":"https:\/\/www.epicerie-lasource.org\/magasin\/wp-json\/wp\/v2\/product"}],"about":[{"href":"https:\/\/www.epicerie-lasource.org\/magasin\/wp-json\/wp\/v2\/types\/product"}],"replies":[{"embeddable":true,"href":"https:\/\/www.epicerie-lasource.org\/magasin\/wp-json\/wp\/v2\/comments?post=59432"}],"wp:featuredmedia":[{"embeddable":true,"href":"https:\/\/www.epicerie-lasource.org\/magasin\/wp-json\/wp\/v2\/media\/59772"}],"wp:attachment":[{"href":"https:\/\/www.epicerie-lasource.org\/magasin\/wp-json\/wp\/v2\/media?parent=59432"}],"wp:term":[{"taxonomy":"product_cat","embeddable":true,"href":"https:\/\/www.epicerie-lasource.org\/magasin\/wp-json\/wp\/v2\/product_cat?post=59432"},{"taxonomy":"product_tag","embeddable":true,"href":"https:\/\/www.epicerie-lasource.org\/magasin\/wp-json\/wp\/v2\/product_tag?post=59432"}],"curies":[{"name":"wp","href":"https:\/\/api.w.org\/{rel}","templated":true}]}}