{"id":59347,"date":"2025-11-05T12:22:10","date_gmt":"2025-11-05T11:22:10","guid":{"rendered":"https:\/\/www.epicerie-lasource.org\/magasin\/?post_type=product&#038;p=59347"},"modified":"2026-05-05T18:13:32","modified_gmt":"2026-05-05T16:13:32","slug":"pain-aux-noix-campagne-aux-noix-de-farine-et-deau-fraiche","status":"publish","type":"product","link":"https:\/\/www.epicerie-lasource.org\/magasin\/produit\/pain-aux-noix-campagne-aux-noix-de-farine-et-deau-fraiche\/","title":{"rendered":"Pain de Campagne aux noix &#8211; De farine et d&rsquo;eau fra\u00eeche"},"content":{"rendered":"<p><strong>A COMMANDER LE LUNDI AVANT 22 HEURES<\/strong><\/p>\n","protected":false},"excerpt":{"rendered":"<p>Pain au noix venant de la boulangerie De farine et d&rsquo;eau fraiche \u00e0 Gravelines<br \/>\n<strong>A COMMANDER LE LUNDI AVANT 22 HEURES<br \/>\n<\/strong>Ferment\u00e9 au levain, ce pain de campagne est compos\u00e9 de 3 farines de bl\u00e9 et seigle semi-compl\u00e8tes, moulues sur meule de pierre.<br \/>\nLes noix colorent naturellement le pain et donnent beaucoup de go\u00fbt, parfums, et nutriments !<br \/>\nSi vous savez y r\u00e9sister, vous pourrez le conserver entre 4 et 8 jours dans un sac en coton.<br \/>\nTartinez un peu de beurre dessus, et vous fonderez sur place tellement c\u2019est gourmand !<\/p>\n","protected":false},"featured_media":59863,"comment_status":"closed","ping_status":"closed","template":"","meta":[],"product_cat":[156,652],"product_tag":[],"supplier_id":null,"supplier_sku":"","atum_controlled":true,"out_stock_date":null,"out_stock_threshold":null,"inheritable":true,"inbound_stock":null,"stock_on_hold":0,"sold_today":0,"sales_last_days":1,"out_stock_days":0,"lost_sales":0,"has_location":false,"update_date":"2026-05-05T14:13:32","atum_locations":[],"atum_stock_status":"instock","restock_status":false,"low_stock_amount":"","sales_update_date":"2026-05-04T22:30:50","calc_backorders":null,"_links":{"self":[{"href":"https:\/\/www.epicerie-lasource.org\/magasin\/wp-json\/wp\/v2\/product\/59347"}],"collection":[{"href":"https:\/\/www.epicerie-lasource.org\/magasin\/wp-json\/wp\/v2\/product"}],"about":[{"href":"https:\/\/www.epicerie-lasource.org\/magasin\/wp-json\/wp\/v2\/types\/product"}],"replies":[{"embeddable":true,"href":"https:\/\/www.epicerie-lasource.org\/magasin\/wp-json\/wp\/v2\/comments?post=59347"}],"wp:featuredmedia":[{"embeddable":true,"href":"https:\/\/www.epicerie-lasource.org\/magasin\/wp-json\/wp\/v2\/media\/59863"}],"wp:attachment":[{"href":"https:\/\/www.epicerie-lasource.org\/magasin\/wp-json\/wp\/v2\/media?parent=59347"}],"wp:term":[{"taxonomy":"product_cat","embeddable":true,"href":"https:\/\/www.epicerie-lasource.org\/magasin\/wp-json\/wp\/v2\/product_cat?post=59347"},{"taxonomy":"product_tag","embeddable":true,"href":"https:\/\/www.epicerie-lasource.org\/magasin\/wp-json\/wp\/v2\/product_tag?post=59347"}],"curies":[{"name":"wp","href":"https:\/\/api.w.org\/{rel}","templated":true}]}}