{"id":59345,"date":"2025-11-05T12:04:02","date_gmt":"2025-11-05T11:04:02","guid":{"rendered":"https:\/\/www.epicerie-lasource.org\/magasin\/?post_type=product&#038;p=59345"},"modified":"2026-01-15T15:10:13","modified_gmt":"2026-01-15T14:10:13","slug":"confiture-rhubarbe-haut-de-france-pot-315g","status":"publish","type":"product","link":"https:\/\/www.epicerie-lasource.org\/magasin\/produit\/confiture-rhubarbe-haut-de-france-pot-315g\/","title":{"rendered":"Confiture de rhubarbe des Haut de France 315g"},"content":{"rendered":"","protected":false},"excerpt":{"rendered":"<p>\u00ab\u00a0Ingr\u00e9dients :<br \/>\nRhubarbe des Hauts-de-France, sucre de canne, g\u00e9lifiant : pectines, acidifiant : acide citrique.<\/p>\n<p>Mode de conservation :<br \/>\nA conserver \u00e0 temp\u00e9rature ambiante, \u00e0 l&rsquo;abri de la chaleur et de l&rsquo;humidit\u00e9 avant ouverture.<\/p>\n","protected":false},"featured_media":59864,"comment_status":"closed","ping_status":"closed","template":"","meta":[],"product_cat":[652,697],"product_tag":[],"supplier_id":null,"supplier_sku":"","atum_controlled":true,"out_stock_date":null,"out_stock_threshold":null,"inheritable":false,"inbound_stock":null,"stock_on_hold":0,"sold_today":0,"sales_last_days":0,"out_stock_days":0,"lost_sales":0,"has_location":false,"update_date":"2026-05-07T22:29:55","atum_locations":[],"atum_stock_status":"instock","restock_status":false,"low_stock_amount":"","sales_update_date":"2026-05-07T22:29:55","calc_backorders":null,"_links":{"self":[{"href":"https:\/\/www.epicerie-lasource.org\/magasin\/wp-json\/wp\/v2\/product\/59345"}],"collection":[{"href":"https:\/\/www.epicerie-lasource.org\/magasin\/wp-json\/wp\/v2\/product"}],"about":[{"href":"https:\/\/www.epicerie-lasource.org\/magasin\/wp-json\/wp\/v2\/types\/product"}],"replies":[{"embeddable":true,"href":"https:\/\/www.epicerie-lasource.org\/magasin\/wp-json\/wp\/v2\/comments?post=59345"}],"wp:featuredmedia":[{"embeddable":true,"href":"https:\/\/www.epicerie-lasource.org\/magasin\/wp-json\/wp\/v2\/media\/59864"}],"wp:attachment":[{"href":"https:\/\/www.epicerie-lasource.org\/magasin\/wp-json\/wp\/v2\/media?parent=59345"}],"wp:term":[{"taxonomy":"product_cat","embeddable":true,"href":"https:\/\/www.epicerie-lasource.org\/magasin\/wp-json\/wp\/v2\/product_cat?post=59345"},{"taxonomy":"product_tag","embeddable":true,"href":"https:\/\/www.epicerie-lasource.org\/magasin\/wp-json\/wp\/v2\/product_tag?post=59345"}],"curies":[{"name":"wp","href":"https:\/\/api.w.org\/{rel}","templated":true}]}}