{"id":59343,"date":"2025-11-05T11:57:41","date_gmt":"2025-11-05T10:57:41","guid":{"rendered":"https:\/\/www.epicerie-lasource.org\/magasin\/?post_type=product&#038;p=59343"},"modified":"2026-01-21T10:35:23","modified_gmt":"2026-01-21T09:35:23","slug":"confiture-de-fraises-de-dordogne-pot-315g","status":"publish","type":"product","link":"https:\/\/www.epicerie-lasource.org\/magasin\/produit\/confiture-de-fraises-de-dordogne-pot-315g\/","title":{"rendered":"Confiture de fraises de Dordogne pot 315g"},"content":{"rendered":"<div class=\"medium-4 small-12 columns\">\n<div id=\"image_box_front\" class=\"image_box\"><\/div>\n<\/div>\n<div class=\"medium-8 small-12 columns\">\n<p id=\"field_countries\">\n<\/div>\n","protected":false},"excerpt":{"rendered":"<h2 class=\"title-1\">Confiture de fraises de Dordogne \u2013 Les P&rsquo;tites Tartines \u2013 315\u00a0g<\/h2>\n<div id=\"barcode_div\">\n<div id=\"barcode_div_code\">\n<p id=\"barcode_paragraph\">Code-barres:<br id=\"barcode_br\" \/><span id=\"barcode\">3580280775326<\/span>(EAN \/ EAN-13)<\/p>\n<\/div>\n<p>d<span class=\"field\">\u00e9nomination g\u00e9n\u00e9rique\u00a0:\u00a0<\/span><span id=\"field_generic_name_value\" class=\"field_value\">Confiture de fraises<\/span><\/p>\n<\/div>\n<p id=\"field_quantity\"><span class=\"field\">Quantit\u00e9\u00a0:\u00a0<\/span><span id=\"field_quantity_value\" class=\"field_value\">315 g<\/span><\/p>\n<p id=\"field_packaging\"><span class=\"field\">Emballage\u00a0:\u00a0<\/span><span id=\"field_packaging_value\" class=\"field_value\"><a class=\"tag user_defined\" href=\"https:\/\/fr.openfoodfacts.org\/facets\/conditionnements\/bocal-verre\">Bocal verre<\/a>,\u00a0<a class=\"tag user_defined\" href=\"https:\/\/fr.openfoodfacts.org\/facets\/conditionnements\/couvercle-metal\">Couvercle m\u00e9tal<\/a><\/span><\/p>\n<p id=\"field_brands\"><span class=\"field\">Marques\u00a0:\u00a0<\/span><span id=\"field_brands_value\" class=\"field_value\"><a class=\"tag user_defined\" href=\"https:\/\/fr.openfoodfacts.org\/facets\/marques\/les-p-tites-tartines\">Les P&rsquo;tites Tartines<\/a><\/span><\/p>\n<p id=\"field_categories\"><span class=\"field\">Cat\u00e9gories\u00a0:\u00a0<\/span><span id=\"field_categories_value\" class=\"field_value\"><a class=\"tag well_known\" href=\"https:\/\/fr.openfoodfacts.org\/facets\/categories\/aliments-et-boissons-a-base-de-vegetaux\">Aliments et boissons \u00e0 base de v\u00e9g\u00e9taux<\/a>,\u00a0<a class=\"tag well_known\" href=\"https:\/\/fr.openfoodfacts.org\/facets\/categories\/aliments-d-origine-vegetale\">Aliments d&rsquo;origine v\u00e9g\u00e9tale<\/a>,\u00a0<a class=\"tag well_known\" href=\"https:\/\/fr.openfoodfacts.org\/facets\/categories\/petit-dejeuners\">Petit-d\u00e9jeuners<\/a>,\u00a0<a class=\"tag well_known\" href=\"https:\/\/fr.openfoodfacts.org\/facets\/categories\/produits-a-tartiner\">Produits \u00e0 tartiner<\/a>,\u00a0<a class=\"tag well_known\" href=\"https:\/\/fr.openfoodfacts.org\/facets\/categories\/pates-a-tartiner-vegetales\">P\u00e2tes \u00e0 tartiner v\u00e9g\u00e9tales<\/a>,\u00a0<a class=\"tag well_known\" href=\"https:\/\/fr.openfoodfacts.org\/facets\/categories\/produits-a-tartiner-sucres\">Produits \u00e0 tartiner sucr\u00e9s<\/a>,\u00a0<a class=\"tag well_known\" href=\"https:\/\/fr.openfoodfacts.org\/facets\/categories\/confitures-et-marmelades\">Confitures et marmelades<\/a>,\u00a0<a class=\"tag well_known\" href=\"https:\/\/fr.openfoodfacts.org\/facets\/categories\/confitures\">Confitures<\/a>,\u00a0<a class=\"tag well_known\" href=\"https:\/\/fr.openfoodfacts.org\/facets\/categories\/confitures-de-fruits-rouges\">Confitures de fruits rouges<\/a>,\u00a0<a class=\"tag well_known\" href=\"https:\/\/fr.openfoodfacts.org\/facets\/categories\/confitures-de-fraises\">Confitures de fraises<\/a><\/span><\/p>\n<p id=\"field_labels\"><span class=\"field\">Labels, certifications, r\u00e9compenses\u00a0:\u00a0<\/span><span id=\"field_labels_value\" class=\"field_value\"><a class=\"tag well_known\" href=\"https:\/\/fr.openfoodfacts.org\/facets\/labels\/triman\">Triman<\/a><br \/>\n<img loading=\"lazy\" decoding=\"async\" src=\"https:\/\/fr.openfoodfacts.org\/images\/lang\/en\/labels\/triman.90x90.svg\" alt=\"Triman\" width=\"90\" height=\"90\" \/><\/span><\/p>\n<p id=\"field_origin\"><span class=\"field\">Origine du produit et\/ou de ses ingr\u00e9dients\u00a0:\u00a0<\/span><span id=\"field_origin_value\" class=\"field_value\">Fraise France<\/span><\/p>\n<p id=\"field_origins\"><span class=\"field\">Origine des ingr\u00e9dients\u00a0:\u00a0<\/span><span id=\"field_origins_value\" class=\"field_value\"><a class=\"tag well_known\" href=\"https:\/\/fr.openfoodfacts.org\/facets\/origines\/france\">France<\/a>,\u00a0<a class=\"tag well_known\" href=\"https:\/\/fr.openfoodfacts.org\/facets\/origines\/nouvelle-aquitaine\">Nouvelle-Aquitaine<\/a>,\u00a0<a class=\"tag well_known\" href=\"https:\/\/fr.openfoodfacts.org\/facets\/origines\/dordogne\">Dordogne<\/a><\/span><\/p>\n<p id=\"field_manufacturing_places\"><span class=\"field\">Lieux de fabrication ou de transformation\u00a0:\u00a0<\/span><span id=\"field_manufacturing_places_value\" class=\"field_value\"><a href=\"https:\/\/fr.openfoodfacts.org\/facets\/lieux-de-fabrication\/france\">France<\/a><\/span><\/p>\n<p id=\"field_countries\"><span class=\"field\">Pays de vente\u00a0:\u00a0<\/span><span id=\"field_countries_value\" class=\"field_value\"><a class=\"tag well_known\" href=\"https:\/\/fr.openfoodfacts.org\/facets\/pays\/france\">France<\/a><\/span><\/p>\n","protected":false},"featured_media":59344,"comment_status":"closed","ping_status":"closed","template":"","meta":[],"product_cat":[652,697],"product_tag":[],"supplier_id":null,"supplier_sku":"","atum_controlled":true,"out_stock_date":null,"out_stock_threshold":null,"inheritable":false,"inbound_stock":null,"stock_on_hold":0,"sold_today":0,"sales_last_days":1,"out_stock_days":0,"lost_sales":0,"has_location":false,"update_date":"2026-05-07T22:28:43","atum_locations":[],"atum_stock_status":"instock","restock_status":false,"low_stock_amount":"","sales_update_date":"2026-05-07T22:28:43","calc_backorders":null,"_links":{"self":[{"href":"https:\/\/www.epicerie-lasource.org\/magasin\/wp-json\/wp\/v2\/product\/59343"}],"collection":[{"href":"https:\/\/www.epicerie-lasource.org\/magasin\/wp-json\/wp\/v2\/product"}],"about":[{"href":"https:\/\/www.epicerie-lasource.org\/magasin\/wp-json\/wp\/v2\/types\/product"}],"replies":[{"embeddable":true,"href":"https:\/\/www.epicerie-lasource.org\/magasin\/wp-json\/wp\/v2\/comments?post=59343"}],"wp:featuredmedia":[{"embeddable":true,"href":"https:\/\/www.epicerie-lasource.org\/magasin\/wp-json\/wp\/v2\/media\/59344"}],"wp:attachment":[{"href":"https:\/\/www.epicerie-lasource.org\/magasin\/wp-json\/wp\/v2\/media?parent=59343"}],"wp:term":[{"taxonomy":"product_cat","embeddable":true,"href":"https:\/\/www.epicerie-lasource.org\/magasin\/wp-json\/wp\/v2\/product_cat?post=59343"},{"taxonomy":"product_tag","embeddable":true,"href":"https:\/\/www.epicerie-lasource.org\/magasin\/wp-json\/wp\/v2\/product_tag?post=59343"}],"curies":[{"name":"wp","href":"https:\/\/api.w.org\/{rel}","templated":true}]}}