{"id":59257,"date":"2025-10-30T16:56:14","date_gmt":"2025-10-30T15:56:14","guid":{"rendered":"https:\/\/www.epicerie-lasource.org\/magasin\/?post_type=product&#038;p=59257"},"modified":"2025-12-07T13:10:24","modified_gmt":"2025-12-07T12:10:24","slug":"chocolat-noir-gourmet-70-sel-bio-el-inti-100-gr","status":"publish","type":"product","link":"https:\/\/www.epicerie-lasource.org\/magasin\/produit\/chocolat-noir-gourmet-70-sel-bio-el-inti-100-gr\/","title":{"rendered":"chocolat noir gourmet 70% sel &#8211; bio &#8211; El Inti 100 gr"},"content":{"rendered":"","protected":false},"excerpt":{"rendered":"<p><strong>Chocolat noir 70 % de cacao<\/strong>, fabriqu\u00e9 \u00e0 partir des f\u00e8ves de la Coop. Pangoa P\u00e9rou, sucre de canne complet du P\u00e9rou (panela), biologique. Pour les connaisseurs de chocolats \u201cGrand Cru\u201d. Pure origine Criollo, tr\u00e8s aromatique aux notes d\u2019agrumes.<\/p>\n<p><strong>Un vrai chocolat artisanal fabriqu\u00e9 \u00e0 partir de la f\u00e8ve de cacao.<\/strong><\/p>\n<p><strong>Ingr\u00e9dients<\/strong>\u00a0: f\u00e8ves de cacao, panela, beurre de cacao<\/p>\n<p><strong>Notre gamme de chocolats est certifi\u00e9e commerce \u00e9quitable par le syst\u00e8me SPP \u201cSimbolo de los Pequenos Productores\u201d, un label qui appartient enfin aux producteurs : www.spp.coop<\/strong><\/p>\n","protected":false},"featured_media":59775,"comment_status":"closed","ping_status":"closed","template":"","meta":[],"product_cat":[652,691],"product_tag":[],"supplier_id":null,"supplier_sku":"","atum_controlled":true,"out_stock_date":null,"out_stock_threshold":null,"inheritable":false,"inbound_stock":null,"stock_on_hold":0,"sold_today":0,"sales_last_days":0,"out_stock_days":0,"lost_sales":0,"has_location":false,"update_date":"2026-04-28T22:24:12","atum_locations":[],"atum_stock_status":"instock","restock_status":false,"low_stock_amount":"","sales_update_date":"2026-04-28T22:24:12","calc_backorders":null,"_links":{"self":[{"href":"https:\/\/www.epicerie-lasource.org\/magasin\/wp-json\/wp\/v2\/product\/59257"}],"collection":[{"href":"https:\/\/www.epicerie-lasource.org\/magasin\/wp-json\/wp\/v2\/product"}],"about":[{"href":"https:\/\/www.epicerie-lasource.org\/magasin\/wp-json\/wp\/v2\/types\/product"}],"replies":[{"embeddable":true,"href":"https:\/\/www.epicerie-lasource.org\/magasin\/wp-json\/wp\/v2\/comments?post=59257"}],"wp:featuredmedia":[{"embeddable":true,"href":"https:\/\/www.epicerie-lasource.org\/magasin\/wp-json\/wp\/v2\/media\/59775"}],"wp:attachment":[{"href":"https:\/\/www.epicerie-lasource.org\/magasin\/wp-json\/wp\/v2\/media?parent=59257"}],"wp:term":[{"taxonomy":"product_cat","embeddable":true,"href":"https:\/\/www.epicerie-lasource.org\/magasin\/wp-json\/wp\/v2\/product_cat?post=59257"},{"taxonomy":"product_tag","embeddable":true,"href":"https:\/\/www.epicerie-lasource.org\/magasin\/wp-json\/wp\/v2\/product_tag?post=59257"}],"curies":[{"name":"wp","href":"https:\/\/api.w.org\/{rel}","templated":true}]}}