{"id":58666,"date":"2025-10-07T11:24:40","date_gmt":"2025-10-07T09:24:40","guid":{"rendered":"https:\/\/www.epicerie-lasource.org\/magasin\/?post_type=product&#038;p=58666"},"modified":"2026-03-17T08:31:10","modified_gmt":"2026-03-17T07:31:10","slug":"liquide-vaisselle-concentre-aux-eaux-florales-bio-compagnie-du-bicarbonate","status":"publish","type":"product","link":"https:\/\/www.epicerie-lasource.org\/magasin\/produit\/liquide-vaisselle-concentre-aux-eaux-florales-bio-compagnie-du-bicarbonate\/","title":{"rendered":"VRAC &#8211; Liquide vaisselle concentr\u00e9 aux eaux florales BIO- La compagnie du bicarbonate"},"content":{"rendered":"","protected":false},"excerpt":{"rendered":"<p>Liquide vaisselle concentr\u00e9 \u00e0 l&rsquo;eau florale de Calendula bio. Formule d\u00e9velopp\u00e9e avec un Artisan Savonnier du Sud de la France. Sans paraben, sans conservateur, sans colorant<\/p>\n<p>D\u00e9graisse sans agresser, fait briller. Parfum totalement naturel d&rsquo;eau florale de calendula et d&rsquo;huile essentielle de verveine exotique. Formule d\u00e9velopp\u00e9e avec l&rsquo;Artisan Savonnier. Sans paraben, sans conservateur, sans colorant.<\/p>\n<p>Notre liquide vaisselle de la Compagnie du Bicarbonate est super-concentr\u00e9 : quelques gouttes sur une \u00e9ponge ou dans l&rsquo;\u00e9vier rempli d&rsquo;eau suffisent ! Pour \u00e9conomiser l&rsquo;eau et l&rsquo;\u00e9nergie, immergez et laissez tremper votre vaisselle au lieu de la laver sous le jet du robinet. Rincez \u00e0 l&rsquo;eau ti\u00e8de ou froide. Pour votre portefeuille et pour la plan\u00e8te, ne surdosez pas, un lavage efficace ne demande pas une quantit\u00e9 importante de mousse.<\/p>\n<p>Ingr\u00e9dients :<\/p>\n<p><label class=\"condensed-text\">liste INCI :<\/label>De 15 \u00e0 30%: agents de surface anioniques. Moins de 5%: agent de surface non ionique. Citral. limon\u00e8ne. citronellol. g\u00e9raniol. linalool. Contient aussi : eau. eau florale de lavande*. eau florale de calendula*. sel. acide lactque. ajusteurs de pH. huile essentielle (de lits\u00e9e).<\/p>\n","protected":false},"featured_media":59792,"comment_status":"closed","ping_status":"closed","template":"","meta":[],"product_cat":[715,324,652],"product_tag":[],"supplier_id":null,"supplier_sku":"","atum_controlled":true,"out_stock_date":null,"out_stock_threshold":null,"inheritable":false,"inbound_stock":null,"stock_on_hold":0,"sold_today":1,"sales_last_days":8,"out_stock_days":0,"lost_sales":0,"has_location":false,"update_date":"2026-05-05T07:24:24","atum_locations":[],"atum_stock_status":"instock","restock_status":false,"low_stock_amount":"","sales_update_date":"2026-05-05T07:24:24","calc_backorders":null,"_links":{"self":[{"href":"https:\/\/www.epicerie-lasource.org\/magasin\/wp-json\/wp\/v2\/product\/58666"}],"collection":[{"href":"https:\/\/www.epicerie-lasource.org\/magasin\/wp-json\/wp\/v2\/product"}],"about":[{"href":"https:\/\/www.epicerie-lasource.org\/magasin\/wp-json\/wp\/v2\/types\/product"}],"replies":[{"embeddable":true,"href":"https:\/\/www.epicerie-lasource.org\/magasin\/wp-json\/wp\/v2\/comments?post=58666"}],"wp:featuredmedia":[{"embeddable":true,"href":"https:\/\/www.epicerie-lasource.org\/magasin\/wp-json\/wp\/v2\/media\/59792"}],"wp:attachment":[{"href":"https:\/\/www.epicerie-lasource.org\/magasin\/wp-json\/wp\/v2\/media?parent=58666"}],"wp:term":[{"taxonomy":"product_cat","embeddable":true,"href":"https:\/\/www.epicerie-lasource.org\/magasin\/wp-json\/wp\/v2\/product_cat?post=58666"},{"taxonomy":"product_tag","embeddable":true,"href":"https:\/\/www.epicerie-lasource.org\/magasin\/wp-json\/wp\/v2\/product_tag?post=58666"}],"curies":[{"name":"wp","href":"https:\/\/api.w.org\/{rel}","templated":true}]}}