{"id":58511,"date":"2025-10-04T08:14:53","date_gmt":"2025-10-04T06:14:53","guid":{"rendered":"https:\/\/www.epicerie-lasource.org\/magasin\/?post_type=product&#038;p=58511"},"modified":"2026-05-05T18:14:01","modified_gmt":"2026-05-05T16:14:01","slug":"cookies-noisettes-et-pepites-de-chocolat-sachet-125-gr-de-farine-et-deau-fraiche-a-commander-le-lundi-avant-22-heures","status":"publish","type":"product","link":"https:\/\/www.epicerie-lasource.org\/magasin\/produit\/cookies-noisettes-et-pepites-de-chocolat-sachet-125-gr-de-farine-et-deau-fraiche-a-commander-le-lundi-avant-22-heures\/","title":{"rendered":"Cookies noisettes et p\u00e9pites de chocolat 125 gr-De farine et d&rsquo;eau fra\u00eeche"},"content":{"rendered":"<p style=\"text-align: left;\"><strong> \u00e0 commander le lundi avant 22 heures<\/strong><\/p>\n","protected":false},"excerpt":{"rendered":"<p>farine de bl\u00e9, beurre, sucre complet dulcita *, oeufs, p\u00e9pites de chocolat, noisettes grill\u00e9es, sel<\/p>\n<p>* sucre dulcita : sucre complet de canne au l\u00e9ger go\u00fbt de miel, issu du commerce \u00e9quitable et distribu\u00e9 par le r\u00e9seau \u00ab\u00a0artisans du monde\u00a0\u00bb<\/p>\n","protected":false},"featured_media":59794,"comment_status":"closed","ping_status":"closed","template":"","meta":[],"product_cat":[156,652],"product_tag":[],"supplier_id":null,"supplier_sku":"","atum_controlled":true,"out_stock_date":null,"out_stock_threshold":null,"inheritable":false,"inbound_stock":null,"stock_on_hold":0,"sold_today":0,"sales_last_days":0,"out_stock_days":0,"lost_sales":0,"has_location":false,"update_date":"2026-05-05T14:14:02","atum_locations":[],"atum_stock_status":"instock","restock_status":false,"low_stock_amount":"","sales_update_date":"2026-05-04T22:30:51","calc_backorders":null,"_links":{"self":[{"href":"https:\/\/www.epicerie-lasource.org\/magasin\/wp-json\/wp\/v2\/product\/58511"}],"collection":[{"href":"https:\/\/www.epicerie-lasource.org\/magasin\/wp-json\/wp\/v2\/product"}],"about":[{"href":"https:\/\/www.epicerie-lasource.org\/magasin\/wp-json\/wp\/v2\/types\/product"}],"replies":[{"embeddable":true,"href":"https:\/\/www.epicerie-lasource.org\/magasin\/wp-json\/wp\/v2\/comments?post=58511"}],"wp:featuredmedia":[{"embeddable":true,"href":"https:\/\/www.epicerie-lasource.org\/magasin\/wp-json\/wp\/v2\/media\/59794"}],"wp:attachment":[{"href":"https:\/\/www.epicerie-lasource.org\/magasin\/wp-json\/wp\/v2\/media?parent=58511"}],"wp:term":[{"taxonomy":"product_cat","embeddable":true,"href":"https:\/\/www.epicerie-lasource.org\/magasin\/wp-json\/wp\/v2\/product_cat?post=58511"},{"taxonomy":"product_tag","embeddable":true,"href":"https:\/\/www.epicerie-lasource.org\/magasin\/wp-json\/wp\/v2\/product_tag?post=58511"}],"curies":[{"name":"wp","href":"https:\/\/api.w.org\/{rel}","templated":true}]}}