{"id":58494,"date":"2025-10-04T08:14:18","date_gmt":"2025-10-04T06:14:18","guid":{"rendered":"https:\/\/www.epicerie-lasource.org\/magasin\/?post_type=product&#038;p=58494"},"modified":"2026-02-13T18:59:01","modified_gmt":"2026-02-13T17:59:01","slug":"tradition-pain-de-tradition-de-farine-et-deau-fraiche-a-commander-le-lundi-avant-22-heures","status":"publish","type":"product","link":"https:\/\/www.epicerie-lasource.org\/magasin\/produit\/tradition-pain-de-tradition-de-farine-et-deau-fraiche-a-commander-le-lundi-avant-22-heures\/","title":{"rendered":"Pain Tradition Bio &#8211; De farine et d&rsquo;eau fra\u00eeche"},"content":{"rendered":"<p><img loading=\"lazy\" decoding=\"async\" class=\"alignnone size-full wp-image-58638\" src=\"https:\/\/www.epicerie-lasource.org\/magasin\/wp-content\/uploads\/2025\/10\/download-1.png\" alt=\"\" width=\"270\" height=\"148\" \/><\/p>\n<p><strong> \u00e0 commander le lundi avant 22 heures<\/strong><\/p>\n","protected":false},"excerpt":{"rendered":"<p>farine blanche et 10% de T80<\/p>\n<p><strong>\u00e0 commander le lundi avant 22 heures<\/strong><\/p>\n<p>Levain\/levure 50\/50<\/p>\n<p>BIO certifi\u00e9 FR-BIO-09<\/p>\n<p>Nos pains Bio ont une pousse lente au levain naturel, fait maison. Il nous faut 48h de pr\u00e9paration pour d\u00e9velopper le go\u00fbt, la conservation, et la disponibilit\u00e9 des nutriments !<\/p>\n","protected":false},"featured_media":59818,"comment_status":"closed","ping_status":"closed","template":"","meta":[],"product_cat":[156,652],"product_tag":[],"supplier_id":null,"supplier_sku":"","atum_controlled":true,"out_stock_date":null,"out_stock_threshold":null,"inheritable":true,"inbound_stock":null,"stock_on_hold":0,"sold_today":0,"sales_last_days":6,"out_stock_days":0,"lost_sales":0,"has_location":false,"update_date":"2026-04-14T22:13:46","atum_locations":[],"atum_stock_status":"instock","restock_status":false,"low_stock_amount":"","sales_update_date":"2026-04-14T22:13:45","calc_backorders":null,"_links":{"self":[{"href":"https:\/\/www.epicerie-lasource.org\/magasin\/wp-json\/wp\/v2\/product\/58494"}],"collection":[{"href":"https:\/\/www.epicerie-lasource.org\/magasin\/wp-json\/wp\/v2\/product"}],"about":[{"href":"https:\/\/www.epicerie-lasource.org\/magasin\/wp-json\/wp\/v2\/types\/product"}],"replies":[{"embeddable":true,"href":"https:\/\/www.epicerie-lasource.org\/magasin\/wp-json\/wp\/v2\/comments?post=58494"}],"wp:featuredmedia":[{"embeddable":true,"href":"https:\/\/www.epicerie-lasource.org\/magasin\/wp-json\/wp\/v2\/media\/59818"}],"wp:attachment":[{"href":"https:\/\/www.epicerie-lasource.org\/magasin\/wp-json\/wp\/v2\/media?parent=58494"}],"wp:term":[{"taxonomy":"product_cat","embeddable":true,"href":"https:\/\/www.epicerie-lasource.org\/magasin\/wp-json\/wp\/v2\/product_cat?post=58494"},{"taxonomy":"product_tag","embeddable":true,"href":"https:\/\/www.epicerie-lasource.org\/magasin\/wp-json\/wp\/v2\/product_tag?post=58494"}],"curies":[{"name":"wp","href":"https:\/\/api.w.org\/{rel}","templated":true}]}}