{"id":58183,"date":"2025-09-16T07:20:02","date_gmt":"2025-09-16T05:20:02","guid":{"rendered":"https:\/\/www.epicerie-lasource.org\/magasin\/?post_type=product&#038;p=58183"},"modified":"2025-10-14T15:59:34","modified_gmt":"2025-10-14T13:59:34","slug":"carre-poivre-au-poivre-noir-fume-concasse-250-grs-la-ferme-deecke","status":"publish","type":"product","link":"https:\/\/www.epicerie-lasource.org\/magasin\/produit\/carre-poivre-au-poivre-noir-fume-concasse-250-grs-la-ferme-deecke\/","title":{"rendered":"carr\u00e9 poivr\u00e9 &#8211; au poivre noir fum\u00e9 concass\u00e9 &#8211; 250 grs &#8211; la ferme d&rsquo;Eecke"},"content":{"rendered":"","protected":false},"excerpt":{"rendered":"<p>Lait : Holstein Famille : P\u00e2te press\u00e9e non-cuite R\u00e9gion : Haut-de-France Description : Meule rectangulaire, 28cm x 14cm x 12cm, environ 5kg %M.G. : 35% Affinage : min. 2 mois Ingr\u00e9dients : Lait, Ferments Lactiques, Pr\u00e9sure, sel, poivre noir concass\u00e9 fum\u00e9 Allerg\u00e8nes : Lait DLC : 45 jours Tra\u00e7abilit\u00e9 : Le num\u00e9ro (date) sur la meule fait r\u00e9f\u00e9rence \u00e0 la production Provenance des ingr\u00e9dients : Lait : Ferme Malesys \u00e0 Godewaersvelde, France Ferments lactiques et pr\u00e9sure : Rademaker BV, De Hoef, Pays-Bas Poivre : Terre Exotique, Rochecorbon, France<\/p>\n","protected":false},"featured_media":58216,"comment_status":"closed","ping_status":"closed","template":"","meta":[],"product_cat":[710,25,652],"product_tag":[],"supplier_id":null,"supplier_sku":"","atum_controlled":true,"out_stock_date":null,"out_stock_threshold":null,"inheritable":false,"inbound_stock":null,"stock_on_hold":1,"sold_today":0,"sales_last_days":5.32,"out_stock_days":0,"lost_sales":0,"has_location":false,"update_date":"2026-05-12T22:45:16","atum_locations":[],"atum_stock_status":"instock","restock_status":false,"low_stock_amount":"","sales_update_date":"2026-05-12T22:45:16","calc_backorders":null,"_links":{"self":[{"href":"https:\/\/www.epicerie-lasource.org\/magasin\/wp-json\/wp\/v2\/product\/58183"}],"collection":[{"href":"https:\/\/www.epicerie-lasource.org\/magasin\/wp-json\/wp\/v2\/product"}],"about":[{"href":"https:\/\/www.epicerie-lasource.org\/magasin\/wp-json\/wp\/v2\/types\/product"}],"replies":[{"embeddable":true,"href":"https:\/\/www.epicerie-lasource.org\/magasin\/wp-json\/wp\/v2\/comments?post=58183"}],"wp:featuredmedia":[{"embeddable":true,"href":"https:\/\/www.epicerie-lasource.org\/magasin\/wp-json\/wp\/v2\/media\/58216"}],"wp:attachment":[{"href":"https:\/\/www.epicerie-lasource.org\/magasin\/wp-json\/wp\/v2\/media?parent=58183"}],"wp:term":[{"taxonomy":"product_cat","embeddable":true,"href":"https:\/\/www.epicerie-lasource.org\/magasin\/wp-json\/wp\/v2\/product_cat?post=58183"},{"taxonomy":"product_tag","embeddable":true,"href":"https:\/\/www.epicerie-lasource.org\/magasin\/wp-json\/wp\/v2\/product_tag?post=58183"}],"curies":[{"name":"wp","href":"https:\/\/api.w.org\/{rel}","templated":true}]}}