{"id":57559,"date":"2025-09-07T17:26:43","date_gmt":"2025-09-07T15:26:43","guid":{"rendered":"https:\/\/www.epicerie-lasource.org\/magasin\/?post_type=product&#038;p=57559"},"modified":"2026-03-29T20:13:55","modified_gmt":"2026-03-29T18:13:55","slug":"cote-de-veau-avec-os-220-grs-a-commander-le-lundi-avant-22-heures","status":"publish","type":"product","link":"https:\/\/www.epicerie-lasource.org\/magasin\/produit\/cote-de-veau-avec-os-220-grs-a-commander-le-lundi-avant-22-heures\/","title":{"rendered":"c\u00f4te de veau avec os 220 grs (\u00e0 commander le lundi avant 22 heures)"},"content":{"rendered":"","protected":false},"excerpt":{"rendered":"<p>c\u00f4te de veau avec os<\/p>\n<p>pi\u00e8ce de 220 grs<\/p>\n<p>30,08 euros euros le kg<\/p>\n","protected":false},"featured_media":59827,"comment_status":"closed","ping_status":"closed","template":"","meta":[],"product_cat":[652,15,684],"product_tag":[],"supplier_id":null,"supplier_sku":"","atum_controlled":true,"out_stock_date":null,"out_stock_threshold":null,"inheritable":false,"inbound_stock":null,"stock_on_hold":0,"sold_today":0,"sales_last_days":0,"out_stock_days":0,"lost_sales":0,"has_location":false,"update_date":"2026-04-05T22:03:38","atum_locations":[],"atum_stock_status":"instock","restock_status":false,"low_stock_amount":"","sales_update_date":"2026-04-05T22:03:38","calc_backorders":null,"_links":{"self":[{"href":"https:\/\/www.epicerie-lasource.org\/magasin\/wp-json\/wp\/v2\/product\/57559"}],"collection":[{"href":"https:\/\/www.epicerie-lasource.org\/magasin\/wp-json\/wp\/v2\/product"}],"about":[{"href":"https:\/\/www.epicerie-lasource.org\/magasin\/wp-json\/wp\/v2\/types\/product"}],"replies":[{"embeddable":true,"href":"https:\/\/www.epicerie-lasource.org\/magasin\/wp-json\/wp\/v2\/comments?post=57559"}],"wp:featuredmedia":[{"embeddable":true,"href":"https:\/\/www.epicerie-lasource.org\/magasin\/wp-json\/wp\/v2\/media\/59827"}],"wp:attachment":[{"href":"https:\/\/www.epicerie-lasource.org\/magasin\/wp-json\/wp\/v2\/media?parent=57559"}],"wp:term":[{"taxonomy":"product_cat","embeddable":true,"href":"https:\/\/www.epicerie-lasource.org\/magasin\/wp-json\/wp\/v2\/product_cat?post=57559"},{"taxonomy":"product_tag","embeddable":true,"href":"https:\/\/www.epicerie-lasource.org\/magasin\/wp-json\/wp\/v2\/product_tag?post=57559"}],"curies":[{"name":"wp","href":"https:\/\/api.w.org\/{rel}","templated":true}]}}