{"id":57529,"date":"2025-09-07T16:27:37","date_gmt":"2025-09-07T14:27:37","guid":{"rendered":"https:\/\/www.epicerie-lasource.org\/magasin\/?post_type=product&#038;p=57529"},"modified":"2026-05-05T18:07:32","modified_gmt":"2026-05-05T16:07:32","slug":"basse-cote-de-boeufa-commander-jusquau-lundi-soir","status":"publish","type":"product","link":"https:\/\/www.epicerie-lasource.org\/magasin\/produit\/basse-cote-de-boeufa-commander-jusquau-lundi-soir\/","title":{"rendered":"Basse c\u00f4te de Boeuf 250 grs (!!\u00e0 commander jusqu&rsquo;au lundi soir!!)"},"content":{"rendered":"","protected":false},"excerpt":{"rendered":"<p>Basse c\u00f4te de Boeuf 250grs environ<br \/>\nR\u00e9gulation du prix lors de la r\u00e9ception<br \/>\n22,50\u20ac\/kg<\/p>\n","protected":false},"featured_media":59836,"comment_status":"closed","ping_status":"closed","template":"","meta":[],"product_cat":[652,15,684],"product_tag":[],"supplier_id":null,"supplier_sku":"","atum_controlled":true,"out_stock_date":null,"out_stock_threshold":null,"inheritable":false,"inbound_stock":null,"stock_on_hold":0,"sold_today":0,"sales_last_days":2,"out_stock_days":0,"lost_sales":0,"has_location":false,"update_date":"2026-05-11T22:43:28","atum_locations":[],"atum_stock_status":"instock","restock_status":false,"low_stock_amount":"","sales_update_date":"2026-05-11T22:43:28","calc_backorders":null,"_links":{"self":[{"href":"https:\/\/www.epicerie-lasource.org\/magasin\/wp-json\/wp\/v2\/product\/57529"}],"collection":[{"href":"https:\/\/www.epicerie-lasource.org\/magasin\/wp-json\/wp\/v2\/product"}],"about":[{"href":"https:\/\/www.epicerie-lasource.org\/magasin\/wp-json\/wp\/v2\/types\/product"}],"replies":[{"embeddable":true,"href":"https:\/\/www.epicerie-lasource.org\/magasin\/wp-json\/wp\/v2\/comments?post=57529"}],"wp:featuredmedia":[{"embeddable":true,"href":"https:\/\/www.epicerie-lasource.org\/magasin\/wp-json\/wp\/v2\/media\/59836"}],"wp:attachment":[{"href":"https:\/\/www.epicerie-lasource.org\/magasin\/wp-json\/wp\/v2\/media?parent=57529"}],"wp:term":[{"taxonomy":"product_cat","embeddable":true,"href":"https:\/\/www.epicerie-lasource.org\/magasin\/wp-json\/wp\/v2\/product_cat?post=57529"},{"taxonomy":"product_tag","embeddable":true,"href":"https:\/\/www.epicerie-lasource.org\/magasin\/wp-json\/wp\/v2\/product_tag?post=57529"}],"curies":[{"name":"wp","href":"https:\/\/api.w.org\/{rel}","templated":true}]}}