{"id":57300,"date":"2025-09-02T17:24:46","date_gmt":"2025-09-02T15:24:46","guid":{"rendered":"https:\/\/www.epicerie-lasource.org\/magasin\/?post_type=product&#038;p=57300"},"modified":"2026-03-29T20:16:36","modified_gmt":"2026-03-29T18:16:36","slug":"cote-de-veau-sans-os-reception-commande-la-semaine-dapres","status":"publish","type":"product","link":"https:\/\/www.epicerie-lasource.org\/magasin\/produit\/cote-de-veau-sans-os-reception-commande-la-semaine-dapres\/","title":{"rendered":"C\u00f4te de Veau sans os (!!\u00e0 commander jusqu&rsquo;au lundi soir!!)"},"content":{"rendered":"","protected":false},"excerpt":{"rendered":"<p>C\u00f4te de veau prix pour 200 grammes .<br \/>\nR\u00e9gulation du prix lors de la r\u00e9ception<br \/>\n32,49\u20ac \/kilo<\/p>\n","protected":false},"featured_media":59895,"comment_status":"closed","ping_status":"closed","template":"","meta":[],"product_cat":[652,15,684],"product_tag":[],"supplier_id":null,"supplier_sku":"","atum_controlled":true,"out_stock_date":null,"out_stock_threshold":null,"inheritable":false,"inbound_stock":null,"stock_on_hold":0,"sold_today":0,"sales_last_days":0,"out_stock_days":0,"lost_sales":0,"has_location":false,"update_date":"2026-04-06T22:07:03","atum_locations":[],"atum_stock_status":"instock","restock_status":false,"low_stock_amount":"","sales_update_date":"2026-04-06T22:07:03","calc_backorders":null,"_links":{"self":[{"href":"https:\/\/www.epicerie-lasource.org\/magasin\/wp-json\/wp\/v2\/product\/57300"}],"collection":[{"href":"https:\/\/www.epicerie-lasource.org\/magasin\/wp-json\/wp\/v2\/product"}],"about":[{"href":"https:\/\/www.epicerie-lasource.org\/magasin\/wp-json\/wp\/v2\/types\/product"}],"replies":[{"embeddable":true,"href":"https:\/\/www.epicerie-lasource.org\/magasin\/wp-json\/wp\/v2\/comments?post=57300"}],"wp:featuredmedia":[{"embeddable":true,"href":"https:\/\/www.epicerie-lasource.org\/magasin\/wp-json\/wp\/v2\/media\/59895"}],"wp:attachment":[{"href":"https:\/\/www.epicerie-lasource.org\/magasin\/wp-json\/wp\/v2\/media?parent=57300"}],"wp:term":[{"taxonomy":"product_cat","embeddable":true,"href":"https:\/\/www.epicerie-lasource.org\/magasin\/wp-json\/wp\/v2\/product_cat?post=57300"},{"taxonomy":"product_tag","embeddable":true,"href":"https:\/\/www.epicerie-lasource.org\/magasin\/wp-json\/wp\/v2\/product_tag?post=57300"}],"curies":[{"name":"wp","href":"https:\/\/api.w.org\/{rel}","templated":true}]}}