{"id":57093,"date":"2025-08-21T09:53:04","date_gmt":"2025-08-21T07:53:04","guid":{"rendered":"https:\/\/www.epicerie-lasource.org\/magasin\/?post_type=product&#038;p=57093"},"modified":"2026-02-11T12:45:12","modified_gmt":"2026-02-11T11:45:12","slug":"4-baies-bio-reemploi-id-bio-40gr","status":"publish","type":"product","link":"https:\/\/www.epicerie-lasource.org\/magasin\/produit\/4-baies-bio-reemploi-id-bio-40gr\/","title":{"rendered":"4 Baies  BIO (R\u00e9emploi) &#8211; ID Bio &#8211; 40gr"},"content":{"rendered":"","protected":false},"excerpt":{"rendered":"<p>Fortement aromatique et l\u00e9g\u00e8rement piquant, ce m\u00e9lange rel\u00e8ve parfaitement viandes et poissons grill\u00e9s, fromages, pommes de terre et l\u00e9gumes. Dans ce m\u00e9lange quatre baies bio, vous trouverez des baies enti\u00e8res, qui ne r\u00e9v\u00e8leront leurs saveurs qu\u2019au moment de leur utilisation. A moudre dans un moulin ou au mortier.<\/p>\n","protected":false},"featured_media":58165,"comment_status":"closed","ping_status":"closed","template":"","meta":[],"product_cat":[652,63,704],"product_tag":[],"supplier_id":23768,"supplier_sku":"","atum_controlled":true,"out_stock_date":null,"out_stock_threshold":null,"inheritable":false,"inbound_stock":null,"stock_on_hold":0,"sold_today":0,"sales_last_days":0,"out_stock_days":0,"lost_sales":0,"has_location":false,"update_date":"2026-05-05T22:29:47","atum_locations":[],"atum_stock_status":"onbackorder","restock_status":false,"low_stock_amount":"","sales_update_date":"2026-05-05T22:29:47","calc_backorders":-4,"_links":{"self":[{"href":"https:\/\/www.epicerie-lasource.org\/magasin\/wp-json\/wp\/v2\/product\/57093"}],"collection":[{"href":"https:\/\/www.epicerie-lasource.org\/magasin\/wp-json\/wp\/v2\/product"}],"about":[{"href":"https:\/\/www.epicerie-lasource.org\/magasin\/wp-json\/wp\/v2\/types\/product"}],"replies":[{"embeddable":true,"href":"https:\/\/www.epicerie-lasource.org\/magasin\/wp-json\/wp\/v2\/comments?post=57093"}],"wp:featuredmedia":[{"embeddable":true,"href":"https:\/\/www.epicerie-lasource.org\/magasin\/wp-json\/wp\/v2\/media\/58165"}],"wp:attachment":[{"href":"https:\/\/www.epicerie-lasource.org\/magasin\/wp-json\/wp\/v2\/media?parent=57093"}],"wp:term":[{"taxonomy":"product_cat","embeddable":true,"href":"https:\/\/www.epicerie-lasource.org\/magasin\/wp-json\/wp\/v2\/product_cat?post=57093"},{"taxonomy":"product_tag","embeddable":true,"href":"https:\/\/www.epicerie-lasource.org\/magasin\/wp-json\/wp\/v2\/product_tag?post=57093"}],"curies":[{"name":"wp","href":"https:\/\/api.w.org\/{rel}","templated":true}]}}