{"id":56516,"date":"2025-08-09T12:10:04","date_gmt":"2025-08-09T10:10:04","guid":{"rendered":"https:\/\/www.epicerie-lasource.org\/magasin\/?post_type=product&#038;p=56516"},"modified":"2026-05-04T21:31:51","modified_gmt":"2026-05-04T19:31:51","slug":"boisson-aux-cranberries-bouteille-verre-75cl","status":"publish","type":"product","link":"https:\/\/www.epicerie-lasource.org\/magasin\/produit\/boisson-aux-cranberries-bouteille-verre-75cl\/","title":{"rendered":"Boisson aux cranberries bouteille verre 75cl"},"content":{"rendered":"<p>Eau, jus de cranberry \u00e0 base de concentr\u00e9 30%, sucre, acidifiant : acide citrique, ar\u00f4me.<\/p>\n<p><span class=\"allergenes_produit\">Les ingr\u00e9dients renseign\u00e9s en majuscule attestent des allerg\u00e8nes pr\u00e9sents dans le ou les produits.<\/span><\/p>\n<h2 class=\"\">VALEURS NUTRITIONNELLES<\/h2>\n<div class=\"\">\n<p>Energie 203 kJ \/ 48 kcal,<\/p>\n<p>Mati\u00e8res grasses 0.1 g dont acides gras satur\u00e9s 0 g,<\/p>\n<p>Glucides 11.5 g dont sucres 11.5 g,<\/p>\n<p>Prot\u00e9ines 0.2 g,<\/p>\n<p>Fibres alimentaires 0.1 g,<\/p>\n<p>Sel 0.03 g.<\/p>\n<\/div>\n","protected":false},"excerpt":{"rendered":"<p>Eau, jus de cranberry \u00e0 base de concentr\u00e9 30%, sucre, acidifiant : acide citrique, ar\u00f4me. Les ingr\u00e9dients renseign\u00e9s en majuscule&#8230;<\/p>\n","protected":false},"featured_media":56517,"comment_status":"closed","ping_status":"closed","template":"","meta":[],"product_cat":[652,475],"product_tag":[],"supplier_id":null,"supplier_sku":"","atum_controlled":true,"out_stock_date":null,"out_stock_threshold":null,"inheritable":false,"inbound_stock":null,"stock_on_hold":2,"sold_today":0,"sales_last_days":10,"out_stock_days":0,"lost_sales":0,"has_location":false,"update_date":"2026-05-05T22:31:09","atum_locations":[],"atum_stock_status":"onbackorder","restock_status":false,"low_stock_amount":2,"sales_update_date":"2026-05-05T22:31:09","calc_backorders":-4,"_links":{"self":[{"href":"https:\/\/www.epicerie-lasource.org\/magasin\/wp-json\/wp\/v2\/product\/56516"}],"collection":[{"href":"https:\/\/www.epicerie-lasource.org\/magasin\/wp-json\/wp\/v2\/product"}],"about":[{"href":"https:\/\/www.epicerie-lasource.org\/magasin\/wp-json\/wp\/v2\/types\/product"}],"replies":[{"embeddable":true,"href":"https:\/\/www.epicerie-lasource.org\/magasin\/wp-json\/wp\/v2\/comments?post=56516"}],"wp:featuredmedia":[{"embeddable":true,"href":"https:\/\/www.epicerie-lasource.org\/magasin\/wp-json\/wp\/v2\/media\/56517"}],"wp:attachment":[{"href":"https:\/\/www.epicerie-lasource.org\/magasin\/wp-json\/wp\/v2\/media?parent=56516"}],"wp:term":[{"taxonomy":"product_cat","embeddable":true,"href":"https:\/\/www.epicerie-lasource.org\/magasin\/wp-json\/wp\/v2\/product_cat?post=56516"},{"taxonomy":"product_tag","embeddable":true,"href":"https:\/\/www.epicerie-lasource.org\/magasin\/wp-json\/wp\/v2\/product_tag?post=56516"}],"curies":[{"name":"wp","href":"https:\/\/api.w.org\/{rel}","templated":true}]}}