{"id":56126,"date":"2025-07-25T17:54:51","date_gmt":"2025-07-25T15:54:51","guid":{"rendered":"https:\/\/www.epicerie-lasource.org\/magasin\/?post_type=product&#038;p=56126"},"modified":"2026-02-18T20:23:43","modified_gmt":"2026-02-18T19:23:43","slug":"shampoing-solide-vegetal-fenugrec-ricin-cheveux-fragilises","status":"publish","type":"product","link":"https:\/\/www.epicerie-lasource.org\/magasin\/produit\/shampoing-solide-vegetal-fenugrec-ricin-cheveux-fragilises\/","title":{"rendered":"Shampoing solide v\u00e9g\u00e9tal F\u00e9nugrec \/ ricin- cheveux fragilis\u00e9s"},"content":{"rendered":"","protected":false},"excerpt":{"rendered":"<div class=\"fl-module fl-module-rich-text fl-node-2rwvc4b9pifj\" data-node=\"2rwvc4b9pifj\">\n<div class=\"fl-module-content fl-node-content\">\n<div class=\"fl-rich-text\">\n<p>Cette barre de shampoing au fenugrec permet de fortifier les cheveux et de lutter contre leur chute gr\u00e2ce \u00e0 l\u2019huile essentielle de c\u00e8dre qui stimule la pousse, ce shampoing solide est un soin complet pour vos cheveux.<\/p>\n<p>Economique, permet de r\u00e9aliser 50 shampoings<\/p>\n<h3 class=\"uabb-heading\"><span class=\"uabb-heading-text\">Composition<\/span><\/h3>\n<div class=\"uabb-subheading uabb-text-editor\">\n<p>&nbsp;<\/p>\n<ul>\n<li><strong>Composition<\/strong> : Huile d\u2019olive vierge*\u00b0, huile de noix de coco*\u00b0, huile de colza*\u00b0, glyc\u00e9rine v\u00e9g\u00e9tale issue de la saponification, eau, huile de ricin*\u00b0, huile de s\u00e9same*\u00b0, huile de jojoba*\u00b0, huiles essentielles de c\u00e8dre de l\u2019atlas*, fenugrec*, argile blanche, huile essentielle de citron* et de romarin*.<\/li>\n<li><strong>INCI<\/strong> : Sodium olivate*, sodium cocoate*, sodium rapeseedate*, glycerin, aqua, sodium castorate*, sodium sesameseedate*, sodium jojobate*, cedrus atlantica bark oil*, trigonella foenum-graecum powder*, kaolin, citrus limon peel oil*, rosmarinus officinalis leaf oil*, limonene**, citral**.<\/li>\n<\/ul>\n<p>*Ingr\u00e9dients issus de l\u2019agriculture biologique.<\/p>\n<p>** Compos\u00e9s naturellement pr\u00e9sents dans les huiles essentielles.<\/p>\n<p>\u00b0 Huile v\u00e9g\u00e9tale saponifi\u00e9e<\/p>\n<\/div>\n<\/div>\n<\/div>\n<\/div>\n","protected":false},"featured_media":58166,"comment_status":"open","ping_status":"closed","template":"","meta":[],"product_cat":[207,652],"product_tag":[],"supplier_id":null,"supplier_sku":"","atum_controlled":true,"out_stock_date":"2026-02-18 19:23:43","out_stock_threshold":null,"inheritable":false,"inbound_stock":null,"stock_on_hold":0,"sold_today":0,"sales_last_days":0,"out_stock_days":53,"lost_sales":38.16,"has_location":false,"update_date":"2026-04-12T22:12:16","atum_locations":[],"atum_stock_status":"outofstock","restock_status":false,"low_stock_amount":"","sales_update_date":"2026-04-12T22:12:16","calc_backorders":null,"_links":{"self":[{"href":"https:\/\/www.epicerie-lasource.org\/magasin\/wp-json\/wp\/v2\/product\/56126"}],"collection":[{"href":"https:\/\/www.epicerie-lasource.org\/magasin\/wp-json\/wp\/v2\/product"}],"about":[{"href":"https:\/\/www.epicerie-lasource.org\/magasin\/wp-json\/wp\/v2\/types\/product"}],"replies":[{"embeddable":true,"href":"https:\/\/www.epicerie-lasource.org\/magasin\/wp-json\/wp\/v2\/comments?post=56126"}],"wp:featuredmedia":[{"embeddable":true,"href":"https:\/\/www.epicerie-lasource.org\/magasin\/wp-json\/wp\/v2\/media\/58166"}],"wp:attachment":[{"href":"https:\/\/www.epicerie-lasource.org\/magasin\/wp-json\/wp\/v2\/media?parent=56126"}],"wp:term":[{"taxonomy":"product_cat","embeddable":true,"href":"https:\/\/www.epicerie-lasource.org\/magasin\/wp-json\/wp\/v2\/product_cat?post=56126"},{"taxonomy":"product_tag","embeddable":true,"href":"https:\/\/www.epicerie-lasource.org\/magasin\/wp-json\/wp\/v2\/product_tag?post=56126"}],"curies":[{"name":"wp","href":"https:\/\/api.w.org\/{rel}","templated":true}]}}