{"id":55543,"date":"2025-06-26T15:05:59","date_gmt":"2025-06-26T13:05:59","guid":{"rendered":"https:\/\/www.epicerie-lasource.org\/magasin\/?post_type=product&#038;p=55543"},"modified":"2026-03-31T09:34:20","modified_gmt":"2026-03-31T07:34:20","slug":"chili-con-carne-bio-420gr-luce-copie","status":"publish","type":"product","link":"https:\/\/www.epicerie-lasource.org\/magasin\/produit\/chili-con-carne-bio-420gr-luce-copie\/","title":{"rendered":"Chili Con Carne Bio 420gr &#8211; Luce"},"content":{"rendered":"","protected":false},"excerpt":{"rendered":"<h2 class=\"titre5 text-quaternary\">Ingr\u00e9dients<\/h2>\n<p>Haricots rouge kidney r\u00e9hydrat\u00e9s* (60%), viande bovine* (12%), concentr\u00e9 de tomates*, cube de tomates*, carottes*, oignon*, c\u00e9leri*, huile d&rsquo;olives vierge extra*, sel marin, amidon de ma\u00efs*, ail*, piment rouge en poudre* (0,09%), origan*, thym*<\/p>\n<p>*Issu de l&rsquo;agriculture biologique<\/p>\n","protected":false},"featured_media":55614,"comment_status":"closed","ping_status":"closed","template":"","meta":[],"product_cat":[652,708,706],"product_tag":[],"supplier_id":23768,"supplier_sku":"","atum_controlled":true,"out_stock_date":null,"out_stock_threshold":null,"inheritable":false,"inbound_stock":null,"stock_on_hold":0,"sold_today":0,"sales_last_days":0,"out_stock_days":0,"lost_sales":0,"has_location":false,"update_date":"2026-05-01T22:29:06","atum_locations":[],"atum_stock_status":"instock","restock_status":false,"low_stock_amount":4,"sales_update_date":"2026-05-01T22:29:06","calc_backorders":0,"_links":{"self":[{"href":"https:\/\/www.epicerie-lasource.org\/magasin\/wp-json\/wp\/v2\/product\/55543"}],"collection":[{"href":"https:\/\/www.epicerie-lasource.org\/magasin\/wp-json\/wp\/v2\/product"}],"about":[{"href":"https:\/\/www.epicerie-lasource.org\/magasin\/wp-json\/wp\/v2\/types\/product"}],"replies":[{"embeddable":true,"href":"https:\/\/www.epicerie-lasource.org\/magasin\/wp-json\/wp\/v2\/comments?post=55543"}],"wp:featuredmedia":[{"embeddable":true,"href":"https:\/\/www.epicerie-lasource.org\/magasin\/wp-json\/wp\/v2\/media\/55614"}],"wp:attachment":[{"href":"https:\/\/www.epicerie-lasource.org\/magasin\/wp-json\/wp\/v2\/media?parent=55543"}],"wp:term":[{"taxonomy":"product_cat","embeddable":true,"href":"https:\/\/www.epicerie-lasource.org\/magasin\/wp-json\/wp\/v2\/product_cat?post=55543"},{"taxonomy":"product_tag","embeddable":true,"href":"https:\/\/www.epicerie-lasource.org\/magasin\/wp-json\/wp\/v2\/product_tag?post=55543"}],"curies":[{"name":"wp","href":"https:\/\/api.w.org\/{rel}","templated":true}]}}