{"id":55542,"date":"2025-06-26T15:00:39","date_gmt":"2025-06-26T13:00:39","guid":{"rendered":"https:\/\/www.epicerie-lasource.org\/magasin\/?post_type=product&#038;p=55542"},"modified":"2026-04-30T18:55:31","modified_gmt":"2026-04-30T16:55:31","slug":"chili-vegetarien-bio-400gr-luce","status":"publish","type":"product","link":"https:\/\/www.epicerie-lasource.org\/magasin\/produit\/chili-vegetarien-bio-400gr-luce\/","title":{"rendered":"Chili V\u00e9g\u00e9tarien Bio 400gr &#8211; Luce"},"content":{"rendered":"","protected":false},"excerpt":{"rendered":"<h2 class=\"titre5 text-quaternary\">Ingr\u00e9dients<\/h2>\n<p>Eau, haricots Kidney*, pur\u00e9e de tomate*, pommes de terre*, poivrons rouges*, ma\u00efs*, oignons*, carottes*, prot\u00e9ine de bl\u00e9* (gluten de bl\u00e9*, bl\u00e9 complet concass\u00e9*, son de bl\u00e9*, sel marin), bouillon de l\u00e9gumes* (sel marin, oignons*, carottes*, poireaux*, panais*, persil*, curcuma*, ail*, muscade*, liv\u00e8che*, poivre*), sel marin, sucre de canne brut*, \u00e9pices*, \u00e9paississant : gomme de guar*, piment* 0,2 %.<\/p>\n<p>*Issu de l&rsquo;agriculture biologique<\/p>\n","protected":false},"featured_media":55615,"comment_status":"closed","ping_status":"closed","template":"","meta":[],"product_cat":[774,652,708,706],"product_tag":[],"supplier_id":23768,"supplier_sku":"","atum_controlled":true,"out_stock_date":null,"out_stock_threshold":null,"inheritable":false,"inbound_stock":null,"stock_on_hold":0,"sold_today":0,"sales_last_days":2,"out_stock_days":0,"lost_sales":0,"has_location":false,"update_date":"2026-05-01T22:29:46","atum_locations":[],"atum_stock_status":"instock","restock_status":false,"low_stock_amount":6,"sales_update_date":"2026-05-01T22:29:46","calc_backorders":0,"_links":{"self":[{"href":"https:\/\/www.epicerie-lasource.org\/magasin\/wp-json\/wp\/v2\/product\/55542"}],"collection":[{"href":"https:\/\/www.epicerie-lasource.org\/magasin\/wp-json\/wp\/v2\/product"}],"about":[{"href":"https:\/\/www.epicerie-lasource.org\/magasin\/wp-json\/wp\/v2\/types\/product"}],"replies":[{"embeddable":true,"href":"https:\/\/www.epicerie-lasource.org\/magasin\/wp-json\/wp\/v2\/comments?post=55542"}],"wp:featuredmedia":[{"embeddable":true,"href":"https:\/\/www.epicerie-lasource.org\/magasin\/wp-json\/wp\/v2\/media\/55615"}],"wp:attachment":[{"href":"https:\/\/www.epicerie-lasource.org\/magasin\/wp-json\/wp\/v2\/media?parent=55542"}],"wp:term":[{"taxonomy":"product_cat","embeddable":true,"href":"https:\/\/www.epicerie-lasource.org\/magasin\/wp-json\/wp\/v2\/product_cat?post=55542"},{"taxonomy":"product_tag","embeddable":true,"href":"https:\/\/www.epicerie-lasource.org\/magasin\/wp-json\/wp\/v2\/product_tag?post=55542"}],"curies":[{"name":"wp","href":"https:\/\/api.w.org\/{rel}","templated":true}]}}