{"id":55302,"date":"2025-06-16T17:00:04","date_gmt":"2025-06-16T15:00:04","guid":{"rendered":"https:\/\/www.epicerie-lasource.org\/magasin\/?post_type=product&#038;p=55302"},"modified":"2026-05-11T22:32:09","modified_gmt":"2026-05-11T20:32:09","slug":"houmous-bio-pot-100g","status":"publish","type":"product","link":"https:\/\/www.epicerie-lasource.org\/magasin\/produit\/houmous-bio-pot-100g\/","title":{"rendered":"Houmous BIO pot 100g"},"content":{"rendered":"","protected":false},"excerpt":{"rendered":"<div class=\"ingredients col-print-4 col-md-4\">\n<h2 class=\"\">Ingr\u00e9dients<\/h2>\n<div class=\"\">\n<p>Pois chiches r\u00e9hydrat\u00e9s* 53% (non UE), eau, huile d&rsquo;olive vierge extra* (UE),pur\u00e9e de s\u00e9same* 3% (non-UE), sel (UE), ail* (UE) jus de<br \/>\ncitron concentr\u00e9* (UE),cumin* (non-UE), poivre blanc moulu* (non-UE).<\/p>\n<p>*Ingr\u00e9dients issus de l&rsquo;agriculture biologique).<br \/>\n<span class=\"allergenes_produit\">Les ingr\u00e9dients renseign\u00e9s en majuscule attestent des allerg\u00e8nes pr\u00e9sents dans le ou les produits.<\/span><\/p>\n<\/div>\n<\/div>\n<div class=\"valeurs_nutritionnelles col-print-4 col-md-4\">\n<h2 class=\"\">Valeurs nutritionnelles<\/h2>\n<div class=\"\">\n<p>Energie 886kJ \/ 212Kcal,<\/p>\n<p>Mati\u00e8res grasses 10g dont acides gras satur\u00e9s 1,4g,<\/p>\n<p>Glucides 15 dont sucres 2,8g,<\/p>\n<p>Fibras alimentaires 4,2g,<\/p>\n<p>Prot\u00e9ines 12g,<\/p>\n<p>Sel 0,71g.<\/p>\n<\/div>\n<\/div>\n<div class=\"infos_produit_detail col-print-4 col-md-4\">\n<h2 class=\"\">Informations produits<\/h2>\n<div class=\"\">\n<p>A conserver \u00e0 temp\u00e9rature ambiante.<\/p>\n<p>Produit garanti sans colorant conform\u00e9ment au mode de production biologique, ni conservateur.<\/p>\n<\/div>\n<\/div>\n","protected":false},"featured_media":55303,"comment_status":"closed","ping_status":"closed","template":"","meta":[],"product_cat":[652,63,707,704],"product_tag":[],"supplier_id":23966,"supplier_sku":"","atum_controlled":true,"out_stock_date":null,"out_stock_threshold":null,"inheritable":false,"inbound_stock":null,"stock_on_hold":1,"sold_today":0,"sales_last_days":1,"out_stock_days":0,"lost_sales":0,"has_location":false,"update_date":"2026-05-12T22:45:28","atum_locations":[],"atum_stock_status":"instock","restock_status":false,"low_stock_amount":2,"sales_update_date":"2026-05-12T22:45:28","calc_backorders":0,"_links":{"self":[{"href":"https:\/\/www.epicerie-lasource.org\/magasin\/wp-json\/wp\/v2\/product\/55302"}],"collection":[{"href":"https:\/\/www.epicerie-lasource.org\/magasin\/wp-json\/wp\/v2\/product"}],"about":[{"href":"https:\/\/www.epicerie-lasource.org\/magasin\/wp-json\/wp\/v2\/types\/product"}],"replies":[{"embeddable":true,"href":"https:\/\/www.epicerie-lasource.org\/magasin\/wp-json\/wp\/v2\/comments?post=55302"}],"wp:featuredmedia":[{"embeddable":true,"href":"https:\/\/www.epicerie-lasource.org\/magasin\/wp-json\/wp\/v2\/media\/55303"}],"wp:attachment":[{"href":"https:\/\/www.epicerie-lasource.org\/magasin\/wp-json\/wp\/v2\/media?parent=55302"}],"wp:term":[{"taxonomy":"product_cat","embeddable":true,"href":"https:\/\/www.epicerie-lasource.org\/magasin\/wp-json\/wp\/v2\/product_cat?post=55302"},{"taxonomy":"product_tag","embeddable":true,"href":"https:\/\/www.epicerie-lasource.org\/magasin\/wp-json\/wp\/v2\/product_tag?post=55302"}],"curies":[{"name":"wp","href":"https:\/\/api.w.org\/{rel}","templated":true}]}}