{"id":55299,"date":"2025-06-16T16:40:19","date_gmt":"2025-06-16T14:40:19","guid":{"rendered":"https:\/\/www.epicerie-lasource.org\/magasin\/?post_type=product&#038;p=55299"},"modified":"2026-02-10T17:23:38","modified_gmt":"2026-02-10T16:23:38","slug":"vin-blanc-sylvaner-jux-aop-bouteille-75cl","status":"publish","type":"product","link":"https:\/\/www.epicerie-lasource.org\/magasin\/produit\/vin-blanc-sylvaner-jux-aop-bouteille-75cl\/","title":{"rendered":"Vin blanc Sylvaner Jux AOP bouteille 75cl"},"content":{"rendered":"","protected":false},"excerpt":{"rendered":"<div class=\"row\">\n<div class=\"ingredients col-print-4 col-md-4\">\n<h2 class=\"\">Descriptif<\/h2>\n<div class=\"\">\n<p>R\u00e9gion : Alsace<\/p>\n<p>Adjectifs : Fruit\u00e9, croquant, acidul\u00e9<\/p>\n<p>C\u00e9page : Sylvaner<\/p>\n<p><span class=\"allergenes_produit\">Les ingr\u00e9dients renseign\u00e9s en majuscule attestent des allerg\u00e8nes pr\u00e9sents dans le ou les produits.<\/span><\/div>\n<\/div>\n<div class=\"valeurs_nutritionnelles col-print-4  col-md-4\">\n<h2 class=\"\">Conseils et info conso<\/h2>\n<div class=\"\">\n<p>Accords Mets-Vins : Id\u00e9al avec des fruits de mer, des tartes sal\u00e9es et des tians de l\u00e9gumes au ch\u00e8vre.<\/p>\n<\/div>\n<\/div>\n<div class=\"infos_produit_detail col-print-4  col-md-4\">\n<h2 class=\"\">Certification<\/h2>\n<div class=\"\">\n<p>AOP<\/p>\n<\/div>\n<\/div>\n<\/div>\n","protected":false},"featured_media":55300,"comment_status":"closed","ping_status":"closed","template":"","meta":[],"product_cat":[22,473],"product_tag":[],"supplier_id":23966,"supplier_sku":"","atum_controlled":true,"out_stock_date":null,"out_stock_threshold":null,"inheritable":false,"inbound_stock":null,"stock_on_hold":0,"sold_today":0,"sales_last_days":0,"out_stock_days":0,"lost_sales":0,"has_location":false,"update_date":"2026-05-04T22:29:14","atum_locations":[],"atum_stock_status":"instock","restock_status":false,"low_stock_amount":1,"sales_update_date":"2026-05-04T22:29:14","calc_backorders":null,"_links":{"self":[{"href":"https:\/\/www.epicerie-lasource.org\/magasin\/wp-json\/wp\/v2\/product\/55299"}],"collection":[{"href":"https:\/\/www.epicerie-lasource.org\/magasin\/wp-json\/wp\/v2\/product"}],"about":[{"href":"https:\/\/www.epicerie-lasource.org\/magasin\/wp-json\/wp\/v2\/types\/product"}],"replies":[{"embeddable":true,"href":"https:\/\/www.epicerie-lasource.org\/magasin\/wp-json\/wp\/v2\/comments?post=55299"}],"wp:featuredmedia":[{"embeddable":true,"href":"https:\/\/www.epicerie-lasource.org\/magasin\/wp-json\/wp\/v2\/media\/55300"}],"wp:attachment":[{"href":"https:\/\/www.epicerie-lasource.org\/magasin\/wp-json\/wp\/v2\/media?parent=55299"}],"wp:term":[{"taxonomy":"product_cat","embeddable":true,"href":"https:\/\/www.epicerie-lasource.org\/magasin\/wp-json\/wp\/v2\/product_cat?post=55299"},{"taxonomy":"product_tag","embeddable":true,"href":"https:\/\/www.epicerie-lasource.org\/magasin\/wp-json\/wp\/v2\/product_tag?post=55299"}],"curies":[{"name":"wp","href":"https:\/\/api.w.org\/{rel}","templated":true}]}}