{"id":55295,"date":"2025-06-16T16:30:45","date_gmt":"2025-06-16T14:30:45","guid":{"rendered":"https:\/\/www.epicerie-lasource.org\/magasin\/?post_type=product&#038;p=55295"},"modified":"2026-04-30T18:40:09","modified_gmt":"2026-04-30T16:40:09","slug":"biscuits-parmesan-sachet-100g","status":"publish","type":"product","link":"https:\/\/www.epicerie-lasource.org\/magasin\/produit\/biscuits-parmesan-sachet-100g\/","title":{"rendered":"Biscuits parmesan sachet 100g"},"content":{"rendered":"","protected":false},"excerpt":{"rendered":"<div class=\"ingredients col-print-4 col-md-4\">\n<h2 class=\"\">Ingr\u00e9dients<\/h2>\n<div class=\"\">\n<p>Farine de BLE, BEURRE, parmesan parmigiano reggiano AOP (LAIT, sel , pr\u00e9sure),OEUF, sucre de canne, poudre de LAIT \u00e9cr\u00e9m\u00e9, sel.<\/p>\n<p><span class=\"allergenes_produit\">Les ingr\u00e9dients renseign\u00e9s en majuscule attestent des allerg\u00e8nes pr\u00e9sents dans le ou les produits.<\/span><\/p>\n<\/div>\n<\/div>\n<div class=\"valeurs_nutritionnelles col-print-4 col-md-4\">\n<h2 class=\"\">Valeurs nutritionnelles<\/h2>\n<div class=\"\">\n<p>Energie 2040 kJ \/ 487kcal,<\/p>\n<p>Mati\u00e8res grasses 24g dont acides gras satur\u00e9s 15g,<\/p>\n<p>Glucides 52g dont sucres 4,2g,<\/p>\n<p>Prot\u00e9ines 13g,<\/p>\n<p>Sel 1,43g.<\/p>\n<\/div>\n<\/div>\n<div class=\"infos_produit_detail col-print-4 col-md-4\">\n<h2 class=\"\">Informations produits<\/h2>\n<div class=\"\">\n<p>A conserver \u00e0 l&rsquo;abri de la chaleur, de la lumi\u00e8re et de l&rsquo;humidit\u00e9.<\/p>\n<p>Traces possibles de fruit \u00e0 coque, soja et arachide.<\/p>\n<\/div>\n<\/div>\n","protected":false},"featured_media":55296,"comment_status":"closed","ping_status":"closed","template":"","meta":[],"product_cat":[652,63,705],"product_tag":[],"supplier_id":23966,"supplier_sku":"","atum_controlled":true,"out_stock_date":null,"out_stock_threshold":null,"inheritable":false,"inbound_stock":null,"stock_on_hold":0,"sold_today":0,"sales_last_days":6,"out_stock_days":0,"lost_sales":0,"has_location":false,"update_date":"2026-05-01T22:29:44","atum_locations":[],"atum_stock_status":"onbackorder","restock_status":false,"low_stock_amount":2,"sales_update_date":"2026-05-01T22:29:44","calc_backorders":-1,"_links":{"self":[{"href":"https:\/\/www.epicerie-lasource.org\/magasin\/wp-json\/wp\/v2\/product\/55295"}],"collection":[{"href":"https:\/\/www.epicerie-lasource.org\/magasin\/wp-json\/wp\/v2\/product"}],"about":[{"href":"https:\/\/www.epicerie-lasource.org\/magasin\/wp-json\/wp\/v2\/types\/product"}],"replies":[{"embeddable":true,"href":"https:\/\/www.epicerie-lasource.org\/magasin\/wp-json\/wp\/v2\/comments?post=55295"}],"wp:featuredmedia":[{"embeddable":true,"href":"https:\/\/www.epicerie-lasource.org\/magasin\/wp-json\/wp\/v2\/media\/55296"}],"wp:attachment":[{"href":"https:\/\/www.epicerie-lasource.org\/magasin\/wp-json\/wp\/v2\/media?parent=55295"}],"wp:term":[{"taxonomy":"product_cat","embeddable":true,"href":"https:\/\/www.epicerie-lasource.org\/magasin\/wp-json\/wp\/v2\/product_cat?post=55295"},{"taxonomy":"product_tag","embeddable":true,"href":"https:\/\/www.epicerie-lasource.org\/magasin\/wp-json\/wp\/v2\/product_tag?post=55295"}],"curies":[{"name":"wp","href":"https:\/\/api.w.org\/{rel}","templated":true}]}}