{"id":54887,"date":"2025-08-15T15:56:06","date_gmt":"2025-08-15T13:56:06","guid":{"rendered":"https:\/\/www.epicerie-lasource.org\/magasin\/?post_type=product&#038;p=54887"},"modified":"2026-05-04T21:36:00","modified_gmt":"2026-05-04T19:36:00","slug":"le-baeck-houck-coquelicot-graine-de-pavot-250gr-la-fromagerie-deecke","status":"publish","type":"product","link":"https:\/\/www.epicerie-lasource.org\/magasin\/produit\/le-baeck-houck-coquelicot-graine-de-pavot-250gr-la-fromagerie-deecke\/","title":{"rendered":"\u00ab\u00a0Le Baeck Houck\u00a0\u00bb Coquelicot\/Graine de pavot  250gr &#8211; La fromagerie d&rsquo;Eecke"},"content":{"rendered":"","protected":false},"excerpt":{"rendered":"<p>Les graines de pavot grill\u00e9es lui conf\u00e8rent des ar\u00f4mes subtilement fum\u00e9s de noisette , caf\u00e9 et chocolat. Les p\u00e9tales de coquelicot ajoutent une touche florale et d\u00e9licate.<br \/>\nEn portion de 250gr environ sous vide.<\/p>\n<p>21,10\/kg<\/p>\n","protected":false},"featured_media":54953,"comment_status":"closed","ping_status":"closed","template":"","meta":[],"product_cat":[25,652],"product_tag":[],"supplier_id":null,"supplier_sku":"","atum_controlled":false,"out_stock_date":null,"out_stock_threshold":null,"inheritable":false,"inbound_stock":null,"stock_on_hold":0,"sold_today":0,"sales_last_days":4,"out_stock_days":0,"lost_sales":0,"has_location":false,"update_date":"2026-05-13T22:45:43","atum_locations":[],"atum_stock_status":"onbackorder","restock_status":false,"low_stock_amount":"","sales_update_date":"2026-05-13T22:45:42","calc_backorders":-6,"_links":{"self":[{"href":"https:\/\/www.epicerie-lasource.org\/magasin\/wp-json\/wp\/v2\/product\/54887"}],"collection":[{"href":"https:\/\/www.epicerie-lasource.org\/magasin\/wp-json\/wp\/v2\/product"}],"about":[{"href":"https:\/\/www.epicerie-lasource.org\/magasin\/wp-json\/wp\/v2\/types\/product"}],"replies":[{"embeddable":true,"href":"https:\/\/www.epicerie-lasource.org\/magasin\/wp-json\/wp\/v2\/comments?post=54887"}],"wp:featuredmedia":[{"embeddable":true,"href":"https:\/\/www.epicerie-lasource.org\/magasin\/wp-json\/wp\/v2\/media\/54953"}],"wp:attachment":[{"href":"https:\/\/www.epicerie-lasource.org\/magasin\/wp-json\/wp\/v2\/media?parent=54887"}],"wp:term":[{"taxonomy":"product_cat","embeddable":true,"href":"https:\/\/www.epicerie-lasource.org\/magasin\/wp-json\/wp\/v2\/product_cat?post=54887"},{"taxonomy":"product_tag","embeddable":true,"href":"https:\/\/www.epicerie-lasource.org\/magasin\/wp-json\/wp\/v2\/product_tag?post=54887"}],"curies":[{"name":"wp","href":"https:\/\/api.w.org\/{rel}","templated":true}]}}