{"id":54491,"date":"2025-05-16T14:08:49","date_gmt":"2025-05-16T12:08:49","guid":{"rendered":"https:\/\/www.epicerie-lasource.org\/magasin\/?post_type=product&#038;p=54491"},"modified":"2026-02-04T10:59:04","modified_gmt":"2026-02-04T09:59:04","slug":"couteau-petit-legumes-inox-2","status":"publish","type":"product","link":"https:\/\/www.epicerie-lasource.org\/magasin\/produit\/couteau-petit-legumes-inox-2\/","title":{"rendered":"Couteau petit l\u00e9gumes Inox"},"content":{"rendered":"","protected":false},"excerpt":{"rendered":"<p>Couteau id\u00e9al pour pr\u00e9parer les l\u00e9gumes, les fruits\u2026 Manche en bois de h\u00eatre huil\u00e9 et lame en carbone.<br \/>\nDimension : Manche 10 cm | Lame 7,5 cm<\/p>\n<p>Int\u00e9r\u00eats \u00e9cologiques<\/p>\n<p>Couteau de qualit\u00e9, \u00e0 grande dur\u00e9e de vie.<\/p>\n","protected":false},"featured_media":29093,"comment_status":"closed","ping_status":"closed","template":"","meta":[],"product_cat":[256,324,652],"product_tag":[],"supplier_id":24929,"supplier_sku":"","atum_controlled":true,"out_stock_date":null,"out_stock_threshold":null,"inheritable":false,"inbound_stock":null,"stock_on_hold":0,"sold_today":0,"sales_last_days":0,"out_stock_days":0,"lost_sales":0,"has_location":false,"update_date":"2026-04-24T22:20:29","atum_locations":[],"atum_stock_status":"instock","restock_status":false,"low_stock_amount":"","sales_update_date":"2026-04-24T22:20:29","calc_backorders":0,"_links":{"self":[{"href":"https:\/\/www.epicerie-lasource.org\/magasin\/wp-json\/wp\/v2\/product\/54491"}],"collection":[{"href":"https:\/\/www.epicerie-lasource.org\/magasin\/wp-json\/wp\/v2\/product"}],"about":[{"href":"https:\/\/www.epicerie-lasource.org\/magasin\/wp-json\/wp\/v2\/types\/product"}],"replies":[{"embeddable":true,"href":"https:\/\/www.epicerie-lasource.org\/magasin\/wp-json\/wp\/v2\/comments?post=54491"}],"wp:featuredmedia":[{"embeddable":true,"href":"https:\/\/www.epicerie-lasource.org\/magasin\/wp-json\/wp\/v2\/media\/29093"}],"wp:attachment":[{"href":"https:\/\/www.epicerie-lasource.org\/magasin\/wp-json\/wp\/v2\/media?parent=54491"}],"wp:term":[{"taxonomy":"product_cat","embeddable":true,"href":"https:\/\/www.epicerie-lasource.org\/magasin\/wp-json\/wp\/v2\/product_cat?post=54491"},{"taxonomy":"product_tag","embeddable":true,"href":"https:\/\/www.epicerie-lasource.org\/magasin\/wp-json\/wp\/v2\/product_tag?post=54491"}],"curies":[{"name":"wp","href":"https:\/\/api.w.org\/{rel}","templated":true}]}}