{"id":54490,"date":"2025-05-16T13:47:55","date_gmt":"2025-05-16T11:47:55","guid":{"rendered":"https:\/\/www.epicerie-lasource.org\/magasin\/?post_type=product&#038;p=54490"},"modified":"2026-04-07T21:06:00","modified_gmt":"2026-04-07T19:06:00","slug":"boite-de-80-filtres-a-cafe-n4-bruns","status":"publish","type":"product","link":"https:\/\/www.epicerie-lasource.org\/magasin\/produit\/boite-de-80-filtres-a-cafe-n4-bruns\/","title":{"rendered":"Bo\u00eete de 80 filtres \u00e0 caf\u00e9 n\u00b04 bruns"},"content":{"rendered":"","protected":false},"excerpt":{"rendered":"<p>80 filtres \u00e0 caf\u00e9 fabriqu\u00e9s \u00e0 partir de fibres de cellulose 100% v\u00e9g\u00e9tales et non blanchies pour pr\u00e9server les ar\u00f4mes du caf\u00e9. Ils sont compostables et certifi\u00e9s FSC tout comme l\u2019\u00e9tui qui les contient.<\/p>\n<div class=\"description\" data-v-d3709afa=\"\">\n<div class=\"description\" data-v-d3709afa=\"\">\n<h4 class=\"ak-heading--4 ds-text-primary\" data-v-31657ff4=\"\" data-v-d3709afa=\"\"><\/h4>\n<\/div>\n<\/div>\n","protected":false},"featured_media":54608,"comment_status":"closed","ping_status":"closed","template":"","meta":[],"product_cat":[256,324,652],"product_tag":[],"supplier_id":24929,"supplier_sku":"","atum_controlled":true,"out_stock_date":"2026-04-07 19:06:00","out_stock_threshold":null,"inheritable":false,"inbound_stock":null,"stock_on_hold":0,"sold_today":0,"sales_last_days":1,"out_stock_days":17,"lost_sales":5.8285714285714,"has_location":false,"update_date":"2026-04-24T22:18:51","atum_locations":[],"atum_stock_status":"outofstock","restock_status":false,"low_stock_amount":"","sales_update_date":"2026-04-24T22:18:51","calc_backorders":null,"_links":{"self":[{"href":"https:\/\/www.epicerie-lasource.org\/magasin\/wp-json\/wp\/v2\/product\/54490"}],"collection":[{"href":"https:\/\/www.epicerie-lasource.org\/magasin\/wp-json\/wp\/v2\/product"}],"about":[{"href":"https:\/\/www.epicerie-lasource.org\/magasin\/wp-json\/wp\/v2\/types\/product"}],"replies":[{"embeddable":true,"href":"https:\/\/www.epicerie-lasource.org\/magasin\/wp-json\/wp\/v2\/comments?post=54490"}],"wp:featuredmedia":[{"embeddable":true,"href":"https:\/\/www.epicerie-lasource.org\/magasin\/wp-json\/wp\/v2\/media\/54608"}],"wp:attachment":[{"href":"https:\/\/www.epicerie-lasource.org\/magasin\/wp-json\/wp\/v2\/media?parent=54490"}],"wp:term":[{"taxonomy":"product_cat","embeddable":true,"href":"https:\/\/www.epicerie-lasource.org\/magasin\/wp-json\/wp\/v2\/product_cat?post=54490"},{"taxonomy":"product_tag","embeddable":true,"href":"https:\/\/www.epicerie-lasource.org\/magasin\/wp-json\/wp\/v2\/product_tag?post=54490"}],"curies":[{"name":"wp","href":"https:\/\/api.w.org\/{rel}","templated":true}]}}