{"id":54488,"date":"2025-05-16T13:33:59","date_gmt":"2025-05-16T11:33:59","guid":{"rendered":"https:\/\/www.epicerie-lasource.org\/magasin\/?post_type=product&#038;p=54488"},"modified":"2025-05-21T21:46:57","modified_gmt":"2025-05-21T19:46:57","slug":"kit-de-3-bizz-bizz-ronds-patchwork","status":"publish","type":"product","link":"https:\/\/www.epicerie-lasource.org\/magasin\/produit\/kit-de-3-bizz-bizz-ronds-patchwork\/","title":{"rendered":"Kit de 3 Bizz-bizz ronds patchwork"},"content":{"rendered":"","protected":false},"excerpt":{"rendered":"<p class=\"p1\">Indispensables dans une cuisine z\u00e9ro d\u00e9chet, ils sont une v\u00e9ritable alternative au film \u00e9tirable et au papier aluminium. Multi-usages et lavables (\u00e0 l\u2019eau ti\u00e8de avec du savon bio), ils s\u2019adaptent \u00e0 toutes les formes de contenants et d\u2019aliments (go\u00fbters des enfants, sandwichs\u2026).<\/p>\n<p class=\"p1\">Les Bizz-bizz<span class=\"Apple-converted-space\">\u00ae\u00a0<\/span>sont fabriqu\u00e9s artisanalement en Bretagne uniquement \u00e0 partir de mat\u00e9riaux bio\u00a0: coton bio certifi\u00e9 GOTS, cire d\u2019abeille issue de l\u2019Apiculture Biologique, huile de colza et r\u00e9sine de pin issues de l\u2019Agriculture Biologique. Le conditionnement est assur\u00e9 par un ESAT de Bretagne. L\u2019emballage est en carton apte au contact alimentaire.<\/p>\n<p>Taille<\/p>\n<p>Sm = \u00f8 20 cm<br \/>\nM = \u00f8 25 cm<br \/>\nL = \u00f8 36 cm<\/p>\n","protected":false},"featured_media":54609,"comment_status":"closed","ping_status":"closed","template":"","meta":[],"product_cat":[256,324,652],"product_tag":[],"supplier_id":24929,"supplier_sku":"","atum_controlled":true,"out_stock_date":null,"out_stock_threshold":null,"inheritable":false,"inbound_stock":null,"stock_on_hold":0,"sold_today":0,"sales_last_days":0,"out_stock_days":0,"lost_sales":0,"has_location":false,"update_date":"2026-04-25T22:19:34","atum_locations":[],"atum_stock_status":"instock","restock_status":false,"low_stock_amount":"","sales_update_date":"2026-04-25T22:19:34","calc_backorders":null,"_links":{"self":[{"href":"https:\/\/www.epicerie-lasource.org\/magasin\/wp-json\/wp\/v2\/product\/54488"}],"collection":[{"href":"https:\/\/www.epicerie-lasource.org\/magasin\/wp-json\/wp\/v2\/product"}],"about":[{"href":"https:\/\/www.epicerie-lasource.org\/magasin\/wp-json\/wp\/v2\/types\/product"}],"replies":[{"embeddable":true,"href":"https:\/\/www.epicerie-lasource.org\/magasin\/wp-json\/wp\/v2\/comments?post=54488"}],"wp:featuredmedia":[{"embeddable":true,"href":"https:\/\/www.epicerie-lasource.org\/magasin\/wp-json\/wp\/v2\/media\/54609"}],"wp:attachment":[{"href":"https:\/\/www.epicerie-lasource.org\/magasin\/wp-json\/wp\/v2\/media?parent=54488"}],"wp:term":[{"taxonomy":"product_cat","embeddable":true,"href":"https:\/\/www.epicerie-lasource.org\/magasin\/wp-json\/wp\/v2\/product_cat?post=54488"},{"taxonomy":"product_tag","embeddable":true,"href":"https:\/\/www.epicerie-lasource.org\/magasin\/wp-json\/wp\/v2\/product_tag?post=54488"}],"curies":[{"name":"wp","href":"https:\/\/api.w.org\/{rel}","templated":true}]}}