{"id":54324,"date":"2025-05-12T15:56:32","date_gmt":"2025-05-12T13:56:32","guid":{"rendered":"https:\/\/www.epicerie-lasource.org\/magasin\/?post_type=product&#038;p=54324"},"modified":"2026-02-11T10:50:03","modified_gmt":"2026-02-11T09:50:03","slug":"muscade-entiere-bio-consigne-id-bio-30-g","status":"publish","type":"product","link":"https:\/\/www.epicerie-lasource.org\/magasin\/produit\/muscade-entiere-bio-consigne-id-bio-30-g\/","title":{"rendered":"Muscade entiere bio (consigne) &#8211; ID Bio &#8211; 30 g"},"content":{"rendered":"","protected":false},"excerpt":{"rendered":"<p>Noix de muscade enti\u00e8re pot en verre de 30 grs. de chez ID BIO<br \/>\nPot en r\u00e9emploi<\/p>\n<p>La Muscade enti\u00e8re bio r\u00e9v\u00e8le son parfum l\u00e9g\u00e8rement chaud et sucr\u00e9 d\u00e8s qu\u2019on la rappe. Ainsi, elle peut \u00eatre utilis\u00e9e aussi bien en cuisine sal\u00e9e ou sucr\u00e9e.<br \/>\nSa saveur puissante fait que c\u2019est une \u00e9pice \u00e0 utiliser avec mod\u00e9ration. L\u2019id\u00e9al est de la r\u00e2per au fur et \u00e0 mesure de ses besoins pour garder tous ses ar\u00f4mes.<br \/>\nElle agr\u00e9mente de nombreux plats comme le gratin dauphinois et bien entendu la b\u00e9chamel.<\/p>\n<p>Attention une consommation \u00e0 haute dose (plus de 5g par jour) est d\u00e9conseill\u00e9e. Soyez rassur\u00e9s, les quantit\u00e9s utilis\u00e9es pour les pr\u00e9parations sont beaucoup plus minimes.<\/p>\n","protected":false},"featured_media":54325,"comment_status":"closed","ping_status":"closed","template":"","meta":[],"product_cat":[652,63,704],"product_tag":[],"supplier_id":23768,"supplier_sku":"","atum_controlled":true,"out_stock_date":null,"out_stock_threshold":null,"inheritable":false,"inbound_stock":null,"stock_on_hold":0,"sold_today":0,"sales_last_days":0,"out_stock_days":0,"lost_sales":0,"has_location":false,"update_date":"2026-05-05T22:29:43","atum_locations":[],"atum_stock_status":"instock","restock_status":false,"low_stock_amount":"","sales_update_date":"2026-05-05T22:29:43","calc_backorders":0,"_links":{"self":[{"href":"https:\/\/www.epicerie-lasource.org\/magasin\/wp-json\/wp\/v2\/product\/54324"}],"collection":[{"href":"https:\/\/www.epicerie-lasource.org\/magasin\/wp-json\/wp\/v2\/product"}],"about":[{"href":"https:\/\/www.epicerie-lasource.org\/magasin\/wp-json\/wp\/v2\/types\/product"}],"replies":[{"embeddable":true,"href":"https:\/\/www.epicerie-lasource.org\/magasin\/wp-json\/wp\/v2\/comments?post=54324"}],"wp:featuredmedia":[{"embeddable":true,"href":"https:\/\/www.epicerie-lasource.org\/magasin\/wp-json\/wp\/v2\/media\/54325"}],"wp:attachment":[{"href":"https:\/\/www.epicerie-lasource.org\/magasin\/wp-json\/wp\/v2\/media?parent=54324"}],"wp:term":[{"taxonomy":"product_cat","embeddable":true,"href":"https:\/\/www.epicerie-lasource.org\/magasin\/wp-json\/wp\/v2\/product_cat?post=54324"},{"taxonomy":"product_tag","embeddable":true,"href":"https:\/\/www.epicerie-lasource.org\/magasin\/wp-json\/wp\/v2\/product_tag?post=54324"}],"curies":[{"name":"wp","href":"https:\/\/api.w.org\/{rel}","templated":true}]}}