{"id":54026,"date":"2025-04-30T21:26:31","date_gmt":"2025-04-30T19:26:31","guid":{"rendered":"https:\/\/www.epicerie-lasource.org\/magasin\/?post_type=product&#038;p=54026"},"modified":"2026-02-02T14:51:07","modified_gmt":"2026-02-02T13:51:07","slug":"gommage-visage-et-corps","status":"publish","type":"product","link":"https:\/\/www.epicerie-lasource.org\/magasin\/produit\/gommage-visage-et-corps\/","title":{"rendered":"Gommage Visage et Corps"},"content":{"rendered":"","protected":false},"excerpt":{"rendered":"<p>Eau Florale de Calendula et poudre de noyaux d&rsquo;abricots<\/p>\n<p>Fiche produit disponible en \u00e9picerie et bient\u00f4t sur la boutique ! Restez connect\u00e9 !<\/p>\n","protected":false},"featured_media":54339,"comment_status":"open","ping_status":"closed","template":"","meta":[],"product_cat":[207,652],"product_tag":[],"supplier_id":null,"supplier_sku":"","atum_controlled":true,"out_stock_date":"2026-02-02 13:51:07","out_stock_threshold":null,"inheritable":false,"inbound_stock":null,"stock_on_hold":0,"sold_today":0,"sales_last_days":0,"out_stock_days":69,"lost_sales":110.69571428571,"has_location":false,"update_date":"2026-04-12T22:11:52","atum_locations":[],"atum_stock_status":"outofstock","restock_status":false,"low_stock_amount":"","sales_update_date":"2026-04-12T22:11:52","calc_backorders":null,"_links":{"self":[{"href":"https:\/\/www.epicerie-lasource.org\/magasin\/wp-json\/wp\/v2\/product\/54026"}],"collection":[{"href":"https:\/\/www.epicerie-lasource.org\/magasin\/wp-json\/wp\/v2\/product"}],"about":[{"href":"https:\/\/www.epicerie-lasource.org\/magasin\/wp-json\/wp\/v2\/types\/product"}],"replies":[{"embeddable":true,"href":"https:\/\/www.epicerie-lasource.org\/magasin\/wp-json\/wp\/v2\/comments?post=54026"}],"wp:featuredmedia":[{"embeddable":true,"href":"https:\/\/www.epicerie-lasource.org\/magasin\/wp-json\/wp\/v2\/media\/54339"}],"wp:attachment":[{"href":"https:\/\/www.epicerie-lasource.org\/magasin\/wp-json\/wp\/v2\/media?parent=54026"}],"wp:term":[{"taxonomy":"product_cat","embeddable":true,"href":"https:\/\/www.epicerie-lasource.org\/magasin\/wp-json\/wp\/v2\/product_cat?post=54026"},{"taxonomy":"product_tag","embeddable":true,"href":"https:\/\/www.epicerie-lasource.org\/magasin\/wp-json\/wp\/v2\/product_tag?post=54026"}],"curies":[{"name":"wp","href":"https:\/\/api.w.org\/{rel}","templated":true}]}}