{"id":54011,"date":"2025-04-30T20:56:21","date_gmt":"2025-04-30T18:56:21","guid":{"rendered":"https:\/\/www.epicerie-lasource.org\/magasin\/?post_type=product&#038;p=54011"},"modified":"2025-10-22T17:04:38","modified_gmt":"2025-10-22T15:04:38","slug":"savon-a-froid-surgras-au-lait-de-chevre-le-tout-doux","status":"publish","type":"product","link":"https:\/\/www.epicerie-lasource.org\/magasin\/produit\/savon-a-froid-surgras-au-lait-de-chevre-le-tout-doux\/","title":{"rendered":"Savon \u00e0 froid Surgras au lait de ch\u00e8vre  \u201cLe tout doux\u00a0\u00bb"},"content":{"rendered":"","protected":false},"excerpt":{"rendered":"<div class=\"fl-col fl-node-kabpgw5mo4xu fl-col-small\" data-node=\"kabpgw5mo4xu\">\n<div class=\"fl-col-content fl-node-content\">\n<div class=\"fl-module fl-module-uabb-heading fl-node-0yuwxzv6trmn\" data-node=\"0yuwxzv6trmn\">\n<div class=\"fl-module-content fl-node-content\">\n<div class=\"uabb-module-content uabb-heading-wrapper uabb-heading-align- \">\n<div class=\"fl-col fl-node-kabpgw5mo4xu fl-col-small\" data-node=\"kabpgw5mo4xu\">\n<div class=\"fl-col-content fl-node-content\">\n<div class=\"fl-module fl-module-uabb-heading fl-node-0yuwxzv6trmn\" data-node=\"0yuwxzv6trmn\">\n<div class=\"fl-module-content fl-node-content\">\n<div class=\"uabb-module-content uabb-heading-wrapper uabb-heading-align- \">\n<div class=\"fl-col fl-node-kabpgw5mo4xu fl-col-small\" data-node=\"kabpgw5mo4xu\">\n<div class=\"fl-col-content fl-node-content\">\n<div class=\"fl-module fl-module-uabb-heading fl-node-0yuwxzv6trmn\" data-node=\"0yuwxzv6trmn\">\n<div class=\"fl-module-content fl-node-content\">\n<div class=\"uabb-module-content uabb-heading-wrapper uabb-heading-align- \">\n<div class=\"fl-col fl-node-kabpgw5mo4xu fl-col-small\" data-node=\"kabpgw5mo4xu\">\n<div class=\"fl-col-content fl-node-content\">\n<div class=\"fl-module fl-module-uabb-heading fl-node-0yuwxzv6trmn\" data-node=\"0yuwxzv6trmn\">\n<div class=\"fl-module-content fl-node-content\">\n<div class=\"uabb-module-content uabb-heading-wrapper uabb-heading-align- \">\n<div class=\"fl-col fl-node-kabpgw5mo4xu fl-col-small\" data-node=\"kabpgw5mo4xu\">\n<div class=\"fl-col-content fl-node-content\">\n<div class=\"fl-module fl-module-uabb-heading fl-node-0yuwxzv6trmn\" data-node=\"0yuwxzv6trmn\">\n<div class=\"fl-module-content fl-node-content\">\n<div class=\"uabb-module-content uabb-heading-wrapper uabb-heading-align- \">\n<div class=\"fl-col fl-node-kabpgw5mo4xu fl-col-small\" data-node=\"kabpgw5mo4xu\">\n<div class=\"fl-col-content fl-node-content\">\n<div class=\"fl-module fl-module-uabb-heading fl-node-0yuwxzv6trmn\" data-node=\"0yuwxzv6trmn\">\n<div class=\"fl-module-content fl-node-content\">\n<div class=\"uabb-module-content uabb-heading-wrapper uabb-heading-align- \">\n<div class=\"fl-col fl-node-kabpgw5mo4xu fl-col-small\" data-node=\"kabpgw5mo4xu\">\n<div class=\"fl-col-content fl-node-content\">\n<div class=\"fl-module fl-module-uabb-heading fl-node-0yuwxzv6trmn\" data-node=\"0yuwxzv6trmn\">\n<div class=\"fl-module-content fl-node-content\">\n<div class=\"uabb-module-content uabb-heading-wrapper uabb-heading-align- \">\n<div class=\"fl-col fl-node-kabpgw5mo4xu fl-col-small\" data-node=\"kabpgw5mo4xu\">\n<div class=\"fl-col-content fl-node-content\">\n<div class=\"fl-module fl-module-uabb-heading fl-node-0yuwxzv6trmn\" data-node=\"0yuwxzv6trmn\">\n<div class=\"fl-module-content fl-node-content\">\n<div class=\"uabb-module-content uabb-heading-wrapper uabb-heading-align- \">\n<div class=\"fl-col fl-node-kabpgw5mo4xu fl-col-small\" data-node=\"kabpgw5mo4xu\">\n<div class=\"fl-col-content fl-node-content\">\n<div class=\"fl-module fl-module-uabb-heading fl-node-0yuwxzv6trmn\" data-node=\"0yuwxzv6trmn\">\n<div class=\"fl-module-content fl-node-content\">\n<div class=\"uabb-module-content uabb-heading-wrapper uabb-heading-align- \">\n<div class=\"fl-col fl-node-kabpgw5mo4xu fl-col-small\" data-node=\"kabpgw5mo4xu\">\n<div class=\"fl-col-content fl-node-content\">\n<div class=\"fl-module fl-module-uabb-heading fl-node-0yuwxzv6trmn\" data-node=\"0yuwxzv6trmn\">\n<div class=\"fl-module-content fl-node-content\">\n<div class=\"uabb-module-content uabb-heading-wrapper uabb-heading-align- \">\n<div class=\"fl-col fl-node-kabpgw5mo4xu fl-col-small\" data-node=\"kabpgw5mo4xu\">\n<div class=\"fl-col-content fl-node-content\">\n<div class=\"fl-module fl-module-uabb-heading fl-node-0yuwxzv6trmn\" data-node=\"0yuwxzv6trmn\">\n<div class=\"fl-module-content fl-node-content\">\n<div class=\"uabb-module-content uabb-heading-wrapper uabb-heading-align- \">\n<h3 class=\"uabb-heading\"><span class=\"uabb-heading-text\">CONSEILS D&rsquo;UTILISATION<\/span><\/h3>\n<div class=\"uabb-subheading uabb-text-editor\">\n<ul>\n<li><strong>Pour le visage :<\/strong>\u00a0Faire mousser dans les mains et appliquer sur le visage puis rincer.<\/li>\n<li><strong>Pour le corps :<\/strong>\u00a0Utiliser un gant ou une fleur de douche, faire mousser, frotter et rincer.<\/li>\n<li>Evitez le contact avec les yeux.<\/li>\n<\/ul>\n<\/div>\n<\/div>\n<\/div>\n<\/div>\n<\/div>\n<\/div>\n<div class=\"fl-col fl-node-1o5bmlinhwty fl-col-small\" data-node=\"1o5bmlinhwty\">\n<div class=\"fl-col-content fl-node-content\">\n<div class=\"fl-module fl-module-uabb-heading fl-node-w45mpc9gtaid\" data-node=\"w45mpc9gtaid\">\n<div class=\"fl-module-content fl-node-content\">\n<div class=\"uabb-module-content uabb-heading-wrapper uabb-heading-align- \">\n<h3 class=\"uabb-heading\"><span class=\"uabb-heading-text\">COMPOSITION<\/span><\/h3>\n<div class=\"uabb-subheading uabb-text-editor\">\n<ul>\n<li><strong>Composition<\/strong> : Huile d\u2019olive vierge*\u00b0, huile de noix de coco*\u00b0, huile de colza*\u00b0, glyc\u00e9rine v\u00e9g\u00e9tale issue de la saponification, lait de ch\u00e8vre*, beurre de karit\u00e9*\u00b0, huile de s\u00e9same*\u00b0, huile de lin*\u00b0, argile jaune, calendula* et camomille*.<\/li>\n<li><strong>INCI<\/strong> : sodium olivate*, sodium cocoate*, sodium rapeseedate*, glycerin, caprea lac*, sodium sheabutterate*, sodium sesameseedate*, sodium linseedate*, illite, calendula officinalis flower*, anthemis nobilis flower extract*.<\/li>\n<\/ul>\n<p><em>*Ingr\u00e9dients issus de l\u2019agriculture biologique.<\/em><\/p>\n<p><em>** Compos\u00e9s naturellement pr\u00e9sents dans les huiles essentielles.<\/em><\/p>\n<p>\u00b0\u00a0Huile v\u00e9g\u00e9tale saponifi\u00e9e<\/p>\n<\/div>\n<\/div>\n<\/div>\n<\/div>\n<\/div>\n<\/div>\n<\/div>\n<\/div>\n<\/div>\n<\/div>\n<\/div>\n<\/div>\n<\/div>\n<\/div>\n<\/div>\n<\/div>\n<\/div>\n<\/div>\n<\/div>\n<\/div>\n<\/div>\n<\/div>\n<\/div>\n<\/div>\n<\/div>\n<\/div>\n<\/div>\n<\/div>\n<\/div>\n<\/div>\n<\/div>\n<\/div>\n<\/div>\n<\/div>\n<\/div>\n<\/div>\n<\/div>\n<\/div>\n<\/div>\n<\/div>\n<\/div>\n<\/div>\n<\/div>\n<\/div>\n<\/div>\n<\/div>\n<\/div>\n<\/div>\n<\/div>\n<\/div>\n<\/div>\n<\/div>\n<\/div>\n<\/div>\n<\/div>\n<\/div>\n<div class=\"uabb-subheading uabb-text-editor\">\n<p><strong>Pain de 100g<\/strong><\/p>\n<\/div>\n","protected":false},"featured_media":54343,"comment_status":"open","ping_status":"closed","template":"","meta":[],"product_cat":[207,652],"product_tag":[],"supplier_id":null,"supplier_sku":"","atum_controlled":true,"out_stock_date":"2025-10-22 15:04:38","out_stock_threshold":null,"inheritable":false,"inbound_stock":null,"stock_on_hold":0,"sold_today":0,"sales_last_days":0,"out_stock_days":173,"lost_sales":108.49571428571,"has_location":false,"update_date":"2026-04-13T22:11:36","atum_locations":[],"atum_stock_status":"outofstock","restock_status":false,"low_stock_amount":"","sales_update_date":"2026-04-13T22:11:36","calc_backorders":null,"_links":{"self":[{"href":"https:\/\/www.epicerie-lasource.org\/magasin\/wp-json\/wp\/v2\/product\/54011"}],"collection":[{"href":"https:\/\/www.epicerie-lasource.org\/magasin\/wp-json\/wp\/v2\/product"}],"about":[{"href":"https:\/\/www.epicerie-lasource.org\/magasin\/wp-json\/wp\/v2\/types\/product"}],"replies":[{"embeddable":true,"href":"https:\/\/www.epicerie-lasource.org\/magasin\/wp-json\/wp\/v2\/comments?post=54011"}],"wp:featuredmedia":[{"embeddable":true,"href":"https:\/\/www.epicerie-lasource.org\/magasin\/wp-json\/wp\/v2\/media\/54343"}],"wp:attachment":[{"href":"https:\/\/www.epicerie-lasource.org\/magasin\/wp-json\/wp\/v2\/media?parent=54011"}],"wp:term":[{"taxonomy":"product_cat","embeddable":true,"href":"https:\/\/www.epicerie-lasource.org\/magasin\/wp-json\/wp\/v2\/product_cat?post=54011"},{"taxonomy":"product_tag","embeddable":true,"href":"https:\/\/www.epicerie-lasource.org\/magasin\/wp-json\/wp\/v2\/product_tag?post=54011"}],"curies":[{"name":"wp","href":"https:\/\/api.w.org\/{rel}","templated":true}]}}