{"id":54002,"date":"2025-04-30T20:40:21","date_gmt":"2025-04-30T18:40:21","guid":{"rendered":"https:\/\/www.epicerie-lasource.org\/magasin\/?post_type=product&#038;p=54002"},"modified":"2026-03-29T14:17:05","modified_gmt":"2026-03-29T12:17:05","slug":"deodorant-solide-vegetal-bio-menthe-poivree-et-ravintsara","status":"publish","type":"product","link":"https:\/\/www.epicerie-lasource.org\/magasin\/produit\/deodorant-solide-vegetal-bio-menthe-poivree-et-ravintsara\/","title":{"rendered":"D\u00e9odorant solide v\u00e9g\u00e9tal BIO \u2013 Menthe poivr\u00e9e et ravintsara"},"content":{"rendered":"","protected":false},"excerpt":{"rendered":"<div class=\"fl-col fl-node-kabpgw5mo4xu fl-col-small\" data-node=\"kabpgw5mo4xu\">\n<div class=\"fl-col-content fl-node-content\">\n<div class=\"fl-module fl-module-uabb-heading fl-node-0yuwxzv6trmn\" data-node=\"0yuwxzv6trmn\">\n<div class=\"fl-module-content fl-node-content\">\n<div class=\"uabb-module-content uabb-heading-wrapper uabb-heading-align- \">\n<div class=\"fl-col fl-node-kabpgw5mo4xu fl-col-small\" data-node=\"kabpgw5mo4xu\">\n<div class=\"fl-col-content fl-node-content\">\n<div class=\"fl-module fl-module-uabb-heading fl-node-0yuwxzv6trmn\" data-node=\"0yuwxzv6trmn\">\n<div class=\"fl-module-content fl-node-content\">\n<div class=\"uabb-module-content uabb-heading-wrapper uabb-heading-align- \">\n<div class=\"fl-col fl-node-kabpgw5mo4xu fl-col-small\" data-node=\"kabpgw5mo4xu\">\n<div class=\"fl-col-content fl-node-content\">\n<div class=\"fl-module fl-module-uabb-heading fl-node-0yuwxzv6trmn\" data-node=\"0yuwxzv6trmn\">\n<div class=\"fl-module-content fl-node-content\">\n<div class=\"uabb-module-content uabb-heading-wrapper uabb-heading-align- \">\n<div class=\"fl-col fl-node-kabpgw5mo4xu fl-col-small\" data-node=\"kabpgw5mo4xu\">\n<div class=\"fl-col-content fl-node-content\">\n<div class=\"fl-module fl-module-uabb-heading fl-node-0yuwxzv6trmn\" data-node=\"0yuwxzv6trmn\">\n<div class=\"fl-module-content fl-node-content\">\n<div class=\"uabb-module-content uabb-heading-wrapper uabb-heading-align- \">\n<div class=\"fl-col fl-node-kabpgw5mo4xu fl-col-small\" data-node=\"kabpgw5mo4xu\">\n<div class=\"fl-col-content fl-node-content\">\n<div class=\"fl-module fl-module-uabb-heading fl-node-0yuwxzv6trmn\" data-node=\"0yuwxzv6trmn\">\n<div class=\"fl-module-content fl-node-content\">\n<div class=\"uabb-module-content uabb-heading-wrapper uabb-heading-align- \">\n<div class=\"fl-col fl-node-kabpgw5mo4xu fl-col-small\" data-node=\"kabpgw5mo4xu\">\n<div class=\"fl-col-content fl-node-content\">\n<div class=\"fl-module fl-module-uabb-heading fl-node-0yuwxzv6trmn\" data-node=\"0yuwxzv6trmn\">\n<div class=\"fl-module-content fl-node-content\">\n<div class=\"uabb-module-content uabb-heading-wrapper uabb-heading-align- \">\n<div class=\"fl-col fl-node-kabpgw5mo4xu fl-col-small\" data-node=\"kabpgw5mo4xu\">\n<div class=\"fl-col-content fl-node-content\">\n<div class=\"fl-module fl-module-uabb-heading fl-node-0yuwxzv6trmn\" data-node=\"0yuwxzv6trmn\">\n<div class=\"fl-module-content fl-node-content\">\n<div class=\"uabb-module-content uabb-heading-wrapper uabb-heading-align- \">\n<h3 class=\"uabb-heading\"><span class=\"uabb-heading-text\">CONSEILS D&rsquo;UTILISATION<\/span><\/h3>\n<div class=\"uabb-subheading uabb-text-editor\">\n<p>Pr\u00e9levez une petite quantit\u00e9 de baume d\u00e9odorant, la taille d\u2019un grain de caf\u00e9, puis appliquer du bout des doigts sur les aisselles, massez pour faire p\u00e9n\u00e9trer.<\/p>\n<h3>COMPOSITION :<\/h3>\n<h3><strong style=\"font-size: 16px\">INGREDIENTS<\/strong><span style=\"font-size: 16px\">\u00a0: Beurre de karit\u00e9*, amidon de ma\u00efs*, hydroxyde de magn\u00e9sium, huile de s\u00e9same*, huile essentielle de mandarine*, huile essentielle de petit grain bigarade*.<\/span><\/h3>\n<\/div>\n<\/div>\n<\/div>\n<\/div>\n<\/div>\n<\/div>\n<div class=\"fl-col fl-node-1o5bmlinhwty fl-col-small\" data-node=\"1o5bmlinhwty\">\n<div class=\"fl-col-content fl-node-content\">\n<div class=\"fl-module fl-module-uabb-heading fl-node-w45mpc9gtaid\" data-node=\"w45mpc9gtaid\">\n<div class=\"fl-module-content fl-node-content\">\n<div class=\"uabb-module-content uabb-heading-wrapper uabb-heading-align- \">\n<div class=\"uabb-subheading uabb-text-editor\">\n<p><strong data-v-6c8af6f0=\"&gt;Liste INCI :\u00a0&lt;\/strong&gt;Butyrospermum parkii butter*, zea mays starch*, magnesium hydroxide, sesamum indicum seed oil*, cinnamomum camphora leaf oil*, mentha piperita oil*, limonene\u00b0, linalool\u00b0, geraniol\u00b0.&lt;br data-v-6c8af6f0=\">100% du total est d\u2019origine naturelle.<br data-v-6c8af6f0=\" \/&gt;85% du total des ingr\u00e9dients sont issus de l\u2019Agriculture Biologique.&lt;br data-v-6c8af6f0=\" \/>\u00b0 Compos\u00e9 naturellement pr\u00e9sent dans les huiles essentielles.<\/strong><\/p>\n<\/div>\n<\/div>\n<\/div>\n<\/div>\n<\/div>\n<\/div>\n<\/div>\n<\/div>\n<\/div>\n<\/div>\n<\/div>\n<\/div>\n<\/div>\n<\/div>\n<\/div>\n<\/div>\n<\/div>\n<\/div>\n<\/div>\n<\/div>\n<\/div>\n<\/div>\n<\/div>\n<\/div>\n<\/div>\n<\/div>\n<\/div>\n<\/div>\n<\/div>\n<\/div>\n<\/div>\n<\/div>\n<\/div>\n<\/div>\n<\/div>\n<\/div>\n<div class=\"uabb-subheading uabb-text-editor\">\n<p><strong>Pain de 75g<\/strong><\/p>\n<\/div>\n","protected":false},"featured_media":54341,"comment_status":"open","ping_status":"closed","template":"","meta":[],"product_cat":[207,652],"product_tag":[],"supplier_id":null,"supplier_sku":"","atum_controlled":true,"out_stock_date":null,"out_stock_threshold":null,"inheritable":false,"inbound_stock":null,"stock_on_hold":0,"sold_today":0,"sales_last_days":2,"out_stock_days":0,"lost_sales":0,"has_location":false,"update_date":"2026-04-13T22:13:50","atum_locations":[],"atum_stock_status":"instock","restock_status":false,"low_stock_amount":"","sales_update_date":"2026-04-13T22:13:50","calc_backorders":null,"_links":{"self":[{"href":"https:\/\/www.epicerie-lasource.org\/magasin\/wp-json\/wp\/v2\/product\/54002"}],"collection":[{"href":"https:\/\/www.epicerie-lasource.org\/magasin\/wp-json\/wp\/v2\/product"}],"about":[{"href":"https:\/\/www.epicerie-lasource.org\/magasin\/wp-json\/wp\/v2\/types\/product"}],"replies":[{"embeddable":true,"href":"https:\/\/www.epicerie-lasource.org\/magasin\/wp-json\/wp\/v2\/comments?post=54002"}],"wp:featuredmedia":[{"embeddable":true,"href":"https:\/\/www.epicerie-lasource.org\/magasin\/wp-json\/wp\/v2\/media\/54341"}],"wp:attachment":[{"href":"https:\/\/www.epicerie-lasource.org\/magasin\/wp-json\/wp\/v2\/media?parent=54002"}],"wp:term":[{"taxonomy":"product_cat","embeddable":true,"href":"https:\/\/www.epicerie-lasource.org\/magasin\/wp-json\/wp\/v2\/product_cat?post=54002"},{"taxonomy":"product_tag","embeddable":true,"href":"https:\/\/www.epicerie-lasource.org\/magasin\/wp-json\/wp\/v2\/product_tag?post=54002"}],"curies":[{"name":"wp","href":"https:\/\/api.w.org\/{rel}","templated":true}]}}