{"id":53937,"date":"2025-04-28T18:30:17","date_gmt":"2025-04-28T16:30:17","guid":{"rendered":"https:\/\/www.epicerie-lasource.org\/magasin\/?post_type=product&#038;p=53937"},"modified":"2025-04-28T18:38:43","modified_gmt":"2025-04-28T16:38:43","slug":"coffret-3-parfums-relax-love-harmony-3x15ml","status":"publish","type":"product","link":"https:\/\/www.epicerie-lasource.org\/magasin\/produit\/coffret-3-parfums-relax-love-harmony-3x15ml\/","title":{"rendered":"Coffret 3 Parfums Energie\/Love\/Harmony 3x15ml"},"content":{"rendered":"","protected":false},"excerpt":{"rendered":"<p> Le coffret d\u00e9couverte Eau de parfum Bio Mix &#038; Match BONNE HUMEUR est le cadeau ludique pour faire d\u00e9couvrir la parfumerie bio et \u00e9thique. Fabriqu\u00e9e en France, V\u00e9gan, 100% d\u2019origine naturelle et rechargeable, les Eaux de parfum Be Positive sont les fragrances qui prendront soin de vos proches et de la plan\u00e8te.<br \/>\n    BioEco-Friendly Cruelty freeVegan Contient de l&rsquo;alcool Fabriqu\u00e9 en France<\/p>\n<p>Des les premi\u00e8res notes, ressentez les agrumes p\u00e9tillants du C\u00e9drat de l\u2019Eau de parfum Bio ENERGY. Une explosion olfactive unique o\u00f9 la fraicheur de la Bergamote et du Romain se lient \u00e0 la douceur du Jasmin. Des notes vivifiantes et toniques pour un effet \u00e9nergisant imm\u00e9diat.<\/p>\n<p>Des associations vibrantes pour un max d\u2019\u00e9nergie !<\/p>\n<p>L\u2019\u00e9quilibre parfait des notes fraiches et p\u00e9tillantes des agrumes de l\u2019Eau de parfum Bio ENERGY et bois\u00e9es et aromatiques de l\u2019Eau de parfum Bio RELAX. Une rencontre olfactive unique qui combine les effets dynamisants et apaisants des parfums Be Positive.<\/p>\n<p>L\u2019alchimie unique du r\u00e9confort et de l\u2019\u00e9nergie. Les notes fruit\u00e9es du C\u00e9drat exaltent leur c\u00f4t\u00e9 vibrant tandis que la Fleur de cerisier lib\u00e8re ces facettes fleuries. Le mix&#038;match plein de douceur pour un effet r\u00e9confortant et dynamisant<\/p>\n","protected":false},"featured_media":53938,"comment_status":"closed","ping_status":"closed","template":"","meta":[],"product_cat":[207,652],"product_tag":[],"supplier_id":35273,"supplier_sku":"","atum_controlled":true,"out_stock_date":null,"out_stock_threshold":null,"inheritable":false,"inbound_stock":null,"stock_on_hold":0,"sold_today":0,"sales_last_days":0,"out_stock_days":0,"lost_sales":0,"has_location":false,"update_date":"2026-05-02T22:29:02","atum_locations":[],"atum_stock_status":"instock","restock_status":false,"low_stock_amount":"","sales_update_date":"2026-05-02T22:29:02","calc_backorders":null,"_links":{"self":[{"href":"https:\/\/www.epicerie-lasource.org\/magasin\/wp-json\/wp\/v2\/product\/53937"}],"collection":[{"href":"https:\/\/www.epicerie-lasource.org\/magasin\/wp-json\/wp\/v2\/product"}],"about":[{"href":"https:\/\/www.epicerie-lasource.org\/magasin\/wp-json\/wp\/v2\/types\/product"}],"replies":[{"embeddable":true,"href":"https:\/\/www.epicerie-lasource.org\/magasin\/wp-json\/wp\/v2\/comments?post=53937"}],"wp:featuredmedia":[{"embeddable":true,"href":"https:\/\/www.epicerie-lasource.org\/magasin\/wp-json\/wp\/v2\/media\/53938"}],"wp:attachment":[{"href":"https:\/\/www.epicerie-lasource.org\/magasin\/wp-json\/wp\/v2\/media?parent=53937"}],"wp:term":[{"taxonomy":"product_cat","embeddable":true,"href":"https:\/\/www.epicerie-lasource.org\/magasin\/wp-json\/wp\/v2\/product_cat?post=53937"},{"taxonomy":"product_tag","embeddable":true,"href":"https:\/\/www.epicerie-lasource.org\/magasin\/wp-json\/wp\/v2\/product_tag?post=53937"}],"curies":[{"name":"wp","href":"https:\/\/api.w.org\/{rel}","templated":true}]}}