{"id":53935,"date":"2025-04-28T18:23:15","date_gmt":"2025-04-28T16:23:15","guid":{"rendered":"https:\/\/www.epicerie-lasource.org\/magasin\/?post_type=product&#038;p=53935"},"modified":"2025-04-28T18:33:22","modified_gmt":"2025-04-28T16:33:22","slug":"coffret-3-parfums-optimiste-love-harmony-3x15ml","status":"publish","type":"product","link":"https:\/\/www.epicerie-lasource.org\/magasin\/produit\/coffret-3-parfums-optimiste-love-harmony-3x15ml\/","title":{"rendered":"Coffret 3 Parfums Optimiste\/Love\/Harmony 3x15ml"},"content":{"rendered":"","protected":false},"excerpt":{"rendered":"<p> Le coffret d\u00e9couverte Eau de parfum Bio Mix &#038; Match BONNE HUMEUR est le cadeau ludique pour faire d\u00e9couvrir la parfumerie bio et \u00e9thique. Fabriqu\u00e9e en France, V\u00e9gan, 100% d\u2019origine naturelle et rechargeable, les Eaux de parfum Be Positive sont les fragrances qui prendront soin de vos proches et de la plan\u00e8te.<br \/>\n    BioEco-Friendly Cruelty freeVegan Contient de l&rsquo;alcool Fabriqu\u00e9 en France<br \/>\nLes premi\u00e8res notes juteuses &#038; vitamin\u00e9es de l\u2019Eau de parfum Bio OPTIMISM Fleur d\u2019oranger se conjuguent \u00e0 la perfection \u00e0 la l\u00e9g\u00e8ret\u00e9 et la douceur r\u00e9confortante de l\u2019Eau de parfum Bio LOVE Vanille. Un tourbillon d\u2019ondes positives qui vous plonge instantan\u00e9ment dans un cocon de bonne humeur.<\/p>\n<p>Opter pour un match 100% fleuri o\u00f9 la douceur de la Fleur de cerisier rencontre la fra\u00eecheur de la Fleur d\u2019oranger. Une association \u00e0 la fois douce et sereine qui inspire bonheur et joie de vivre.<\/p>\n<p>Laissez-vous porter par les notes s\u00e9curisantes et r\u00e9confortantes de la Vanille et de la Fleur de cerisier pour un match 100% s\u00e9r\u00e9nit\u00e9. Un sillage ambr\u00e9 et fleuri pour un mood \u00e9quilibrant \u00e0 tout instant.<\/p>\n","protected":false},"featured_media":53936,"comment_status":"closed","ping_status":"closed","template":"","meta":[],"product_cat":[207,652],"product_tag":[],"supplier_id":35273,"supplier_sku":"","atum_controlled":true,"out_stock_date":null,"out_stock_threshold":null,"inheritable":false,"inbound_stock":null,"stock_on_hold":0,"sold_today":0,"sales_last_days":0,"out_stock_days":0,"lost_sales":0,"has_location":false,"update_date":"2026-05-02T22:29:01","atum_locations":[],"atum_stock_status":"instock","restock_status":false,"low_stock_amount":"","sales_update_date":"2026-05-02T22:29:01","calc_backorders":null,"_links":{"self":[{"href":"https:\/\/www.epicerie-lasource.org\/magasin\/wp-json\/wp\/v2\/product\/53935"}],"collection":[{"href":"https:\/\/www.epicerie-lasource.org\/magasin\/wp-json\/wp\/v2\/product"}],"about":[{"href":"https:\/\/www.epicerie-lasource.org\/magasin\/wp-json\/wp\/v2\/types\/product"}],"replies":[{"embeddable":true,"href":"https:\/\/www.epicerie-lasource.org\/magasin\/wp-json\/wp\/v2\/comments?post=53935"}],"wp:featuredmedia":[{"embeddable":true,"href":"https:\/\/www.epicerie-lasource.org\/magasin\/wp-json\/wp\/v2\/media\/53936"}],"wp:attachment":[{"href":"https:\/\/www.epicerie-lasource.org\/magasin\/wp-json\/wp\/v2\/media?parent=53935"}],"wp:term":[{"taxonomy":"product_cat","embeddable":true,"href":"https:\/\/www.epicerie-lasource.org\/magasin\/wp-json\/wp\/v2\/product_cat?post=53935"},{"taxonomy":"product_tag","embeddable":true,"href":"https:\/\/www.epicerie-lasource.org\/magasin\/wp-json\/wp\/v2\/product_tag?post=53935"}],"curies":[{"name":"wp","href":"https:\/\/api.w.org\/{rel}","templated":true}]}}