{"id":53769,"date":"2025-06-24T12:31:30","date_gmt":"2025-06-24T10:31:30","guid":{"rendered":"https:\/\/www.epicerie-lasource.org\/magasin\/?post_type=product&#038;p=53769"},"modified":"2026-05-11T18:44:43","modified_gmt":"2026-05-11T16:44:43","slug":"saucisson-bio-a-lail-et-fines-herbes-300-grs-env","status":"publish","type":"product","link":"https:\/\/www.epicerie-lasource.org\/magasin\/produit\/saucisson-bio-a-lail-et-fines-herbes-300-grs-env\/","title":{"rendered":"Saucisson Bio a l&rsquo;Ail et Fines herbes(300 grs env.) \u00e0 r\u00e9guler"},"content":{"rendered":"","protected":false},"excerpt":{"rendered":"<p>Saucisson \u00e0 l&rsquo;Ail et fines herbes Bio, 300 grs env.<br \/>\nPrix au Kilo : <strong>18,99 \u20ac\/Kg<\/strong><\/p>\n","protected":false},"featured_media":56212,"comment_status":"open","ping_status":"closed","template":"","meta":[],"product_cat":[652,15,688,686],"product_tag":[],"supplier_id":null,"supplier_sku":"","atum_controlled":true,"out_stock_date":null,"out_stock_threshold":null,"inheritable":false,"inbound_stock":null,"stock_on_hold":0,"sold_today":0,"sales_last_days":0,"out_stock_days":0,"lost_sales":0,"has_location":false,"update_date":"2026-05-11T14:44:43","atum_locations":[],"atum_stock_status":"instock","restock_status":false,"low_stock_amount":"","sales_update_date":"2026-05-10T22:43:09","calc_backorders":null,"_links":{"self":[{"href":"https:\/\/www.epicerie-lasource.org\/magasin\/wp-json\/wp\/v2\/product\/53769"}],"collection":[{"href":"https:\/\/www.epicerie-lasource.org\/magasin\/wp-json\/wp\/v2\/product"}],"about":[{"href":"https:\/\/www.epicerie-lasource.org\/magasin\/wp-json\/wp\/v2\/types\/product"}],"replies":[{"embeddable":true,"href":"https:\/\/www.epicerie-lasource.org\/magasin\/wp-json\/wp\/v2\/comments?post=53769"}],"wp:featuredmedia":[{"embeddable":true,"href":"https:\/\/www.epicerie-lasource.org\/magasin\/wp-json\/wp\/v2\/media\/56212"}],"wp:attachment":[{"href":"https:\/\/www.epicerie-lasource.org\/magasin\/wp-json\/wp\/v2\/media?parent=53769"}],"wp:term":[{"taxonomy":"product_cat","embeddable":true,"href":"https:\/\/www.epicerie-lasource.org\/magasin\/wp-json\/wp\/v2\/product_cat?post=53769"},{"taxonomy":"product_tag","embeddable":true,"href":"https:\/\/www.epicerie-lasource.org\/magasin\/wp-json\/wp\/v2\/product_tag?post=53769"}],"curies":[{"name":"wp","href":"https:\/\/api.w.org\/{rel}","templated":true}]}}