{"id":53667,"date":"2025-04-17T15:51:58","date_gmt":"2025-04-17T13:51:58","guid":{"rendered":"https:\/\/www.epicerie-lasource.org\/magasin\/?post_type=product&#038;p=53667"},"modified":"2026-01-09T13:29:59","modified_gmt":"2026-01-09T12:29:59","slug":"biere-ambree-jamaican-docks-beer-made-in-dunkerque","status":"publish","type":"product","link":"https:\/\/www.epicerie-lasource.org\/magasin\/produit\/biere-ambree-jamaican-docks-beer-made-in-dunkerque\/","title":{"rendered":"Biere Ambree \u00ab\u00a0Jamaican Docks Beer\u00a0\u00bb &#8211; Made in Dunkerque"},"content":{"rendered":"","protected":false},"excerpt":{"rendered":"<p>Bi\u00e8re artisanale brass\u00e9e \u00e0 Dunkerque , Brasserie des 4 \u00e9cluses<br \/>\nIngr\u00e9dients : Eau, Malte d&rsquo;orge, houblons, levure, \u00e9pices(cannelle, clou de gorofle,poivre sauvage de Madagascar)<\/p>\n","protected":false},"featured_media":53668,"comment_status":"closed","ping_status":"closed","template":"","meta":[],"product_cat":[652,22,474],"product_tag":[],"supplier_id":23771,"supplier_sku":"","atum_controlled":true,"out_stock_date":null,"out_stock_threshold":null,"inheritable":false,"inbound_stock":null,"stock_on_hold":0,"sold_today":0,"sales_last_days":0,"out_stock_days":0,"lost_sales":0,"has_location":false,"update_date":"2026-05-04T22:30:10","atum_locations":[],"atum_stock_status":"onbackorder","restock_status":false,"low_stock_amount":"","sales_update_date":"2026-05-04T22:30:10","calc_backorders":-7,"_links":{"self":[{"href":"https:\/\/www.epicerie-lasource.org\/magasin\/wp-json\/wp\/v2\/product\/53667"}],"collection":[{"href":"https:\/\/www.epicerie-lasource.org\/magasin\/wp-json\/wp\/v2\/product"}],"about":[{"href":"https:\/\/www.epicerie-lasource.org\/magasin\/wp-json\/wp\/v2\/types\/product"}],"replies":[{"embeddable":true,"href":"https:\/\/www.epicerie-lasource.org\/magasin\/wp-json\/wp\/v2\/comments?post=53667"}],"wp:featuredmedia":[{"embeddable":true,"href":"https:\/\/www.epicerie-lasource.org\/magasin\/wp-json\/wp\/v2\/media\/53668"}],"wp:attachment":[{"href":"https:\/\/www.epicerie-lasource.org\/magasin\/wp-json\/wp\/v2\/media?parent=53667"}],"wp:term":[{"taxonomy":"product_cat","embeddable":true,"href":"https:\/\/www.epicerie-lasource.org\/magasin\/wp-json\/wp\/v2\/product_cat?post=53667"},{"taxonomy":"product_tag","embeddable":true,"href":"https:\/\/www.epicerie-lasource.org\/magasin\/wp-json\/wp\/v2\/product_tag?post=53667"}],"curies":[{"name":"wp","href":"https:\/\/api.w.org\/{rel}","templated":true}]}}