{"id":53657,"date":"2025-04-17T14:34:18","date_gmt":"2025-04-17T12:34:18","guid":{"rendered":"https:\/\/www.epicerie-lasource.org\/magasin\/?post_type=product&#038;p=53657"},"modified":"2026-04-04T16:24:05","modified_gmt":"2026-04-04T14:24:05","slug":"infusettes-mate-gingembre-et-citron-bio-sol-a-sol","status":"publish","type":"product","link":"https:\/\/www.epicerie-lasource.org\/magasin\/produit\/infusettes-mate-gingembre-et-citron-bio-sol-a-sol\/","title":{"rendered":"Infusettes  Mat\u00e9, gingembre et citron bio &#8211; Sol \u00e0 Sol"},"content":{"rendered":"","protected":false},"excerpt":{"rendered":"<p>Ingr\u00e9dients:<br \/>\nMat\u00e9*(69%)(1), gingembre*(16%)(1), citronnelle*(1), huile essentielle de citron*.<\/p>\n<p>*Produit issu de l\u2019agriculture biologique<\/p>\n","protected":false},"featured_media":53658,"comment_status":"closed","ping_status":"closed","template":"","meta":[],"product_cat":[180,714,652],"product_tag":[],"supplier_id":23768,"supplier_sku":"","atum_controlled":true,"out_stock_date":"2026-04-04 14:24:05","out_stock_threshold":null,"inheritable":false,"inbound_stock":null,"stock_on_hold":0,"sold_today":0,"sales_last_days":0,"out_stock_days":31,"lost_sales":32.594285714286,"has_location":false,"update_date":"2026-05-05T22:30:09","atum_locations":[],"atum_stock_status":"onbackorder","restock_status":false,"low_stock_amount":"","sales_update_date":"2026-05-05T22:30:09","calc_backorders":0,"_links":{"self":[{"href":"https:\/\/www.epicerie-lasource.org\/magasin\/wp-json\/wp\/v2\/product\/53657"}],"collection":[{"href":"https:\/\/www.epicerie-lasource.org\/magasin\/wp-json\/wp\/v2\/product"}],"about":[{"href":"https:\/\/www.epicerie-lasource.org\/magasin\/wp-json\/wp\/v2\/types\/product"}],"replies":[{"embeddable":true,"href":"https:\/\/www.epicerie-lasource.org\/magasin\/wp-json\/wp\/v2\/comments?post=53657"}],"wp:featuredmedia":[{"embeddable":true,"href":"https:\/\/www.epicerie-lasource.org\/magasin\/wp-json\/wp\/v2\/media\/53658"}],"wp:attachment":[{"href":"https:\/\/www.epicerie-lasource.org\/magasin\/wp-json\/wp\/v2\/media?parent=53657"}],"wp:term":[{"taxonomy":"product_cat","embeddable":true,"href":"https:\/\/www.epicerie-lasource.org\/magasin\/wp-json\/wp\/v2\/product_cat?post=53657"},{"taxonomy":"product_tag","embeddable":true,"href":"https:\/\/www.epicerie-lasource.org\/magasin\/wp-json\/wp\/v2\/product_tag?post=53657"}],"curies":[{"name":"wp","href":"https:\/\/api.w.org\/{rel}","templated":true}]}}