{"id":53645,"date":"2025-04-17T10:57:25","date_gmt":"2025-04-17T08:57:25","guid":{"rendered":"https:\/\/www.epicerie-lasource.org\/magasin\/?post_type=product&#038;p=53645"},"modified":"2026-04-10T19:45:39","modified_gmt":"2026-04-10T17:45:39","slug":"vin-de-france-blanc-moelleux-cuvee-tradition-bio-domaine-grinou-75-cl","status":"publish","type":"product","link":"https:\/\/www.epicerie-lasource.org\/magasin\/produit\/vin-de-france-blanc-moelleux-cuvee-tradition-bio-domaine-grinou-75-cl\/","title":{"rendered":"Vin de France blanc moelleux cuv\u00e9e Tradition bio &#8211; Domaine Grinou &#8211; 75 cl"},"content":{"rendered":"","protected":false},"excerpt":{"rendered":"<p>Vin Moelleux &#8211; Sauvignon Blanc -S\u00e9million 10%<\/p>\n<p>D\u00e9gustation: Grande richesse aromatique au nez, senteurs de fruits exotiques, de mangue, de p\u00eache, d&rsquo;ananas. La bouche est ample et \u00e9quilibr\u00e9e, reprenant les ar\u00f4mes du nez. Finale tr\u00e8s longue et fruit\u00e9e.<br \/>\nAccords mets vins: Id\u00e9al en ap\u00e9ritif, avec du foie gras, des mets sucr\u00e9s\/sal\u00e9s, desserts aux fruits, chocolats, fromages &#8230;.<\/p>\n<p>&nbsp;<\/p>\n","protected":false},"featured_media":53666,"comment_status":"closed","ping_status":"closed","template":"","meta":[],"product_cat":[652,22,473],"product_tag":[],"supplier_id":23768,"supplier_sku":"","atum_controlled":true,"out_stock_date":null,"out_stock_threshold":null,"inheritable":false,"inbound_stock":null,"stock_on_hold":0,"sold_today":0,"sales_last_days":2,"out_stock_days":0,"lost_sales":0,"has_location":false,"update_date":"2026-05-04T22:30:32","atum_locations":[],"atum_stock_status":"instock","restock_status":false,"low_stock_amount":"","sales_update_date":"2026-05-04T22:30:32","calc_backorders":0,"_links":{"self":[{"href":"https:\/\/www.epicerie-lasource.org\/magasin\/wp-json\/wp\/v2\/product\/53645"}],"collection":[{"href":"https:\/\/www.epicerie-lasource.org\/magasin\/wp-json\/wp\/v2\/product"}],"about":[{"href":"https:\/\/www.epicerie-lasource.org\/magasin\/wp-json\/wp\/v2\/types\/product"}],"replies":[{"embeddable":true,"href":"https:\/\/www.epicerie-lasource.org\/magasin\/wp-json\/wp\/v2\/comments?post=53645"}],"wp:featuredmedia":[{"embeddable":true,"href":"https:\/\/www.epicerie-lasource.org\/magasin\/wp-json\/wp\/v2\/media\/53666"}],"wp:attachment":[{"href":"https:\/\/www.epicerie-lasource.org\/magasin\/wp-json\/wp\/v2\/media?parent=53645"}],"wp:term":[{"taxonomy":"product_cat","embeddable":true,"href":"https:\/\/www.epicerie-lasource.org\/magasin\/wp-json\/wp\/v2\/product_cat?post=53645"},{"taxonomy":"product_tag","embeddable":true,"href":"https:\/\/www.epicerie-lasource.org\/magasin\/wp-json\/wp\/v2\/product_tag?post=53645"}],"curies":[{"name":"wp","href":"https:\/\/api.w.org\/{rel}","templated":true}]}}