{"id":5341,"date":"2025-05-03T21:36:09","date_gmt":"2025-05-03T19:36:09","guid":{"rendered":"https:\/\/www.epicerie-lasource.org\/magasin\/?post_type=product&#038;p=5341"},"modified":"2025-09-15T14:30:45","modified_gmt":"2025-09-15T12:30:45","slug":"saucisson-ail-fermier","status":"publish","type":"product","link":"https:\/\/www.epicerie-lasource.org\/magasin\/produit\/saucisson-ail-fermier\/","title":{"rendered":"Saucisson \u00e0 l&rsquo;ail Fermier (300 Grs env.) \u00e0 r\u00e9guler"},"content":{"rendered":"","protected":false},"excerpt":{"rendered":"<p>Saucisson \u00e0 l&rsquo;ail fermier.<br \/>\n300 grs environ.<\/p>\n<p>14,80 euros le kilo<\/p>\n<hr \/>\n<p><span style=\"color: #ff0000;\">[IMPORTANT]<\/span><br \/>\n<span style=\"color: #ff0000;\">!!! Une modification sur le prix peut \u00eatre effectu\u00e9e le jour de la distribution afin d\u2019ajuster le prix au poids exact. !!!<\/span><\/p>\n","protected":false},"featured_media":5294,"comment_status":"open","ping_status":"closed","template":"","meta":[],"product_cat":[15,688],"product_tag":[],"supplier_id":null,"supplier_sku":"","atum_controlled":false,"out_stock_date":null,"out_stock_threshold":null,"inheritable":false,"inbound_stock":0,"stock_on_hold":1,"sold_today":0,"sales_last_days":1,"out_stock_days":0,"lost_sales":0,"has_location":false,"update_date":"2026-05-12T22:45:10","atum_locations":[],"atum_stock_status":"instock","restock_status":false,"low_stock_amount":"","sales_update_date":"2026-05-12T22:45:10","calc_backorders":null,"_links":{"self":[{"href":"https:\/\/www.epicerie-lasource.org\/magasin\/wp-json\/wp\/v2\/product\/5341"}],"collection":[{"href":"https:\/\/www.epicerie-lasource.org\/magasin\/wp-json\/wp\/v2\/product"}],"about":[{"href":"https:\/\/www.epicerie-lasource.org\/magasin\/wp-json\/wp\/v2\/types\/product"}],"replies":[{"embeddable":true,"href":"https:\/\/www.epicerie-lasource.org\/magasin\/wp-json\/wp\/v2\/comments?post=5341"}],"wp:featuredmedia":[{"embeddable":true,"href":"https:\/\/www.epicerie-lasource.org\/magasin\/wp-json\/wp\/v2\/media\/5294"}],"wp:attachment":[{"href":"https:\/\/www.epicerie-lasource.org\/magasin\/wp-json\/wp\/v2\/media?parent=5341"}],"wp:term":[{"taxonomy":"product_cat","embeddable":true,"href":"https:\/\/www.epicerie-lasource.org\/magasin\/wp-json\/wp\/v2\/product_cat?post=5341"},{"taxonomy":"product_tag","embeddable":true,"href":"https:\/\/www.epicerie-lasource.org\/magasin\/wp-json\/wp\/v2\/product_tag?post=5341"}],"curies":[{"name":"wp","href":"https:\/\/api.w.org\/{rel}","templated":true}]}}