{"id":53192,"date":"2025-04-02T11:20:49","date_gmt":"2025-04-02T09:20:49","guid":{"rendered":"https:\/\/www.epicerie-lasource.org\/magasin\/?post_type=product&#038;p=53192"},"modified":"2025-11-15T12:01:07","modified_gmt":"2025-11-15T11:01:07","slug":"wit-de-la-passion5-biere-blanche-brasserie-thiriez","status":"publish","type":"product","link":"https:\/\/www.epicerie-lasource.org\/magasin\/produit\/wit-de-la-passion5-biere-blanche-brasserie-thiriez\/","title":{"rendered":"Wit de la Passion(5%)  &#8211; Bi\u00e8re Blanche &#8211; Brasserie Thiriez"},"content":{"rendered":"","protected":false},"excerpt":{"rendered":"<p>Une bi\u00e8re blanche acidul\u00e9e exotique avec ajout de pulpe de passion, base malt\u00e9e de bl\u00e9s tr\u00e8s c\u00e9r\u00e9ali\u00e8re.<br \/>\nConsistance cr\u00e9meuse et d\u00e9salt\u00e9rante. Fra\u00eecheur et exotisme dans votre verre !<\/p>\n","protected":false},"featured_media":53193,"comment_status":"open","ping_status":"closed","template":"","meta":[],"product_cat":[731,652,22,474],"product_tag":[],"supplier_id":23770,"supplier_sku":"","atum_controlled":true,"out_stock_date":null,"out_stock_threshold":null,"inheritable":false,"inbound_stock":null,"stock_on_hold":0,"sold_today":0,"sales_last_days":0,"out_stock_days":0,"lost_sales":0,"has_location":false,"update_date":"2026-05-05T22:31:17","atum_locations":[],"atum_stock_status":"instock","restock_status":false,"low_stock_amount":"","sales_update_date":"2026-05-05T22:31:17","calc_backorders":0,"_links":{"self":[{"href":"https:\/\/www.epicerie-lasource.org\/magasin\/wp-json\/wp\/v2\/product\/53192"}],"collection":[{"href":"https:\/\/www.epicerie-lasource.org\/magasin\/wp-json\/wp\/v2\/product"}],"about":[{"href":"https:\/\/www.epicerie-lasource.org\/magasin\/wp-json\/wp\/v2\/types\/product"}],"replies":[{"embeddable":true,"href":"https:\/\/www.epicerie-lasource.org\/magasin\/wp-json\/wp\/v2\/comments?post=53192"}],"wp:featuredmedia":[{"embeddable":true,"href":"https:\/\/www.epicerie-lasource.org\/magasin\/wp-json\/wp\/v2\/media\/53193"}],"wp:attachment":[{"href":"https:\/\/www.epicerie-lasource.org\/magasin\/wp-json\/wp\/v2\/media?parent=53192"}],"wp:term":[{"taxonomy":"product_cat","embeddable":true,"href":"https:\/\/www.epicerie-lasource.org\/magasin\/wp-json\/wp\/v2\/product_cat?post=53192"},{"taxonomy":"product_tag","embeddable":true,"href":"https:\/\/www.epicerie-lasource.org\/magasin\/wp-json\/wp\/v2\/product_tag?post=53192"}],"curies":[{"name":"wp","href":"https:\/\/api.w.org\/{rel}","templated":true}]}}