{"id":53141,"date":"2025-03-31T15:46:51","date_gmt":"2025-03-31T13:46:51","guid":{"rendered":"https:\/\/www.epicerie-lasource.org\/magasin\/?post_type=product&#038;p=53141"},"modified":"2026-04-24T19:36:22","modified_gmt":"2026-04-24T17:36:22","slug":"brownie-aux-pepites-de-chocolat-285g","status":"publish","type":"product","link":"https:\/\/www.epicerie-lasource.org\/magasin\/produit\/brownie-aux-pepites-de-chocolat-285g\/","title":{"rendered":"Brownie aux p\u00e9pites de chocolat 285g"},"content":{"rendered":"","protected":false},"excerpt":{"rendered":"<p>Ingr\u00e9dients<\/p>\n<p>Sucre &#8211; OEUFS frais issus de poules \u00e9lev\u00e9es au sol 17,4%- huile de colza &#8211; p\u00e9pites de chocolat 12,4 % [sucre, p\u00e2te de cacao, \u00e9mulsifiant (l\u00e9cithine de SOJA)] &#8211; chocolat de couverture 10,4 % [sucre, p\u00e2te de cacao, beurre de cacao, \u00e9mulsifiant (l\u00e9cithine de SOJA)] &#8211; farine de BLE &#8211; farine de SOJA &#8211; extrait de BLE &#8211; cacao en poudre &#8211; stabilisants (sorbitol, glyc\u00e9rol) &#8211; BEURRE concentr\u00e9 &#8211; gluten de BLE &#8211; poudres \u00e0 lever (farine de BLE, carbonate acide de sodium, citrate de sodium) &#8211; sel.<\/p>\n","protected":false},"featured_media":53142,"comment_status":"open","ping_status":"closed","template":"","meta":[],"product_cat":[652,64,693],"product_tag":[],"supplier_id":23966,"supplier_sku":"","atum_controlled":true,"out_stock_date":null,"out_stock_threshold":null,"inheritable":false,"inbound_stock":null,"stock_on_hold":0,"sold_today":0,"sales_last_days":9,"out_stock_days":0,"lost_sales":0,"has_location":false,"update_date":"2026-04-30T22:29:07","atum_locations":[],"atum_stock_status":"onbackorder","restock_status":false,"low_stock_amount":2,"sales_update_date":"2026-04-30T22:29:07","calc_backorders":-1,"_links":{"self":[{"href":"https:\/\/www.epicerie-lasource.org\/magasin\/wp-json\/wp\/v2\/product\/53141"}],"collection":[{"href":"https:\/\/www.epicerie-lasource.org\/magasin\/wp-json\/wp\/v2\/product"}],"about":[{"href":"https:\/\/www.epicerie-lasource.org\/magasin\/wp-json\/wp\/v2\/types\/product"}],"replies":[{"embeddable":true,"href":"https:\/\/www.epicerie-lasource.org\/magasin\/wp-json\/wp\/v2\/comments?post=53141"}],"wp:featuredmedia":[{"embeddable":true,"href":"https:\/\/www.epicerie-lasource.org\/magasin\/wp-json\/wp\/v2\/media\/53142"}],"wp:attachment":[{"href":"https:\/\/www.epicerie-lasource.org\/magasin\/wp-json\/wp\/v2\/media?parent=53141"}],"wp:term":[{"taxonomy":"product_cat","embeddable":true,"href":"https:\/\/www.epicerie-lasource.org\/magasin\/wp-json\/wp\/v2\/product_cat?post=53141"},{"taxonomy":"product_tag","embeddable":true,"href":"https:\/\/www.epicerie-lasource.org\/magasin\/wp-json\/wp\/v2\/product_tag?post=53141"}],"curies":[{"name":"wp","href":"https:\/\/api.w.org\/{rel}","templated":true}]}}