{"id":53076,"date":"2025-03-27T17:40:52","date_gmt":"2025-03-27T16:40:52","guid":{"rendered":"https:\/\/www.epicerie-lasource.org\/magasin\/?post_type=product&#038;p=53076"},"modified":"2025-12-23T17:59:39","modified_gmt":"2025-12-23T16:59:39","slug":"salicornes-de-bretagne-marinees-au-vinaigre-180gr","status":"publish","type":"product","link":"https:\/\/www.epicerie-lasource.org\/magasin\/produit\/salicornes-de-bretagne-marinees-au-vinaigre-180gr\/","title":{"rendered":"Salicornes de Bretagne marin\u00e9es au vinaigre &#8211; 180gr"},"content":{"rendered":"","protected":false},"excerpt":{"rendered":"<p>D\u00e9couvrez avec nous nos salicornes. Appel\u00e9e aussi passe-pierre ou haricot de mer, cette plante est compos\u00e9e de 92 % d&rsquo;eau. Vous pourrez les consommer en accompagnement de poisson cru, en salade ou en condiment avec les fruits de mer. Pensez-y pour agr\u00e9menter une planche ap\u00e9ritive. Croquante, elle est pr\u00e9par\u00e9e avec du vinaigre, des oignons et des carottes.<\/p>\n<p>La salicorne est une plante qui pousse en bord de mer. La salicorne de culture est plus tendre et de qualit\u00e9 \u00e9gale. Elle est ramass\u00e9e en Bretagne \u00e0 la main durant l&rsquo;\u00e9t\u00e9. Les jeunes pousses sont tr\u00e8s pris\u00e9es pour leur saveur iod\u00e9e.<br \/>\nIngr\u00e9dients<\/p>\n<p>Salicornes*de culture 40,8%, eau, vinaigre d\u2019alcool 29,1%, oignons, carottes. *origine Bretagne.<\/p>\n","protected":false},"featured_media":53077,"comment_status":"closed","ping_status":"closed","template":"","meta":[],"product_cat":[652,449],"product_tag":[],"supplier_id":24938,"supplier_sku":"","atum_controlled":true,"out_stock_date":null,"out_stock_threshold":null,"inheritable":false,"inbound_stock":null,"stock_on_hold":0,"sold_today":0,"sales_last_days":0,"out_stock_days":0,"lost_sales":0,"has_location":false,"update_date":"2026-04-08T22:10:52","atum_locations":[],"atum_stock_status":"instock","restock_status":false,"low_stock_amount":"","sales_update_date":"2026-04-08T22:10:52","calc_backorders":0,"_links":{"self":[{"href":"https:\/\/www.epicerie-lasource.org\/magasin\/wp-json\/wp\/v2\/product\/53076"}],"collection":[{"href":"https:\/\/www.epicerie-lasource.org\/magasin\/wp-json\/wp\/v2\/product"}],"about":[{"href":"https:\/\/www.epicerie-lasource.org\/magasin\/wp-json\/wp\/v2\/types\/product"}],"replies":[{"embeddable":true,"href":"https:\/\/www.epicerie-lasource.org\/magasin\/wp-json\/wp\/v2\/comments?post=53076"}],"wp:featuredmedia":[{"embeddable":true,"href":"https:\/\/www.epicerie-lasource.org\/magasin\/wp-json\/wp\/v2\/media\/53077"}],"wp:attachment":[{"href":"https:\/\/www.epicerie-lasource.org\/magasin\/wp-json\/wp\/v2\/media?parent=53076"}],"wp:term":[{"taxonomy":"product_cat","embeddable":true,"href":"https:\/\/www.epicerie-lasource.org\/magasin\/wp-json\/wp\/v2\/product_cat?post=53076"},{"taxonomy":"product_tag","embeddable":true,"href":"https:\/\/www.epicerie-lasource.org\/magasin\/wp-json\/wp\/v2\/product_tag?post=53076"}],"curies":[{"name":"wp","href":"https:\/\/api.w.org\/{rel}","templated":true}]}}