{"id":53073,"date":"2025-03-27T17:35:12","date_gmt":"2025-03-27T16:35:12","guid":{"rendered":"https:\/\/www.epicerie-lasource.org\/magasin\/?post_type=product&#038;p=53073"},"modified":"2026-03-11T14:43:02","modified_gmt":"2026-03-11T13:43:02","slug":"veloute-aux-coquillages-au-lait-de-coco-et-curry-500-ml","status":"publish","type":"product","link":"https:\/\/www.epicerie-lasource.org\/magasin\/produit\/veloute-aux-coquillages-au-lait-de-coco-et-curry-500-ml\/","title":{"rendered":"Velout\u00e9 aux coquillages au lait de coco et curry &#8211; 500 ml"},"content":{"rendered":"","protected":false},"excerpt":{"rendered":"<p>Embarquez pour un voyage gustatif entre coquillages, noix de coco rehauss\u00e9es d&rsquo;un exceptionnel curry breton. Un incontournable !<br \/>\nIngr\u00e9dients :<br \/>\neau, poissons* 20 % (parures de poissons frais, d\u00e9barqu\u00e9s dans les ports bretons), lait de coco 12 %, moules 10 %, pommes de terre, St. Jacques** (barbes de Pecten maximus et \/ou Aequipecten opercularis) 5 %, carotte, vin blanc, c\u00e9leri, sel de Gu\u00e9rande, ail, curry 0,3 % (sarrasin toast\u00e9, curcuma, coriandre, gingembre, persil, cumin, poivre fenugrec, cannelle, cardamome, piment), oignon, combava, plantes aromatiques (thym, laurier).<\/p>\n","protected":false},"featured_media":53190,"comment_status":"closed","ping_status":"closed","template":"","meta":[],"product_cat":[731,652,449,706],"product_tag":[],"supplier_id":24938,"supplier_sku":"","atum_controlled":true,"out_stock_date":null,"out_stock_threshold":null,"inheritable":false,"inbound_stock":null,"stock_on_hold":0,"sold_today":0,"sales_last_days":0,"out_stock_days":0,"lost_sales":0,"has_location":false,"update_date":"2026-05-13T22:45:00","atum_locations":[],"atum_stock_status":"instock","restock_status":false,"low_stock_amount":2,"sales_update_date":"2026-05-13T22:45:00","calc_backorders":0,"_links":{"self":[{"href":"https:\/\/www.epicerie-lasource.org\/magasin\/wp-json\/wp\/v2\/product\/53073"}],"collection":[{"href":"https:\/\/www.epicerie-lasource.org\/magasin\/wp-json\/wp\/v2\/product"}],"about":[{"href":"https:\/\/www.epicerie-lasource.org\/magasin\/wp-json\/wp\/v2\/types\/product"}],"replies":[{"embeddable":true,"href":"https:\/\/www.epicerie-lasource.org\/magasin\/wp-json\/wp\/v2\/comments?post=53073"}],"wp:featuredmedia":[{"embeddable":true,"href":"https:\/\/www.epicerie-lasource.org\/magasin\/wp-json\/wp\/v2\/media\/53190"}],"wp:attachment":[{"href":"https:\/\/www.epicerie-lasource.org\/magasin\/wp-json\/wp\/v2\/media?parent=53073"}],"wp:term":[{"taxonomy":"product_cat","embeddable":true,"href":"https:\/\/www.epicerie-lasource.org\/magasin\/wp-json\/wp\/v2\/product_cat?post=53073"},{"taxonomy":"product_tag","embeddable":true,"href":"https:\/\/www.epicerie-lasource.org\/magasin\/wp-json\/wp\/v2\/product_tag?post=53073"}],"curies":[{"name":"wp","href":"https:\/\/api.w.org\/{rel}","templated":true}]}}