{"id":53059,"date":"2025-03-27T15:39:43","date_gmt":"2025-03-27T14:39:43","guid":{"rendered":"https:\/\/www.epicerie-lasource.org\/magasin\/?post_type=product&#038;p=53059"},"modified":"2026-02-25T19:17:49","modified_gmt":"2026-02-25T18:17:49","slug":"filets-de-sardines-a-la-sauce-escabeche-et-aux-echalotes-de-bretagne-100gr","status":"publish","type":"product","link":"https:\/\/www.epicerie-lasource.org\/magasin\/produit\/filets-de-sardines-a-la-sauce-escabeche-et-aux-echalotes-de-bretagne-100gr\/","title":{"rendered":"Filets de sardines \u00e0 la sauce escab\u00e8che et aux \u00e9chalotes de Bretagne &#8211; 100gr"},"content":{"rendered":"","protected":false},"excerpt":{"rendered":"<p>Ingr\u00e9dients<\/p>\n<p>Filet de SARDINES* (Sardina pilchardus) 65%,  \u00e9chalotes de Bretagne r\u00e9hydrat\u00e9es 15%, vinaigre d&rsquo;alcool 5%, huile de  tournesol, eau, concentr\u00e9 de tomates, oignon, sel, amidon transform\u00e9 de  ma\u00efs, \u00e9pices et aromates 0,5 %, \u00e9paississant : gomme guar, sucre. *P\u00each\u00e9es en Oc\u00e9an Atlantique Nord-Est et issues de P\u00eache Responsable.<\/p>\n","protected":false},"featured_media":53060,"comment_status":"closed","ping_status":"closed","template":"","meta":[],"product_cat":[652,449],"product_tag":[],"supplier_id":24938,"supplier_sku":"","atum_controlled":true,"out_stock_date":null,"out_stock_threshold":null,"inheritable":false,"inbound_stock":null,"stock_on_hold":0,"sold_today":0,"sales_last_days":0,"out_stock_days":0,"lost_sales":0,"has_location":false,"update_date":"2026-04-08T22:12:21","atum_locations":[],"atum_stock_status":"onbackorder","restock_status":false,"low_stock_amount":"","sales_update_date":"2026-04-08T22:12:21","calc_backorders":-2,"_links":{"self":[{"href":"https:\/\/www.epicerie-lasource.org\/magasin\/wp-json\/wp\/v2\/product\/53059"}],"collection":[{"href":"https:\/\/www.epicerie-lasource.org\/magasin\/wp-json\/wp\/v2\/product"}],"about":[{"href":"https:\/\/www.epicerie-lasource.org\/magasin\/wp-json\/wp\/v2\/types\/product"}],"replies":[{"embeddable":true,"href":"https:\/\/www.epicerie-lasource.org\/magasin\/wp-json\/wp\/v2\/comments?post=53059"}],"wp:featuredmedia":[{"embeddable":true,"href":"https:\/\/www.epicerie-lasource.org\/magasin\/wp-json\/wp\/v2\/media\/53060"}],"wp:attachment":[{"href":"https:\/\/www.epicerie-lasource.org\/magasin\/wp-json\/wp\/v2\/media?parent=53059"}],"wp:term":[{"taxonomy":"product_cat","embeddable":true,"href":"https:\/\/www.epicerie-lasource.org\/magasin\/wp-json\/wp\/v2\/product_cat?post=53059"},{"taxonomy":"product_tag","embeddable":true,"href":"https:\/\/www.epicerie-lasource.org\/magasin\/wp-json\/wp\/v2\/product_tag?post=53059"}],"curies":[{"name":"wp","href":"https:\/\/api.w.org\/{rel}","templated":true}]}}