{"id":53057,"date":"2025-03-27T15:36:15","date_gmt":"2025-03-27T14:36:15","guid":{"rendered":"https:\/\/www.epicerie-lasource.org\/magasin\/?post_type=product&#038;p=53057"},"modified":"2025-11-21T14:51:00","modified_gmt":"2025-11-21T13:51:00","slug":"filets-de-sardines-a-la-moutarde-a-lancienne-100-gr","status":"publish","type":"product","link":"https:\/\/www.epicerie-lasource.org\/magasin\/produit\/filets-de-sardines-a-la-moutarde-a-lancienne-100-gr\/","title":{"rendered":"Filets de sardines \u00e0 la moutarde \u00e0 l&rsquo;ancienne &#8211; 100 gr"},"content":{"rendered":"","protected":false},"excerpt":{"rendered":"<p>Ingr\u00e9dients<\/p>\n<p>Filets de SARDINES* (Sardina pilchardus) 69%, eau, huile de tournesol, MOUTARDE de Dijon 4,4% (eau, graines de MOUTARDE, vinaigre d&rsquo;alcool, sel), MOUTARDE \u00e0 l&rsquo;ancienne 2,9% (eau, graines de MOUTARDE, vinaigre d&rsquo;alcool, sel, vinaigre de vin blanc, sucre, \u00e9pices), vinaigre d&rsquo;alcool, sucre, sel, vinaigre de vin (SULFITES), vin blanc (SULFITES), \u00e9paississants : gomme xanthane et gomme guar, amidon transform\u00e9 de ma\u00efs, ail, poivre, curcuma.*P\u00each\u00e9es en Oc\u00e9an Atlantiques Nord Est et issue de P\u00eache Responsable.<\/p>\n","protected":false},"featured_media":53058,"comment_status":"closed","ping_status":"closed","template":"","meta":[],"product_cat":[652,449],"product_tag":[],"supplier_id":24938,"supplier_sku":"","atum_controlled":true,"out_stock_date":null,"out_stock_threshold":null,"inheritable":false,"inbound_stock":null,"stock_on_hold":0,"sold_today":0,"sales_last_days":0,"out_stock_days":0,"lost_sales":0,"has_location":false,"update_date":"2026-04-09T22:10:37","atum_locations":[],"atum_stock_status":"onbackorder","restock_status":false,"low_stock_amount":"","sales_update_date":"2026-04-09T22:10:37","calc_backorders":-1,"_links":{"self":[{"href":"https:\/\/www.epicerie-lasource.org\/magasin\/wp-json\/wp\/v2\/product\/53057"}],"collection":[{"href":"https:\/\/www.epicerie-lasource.org\/magasin\/wp-json\/wp\/v2\/product"}],"about":[{"href":"https:\/\/www.epicerie-lasource.org\/magasin\/wp-json\/wp\/v2\/types\/product"}],"replies":[{"embeddable":true,"href":"https:\/\/www.epicerie-lasource.org\/magasin\/wp-json\/wp\/v2\/comments?post=53057"}],"wp:featuredmedia":[{"embeddable":true,"href":"https:\/\/www.epicerie-lasource.org\/magasin\/wp-json\/wp\/v2\/media\/53058"}],"wp:attachment":[{"href":"https:\/\/www.epicerie-lasource.org\/magasin\/wp-json\/wp\/v2\/media?parent=53057"}],"wp:term":[{"taxonomy":"product_cat","embeddable":true,"href":"https:\/\/www.epicerie-lasource.org\/magasin\/wp-json\/wp\/v2\/product_cat?post=53057"},{"taxonomy":"product_tag","embeddable":true,"href":"https:\/\/www.epicerie-lasource.org\/magasin\/wp-json\/wp\/v2\/product_tag?post=53057"}],"curies":[{"name":"wp","href":"https:\/\/api.w.org\/{rel}","templated":true}]}}