{"id":53052,"date":"2025-03-27T15:21:20","date_gmt":"2025-03-27T14:21:20","guid":{"rendered":"https:\/\/www.epicerie-lasource.org\/magasin\/?post_type=product&#038;p=53052"},"modified":"2026-04-08T21:53:07","modified_gmt":"2026-04-08T19:53:07","slug":"sardines-a-lancienne-aux-echalotes-de-bretagne-115-gr","status":"publish","type":"product","link":"https:\/\/www.epicerie-lasource.org\/magasin\/produit\/sardines-a-lancienne-aux-echalotes-de-bretagne-115-gr\/","title":{"rendered":"Sardines \u00e0 l&rsquo;ancienne aux \u00e9chalotes de Bretagne &#8211; 115 gr"},"content":{"rendered":"","protected":false},"excerpt":{"rendered":"<p>P\u00each\u00e9es principalement en Bretagne, les sardines enti\u00e8res sont ensuite travaill\u00e9es selon un savoir-faire ancestral. Elles sont ainsi embo\u00eet\u00e9es fra\u00eeches \u00e0 la main, ce qui vous garantit une d\u00e9licieuse saveur. Nous privil\u00e9gions une p\u00eache de la sardine entre mai et octobre pour obtenir les meilleurs apports nutritionnels en om\u00e9ga 3. Pour encore plus de finesse, conservez vos sardines quelques ann\u00e9es. Elles se bonifient avec le temps !<br \/>\nIngr\u00e9dients<\/p>\n<p>SARDINES 56% (Sardina pilchardus), huile d&rsquo;olive vierge extra 25%, \u00e9chalotes de Bretagne 16%, vinaigre d&rsquo;alcool, sel. Sardines p\u00each\u00e9es en Oc\u00e9an Atlantique Nord-Est et d\u00e9barqu\u00e9es en Bretagne.<\/p>\n","protected":false},"featured_media":53053,"comment_status":"closed","ping_status":"closed","template":"","meta":[],"product_cat":[652,449],"product_tag":[],"supplier_id":24938,"supplier_sku":"","atum_controlled":true,"out_stock_date":null,"out_stock_threshold":null,"inheritable":false,"inbound_stock":null,"stock_on_hold":2,"sold_today":0,"sales_last_days":3,"out_stock_days":0,"lost_sales":0,"has_location":false,"update_date":"2026-04-09T22:12:11","atum_locations":[],"atum_stock_status":"instock","restock_status":false,"low_stock_amount":"","sales_update_date":"2026-04-09T22:12:11","calc_backorders":0,"_links":{"self":[{"href":"https:\/\/www.epicerie-lasource.org\/magasin\/wp-json\/wp\/v2\/product\/53052"}],"collection":[{"href":"https:\/\/www.epicerie-lasource.org\/magasin\/wp-json\/wp\/v2\/product"}],"about":[{"href":"https:\/\/www.epicerie-lasource.org\/magasin\/wp-json\/wp\/v2\/types\/product"}],"replies":[{"embeddable":true,"href":"https:\/\/www.epicerie-lasource.org\/magasin\/wp-json\/wp\/v2\/comments?post=53052"}],"wp:featuredmedia":[{"embeddable":true,"href":"https:\/\/www.epicerie-lasource.org\/magasin\/wp-json\/wp\/v2\/media\/53053"}],"wp:attachment":[{"href":"https:\/\/www.epicerie-lasource.org\/magasin\/wp-json\/wp\/v2\/media?parent=53052"}],"wp:term":[{"taxonomy":"product_cat","embeddable":true,"href":"https:\/\/www.epicerie-lasource.org\/magasin\/wp-json\/wp\/v2\/product_cat?post=53052"},{"taxonomy":"product_tag","embeddable":true,"href":"https:\/\/www.epicerie-lasource.org\/magasin\/wp-json\/wp\/v2\/product_tag?post=53052"}],"curies":[{"name":"wp","href":"https:\/\/api.w.org\/{rel}","templated":true}]}}