{"id":53044,"date":"2025-03-27T15:02:38","date_gmt":"2025-03-27T14:02:38","guid":{"rendered":"https:\/\/www.epicerie-lasource.org\/magasin\/?post_type=product&#038;p=53044"},"modified":"2026-04-08T18:03:21","modified_gmt":"2026-04-08T16:03:21","slug":"sardines-a-lancienne-a-lhuile-dolive-et-aux-aromates-115-gr","status":"publish","type":"product","link":"https:\/\/www.epicerie-lasource.org\/magasin\/produit\/sardines-a-lancienne-a-lhuile-dolive-et-aux-aromates-115-gr\/","title":{"rendered":"Sardines \u00e0 l&rsquo;ancienne \u00e0 l&rsquo;huile d&rsquo;olive et aux aromates 115 gr"},"content":{"rendered":"","protected":false},"excerpt":{"rendered":"<p>Les sardines aux aromates sont pr\u00e9par\u00e9es \u00e0 l&rsquo;ancienne selon un proc\u00e9d\u00e9 ancestral. Elles sont l\u00e9g\u00e8rement frites dans l&rsquo;huile apr\u00e8s un \u00e9vidage et un \u00e9t\u00eatage soign\u00e9s. Elles sont embo\u00eet\u00e9es fra\u00eeches, les aromates sont d\u00e9pos\u00e9s au fond de la bo\u00eete manuellement et le citron est d\u00e9coup\u00e9 \u00e9galement \u00e0 la main pour une \u00e9paisseur parfaite. Elles sont alors recouvertes d&rsquo;une huile d&rsquo;olive vierge extra premi\u00e8re pression \u00e0 froid. Gr\u00e2ce \u00e0 son taux de graisse optimal, la sardine est un poisson tr\u00e8s riche en om\u00e9ga 3, calcium, phosphore et vitamine D. Des bienfaits nutritionnels essentiels pour la sant\u00e9.<br \/>\nIngr\u00e9dients<\/p>\n<p>SARDINES (Sardina pilchardus), huile d\u2019olive vierge extra, citron 4.6%, sel, carotte 0.9%, laurier 0.08%. Sardines p\u00each\u00e9es en Oc\u00e9an Atlantique Nord-Est et d\u00e9barqu\u00e9es en Bretagne.<\/p>\n","protected":false},"featured_media":53045,"comment_status":"closed","ping_status":"closed","template":"","meta":[],"product_cat":[652,449],"product_tag":[],"supplier_id":24938,"supplier_sku":"","atum_controlled":true,"out_stock_date":null,"out_stock_threshold":null,"inheritable":false,"inbound_stock":null,"stock_on_hold":0,"sold_today":0,"sales_last_days":3,"out_stock_days":0,"lost_sales":0,"has_location":false,"update_date":"2026-04-09T22:11:51","atum_locations":[],"atum_stock_status":"instock","restock_status":false,"low_stock_amount":"","sales_update_date":"2026-04-09T22:11:51","calc_backorders":0,"_links":{"self":[{"href":"https:\/\/www.epicerie-lasource.org\/magasin\/wp-json\/wp\/v2\/product\/53044"}],"collection":[{"href":"https:\/\/www.epicerie-lasource.org\/magasin\/wp-json\/wp\/v2\/product"}],"about":[{"href":"https:\/\/www.epicerie-lasource.org\/magasin\/wp-json\/wp\/v2\/types\/product"}],"replies":[{"embeddable":true,"href":"https:\/\/www.epicerie-lasource.org\/magasin\/wp-json\/wp\/v2\/comments?post=53044"}],"wp:featuredmedia":[{"embeddable":true,"href":"https:\/\/www.epicerie-lasource.org\/magasin\/wp-json\/wp\/v2\/media\/53045"}],"wp:attachment":[{"href":"https:\/\/www.epicerie-lasource.org\/magasin\/wp-json\/wp\/v2\/media?parent=53044"}],"wp:term":[{"taxonomy":"product_cat","embeddable":true,"href":"https:\/\/www.epicerie-lasource.org\/magasin\/wp-json\/wp\/v2\/product_cat?post=53044"},{"taxonomy":"product_tag","embeddable":true,"href":"https:\/\/www.epicerie-lasource.org\/magasin\/wp-json\/wp\/v2\/product_tag?post=53044"}],"curies":[{"name":"wp","href":"https:\/\/api.w.org\/{rel}","templated":true}]}}