{"id":53037,"date":"2025-03-27T14:30:54","date_gmt":"2025-03-27T13:30:54","guid":{"rendered":"https:\/\/www.epicerie-lasource.org\/magasin\/?post_type=product&#038;p=53037"},"modified":"2026-04-02T15:22:02","modified_gmt":"2026-04-02T13:22:02","slug":"rillettes-de-crabe-tourteau-la-verrine-de-100-g","status":"publish","type":"product","link":"https:\/\/www.epicerie-lasource.org\/magasin\/produit\/rillettes-de-crabe-tourteau-la-verrine-de-100-g\/","title":{"rendered":"Rillettes de crabe tourteau &#8211; la verrine de 100 g"},"content":{"rendered":"","protected":false},"excerpt":{"rendered":"<p>P\u00each\u00e9 dans l&rsquo;Atlantique Nord-Est, nous s\u00e9lectionnons les meilleures parties du crabe tourteau, en particulier ses pinces et sa chair tendre et pulpeuse, afin d&rsquo;obtenir un produit de haute qualit\u00e9. Retrouvez tout le go\u00fbt du crabe en tartinant ces rillettes sur une tranche de pain de campagne pour un ap\u00e9ritif gourmand. Elles seront encore meilleures si vous les servez apr\u00e8s quelques heures au r\u00e9frig\u00e9rateur ! Les gourmets peuvent agr\u00e9menter leurs toasts de piment d&rsquo;Espelette ou de quelques gouttes de jus de citron vert.<br \/>\nIngr\u00e9dients<\/p>\n<p>Chair de CRABE* TOURTEAU (Cancer pagurus) 45,5%, LIEU* NOIR (Pollachius virens), huile de colza, eau, \u00e9chalote, LAIT entier en poudre, fibres de pomme de terre, sel, poivre, ail. *P\u00each\u00e9 en Oc\u00e9an Atlantique Nord-Est.<\/p>\n","protected":false},"featured_media":53038,"comment_status":"closed","ping_status":"closed","template":"","meta":[],"product_cat":[652,449],"product_tag":[],"supplier_id":24938,"supplier_sku":"","atum_controlled":true,"out_stock_date":null,"out_stock_threshold":null,"inheritable":false,"inbound_stock":null,"stock_on_hold":0,"sold_today":0,"sales_last_days":1,"out_stock_days":0,"lost_sales":0,"has_location":false,"update_date":"2026-04-08T22:11:44","atum_locations":[],"atum_stock_status":"instock","restock_status":false,"low_stock_amount":"","sales_update_date":"2026-04-08T22:11:44","calc_backorders":0,"_links":{"self":[{"href":"https:\/\/www.epicerie-lasource.org\/magasin\/wp-json\/wp\/v2\/product\/53037"}],"collection":[{"href":"https:\/\/www.epicerie-lasource.org\/magasin\/wp-json\/wp\/v2\/product"}],"about":[{"href":"https:\/\/www.epicerie-lasource.org\/magasin\/wp-json\/wp\/v2\/types\/product"}],"replies":[{"embeddable":true,"href":"https:\/\/www.epicerie-lasource.org\/magasin\/wp-json\/wp\/v2\/comments?post=53037"}],"wp:featuredmedia":[{"embeddable":true,"href":"https:\/\/www.epicerie-lasource.org\/magasin\/wp-json\/wp\/v2\/media\/53038"}],"wp:attachment":[{"href":"https:\/\/www.epicerie-lasource.org\/magasin\/wp-json\/wp\/v2\/media?parent=53037"}],"wp:term":[{"taxonomy":"product_cat","embeddable":true,"href":"https:\/\/www.epicerie-lasource.org\/magasin\/wp-json\/wp\/v2\/product_cat?post=53037"},{"taxonomy":"product_tag","embeddable":true,"href":"https:\/\/www.epicerie-lasource.org\/magasin\/wp-json\/wp\/v2\/product_tag?post=53037"}],"curies":[{"name":"wp","href":"https:\/\/api.w.org\/{rel}","templated":true}]}}