{"id":53035,"date":"2025-03-27T14:24:41","date_gmt":"2025-03-27T13:24:41","guid":{"rendered":"https:\/\/www.epicerie-lasource.org\/magasin\/?post_type=product&#038;p=53035"},"modified":"2026-04-08T18:07:35","modified_gmt":"2026-04-08T16:07:35","slug":"rillettes-de-noix-saint-jacques-la-verrine-de-100-g","status":"publish","type":"product","link":"https:\/\/www.epicerie-lasource.org\/magasin\/produit\/rillettes-de-noix-saint-jacques-la-verrine-de-100-g\/","title":{"rendered":"Rillettes de noix Saint-Jacques &#8211; la verrine de 100 g"},"content":{"rendered":"","protected":false},"excerpt":{"rendered":"<p>Une alliance raffin\u00e9e de noix de Saint-Jacques (45%) et d&rsquo;une touche de lieu noir, le meilleur des ingr\u00e9dients pour vous offrir un produit de haute qualit\u00e9. Pensez-y \u00e0 l&rsquo;ap\u00e9ritif sur des toasts aux algues ou une belle tranche de pain\u2026 c&rsquo;est un vrai d\u00e9lice ! Ces rillettes s&rsquo;agr\u00e9mentent simplement d&rsquo;une pinc\u00e9e de fleur de sel de Gu\u00e9rande pour encore plus de saveur ! N&rsquo;oubliez pas de r\u00e9server votre petite verrine au frais quelques heures avant de servir, elle ne sera que meilleure.<br \/>\nIngr\u00e9dients<\/p>\n<p>NOIX DE SAINT-JACQUES* 33%, POISSON blanc, huile de colza, eau, carottes, vin blanc (SULFITES), fibres de canne \u00e0 sucre, LAIT \u00e9cr\u00e9m\u00e9 en poudre, \u00e9chalotes, sel, ciboulette, \u00e9paississants : gomme xanthane et gomme guar, ail, poivre<\/p>\n","protected":false},"featured_media":53036,"comment_status":"closed","ping_status":"closed","template":"","meta":[],"product_cat":[652,449],"product_tag":[],"supplier_id":24938,"supplier_sku":"","atum_controlled":true,"out_stock_date":null,"out_stock_threshold":null,"inheritable":false,"inbound_stock":null,"stock_on_hold":0,"sold_today":0,"sales_last_days":1,"out_stock_days":0,"lost_sales":0,"has_location":false,"update_date":"2026-04-10T10:54:05","atum_locations":[],"atum_stock_status":"instock","restock_status":false,"low_stock_amount":"","sales_update_date":"2026-04-10T10:54:05","calc_backorders":0,"_links":{"self":[{"href":"https:\/\/www.epicerie-lasource.org\/magasin\/wp-json\/wp\/v2\/product\/53035"}],"collection":[{"href":"https:\/\/www.epicerie-lasource.org\/magasin\/wp-json\/wp\/v2\/product"}],"about":[{"href":"https:\/\/www.epicerie-lasource.org\/magasin\/wp-json\/wp\/v2\/types\/product"}],"replies":[{"embeddable":true,"href":"https:\/\/www.epicerie-lasource.org\/magasin\/wp-json\/wp\/v2\/comments?post=53035"}],"wp:featuredmedia":[{"embeddable":true,"href":"https:\/\/www.epicerie-lasource.org\/magasin\/wp-json\/wp\/v2\/media\/53036"}],"wp:attachment":[{"href":"https:\/\/www.epicerie-lasource.org\/magasin\/wp-json\/wp\/v2\/media?parent=53035"}],"wp:term":[{"taxonomy":"product_cat","embeddable":true,"href":"https:\/\/www.epicerie-lasource.org\/magasin\/wp-json\/wp\/v2\/product_cat?post=53035"},{"taxonomy":"product_tag","embeddable":true,"href":"https:\/\/www.epicerie-lasource.org\/magasin\/wp-json\/wp\/v2\/product_tag?post=53035"}],"curies":[{"name":"wp","href":"https:\/\/api.w.org\/{rel}","templated":true}]}}